{"id":1192,"date":"2021-06-09T17:13:04","date_gmt":"2021-06-09T17:13:04","guid":{"rendered":"http:\/\/oem.yumacountysheriff.net\/?page_id=1192"},"modified":"2023-12-11T13:18:12","modified_gmt":"2023-12-11T13:18:12","slug":"avalanche","status":"publish","type":"page","link":"http:\/\/oem.yumacountysheriff.net\/es\/avalanche\/","title":{"rendered":"Avalanchas"},"content":{"rendered":"<style type=\"text\/css\" data-created_by=\"avia_inline_auto\" id=\"style-css-av-5bx3rs-394cf53e2e084b08361e96d046efefe6\">\n.avia-section.av-5bx3rs-394cf53e2e084b08361e96d046efefe6{\nbackground-repeat:no-repeat;\nbackground-image:url(http:\/\/oem.yumacountysheriff.net\/wp-content\/uploads\/2021\/06\/avalanche.jpg);\nbackground-position:50% 50%;\nbackground-attachment:scroll;\n}\n.avia-section.av-5bx3rs-394cf53e2e084b08361e96d046efefe6 .av-section-color-overlay{\nopacity:0.7;\nbackground-color:#000000;\n}\n<\/style>\n<div id='av_section_1'  class='avia-section av-5bx3rs-394cf53e2e084b08361e96d046efefe6 main_color avia-section-huge avia-no-border-styling  avia-builder-el-0  el_before_av_section  avia-builder-el-first  avia-full-stretch avia-bg-style-scroll av-section-color-overlay-active container_wrap fullsize'  data-section-bg-repeat='stretch'><div class=\"av-section-color-overlay-wrap\"><div class=\"av-section-color-overlay\"><\/div><div class='container av-section-cont-open' ><main  role=\"main\" itemprop=\"mainContentOfPage\"  class='template-page content  av-content-full alpha units'><div class='post-entry post-entry-type-page post-entry-1192'><div class='entry-content-wrapper clearfix'>\n\n<style type=\"text\/css\" data-created_by=\"avia_inline_auto\" id=\"style-css-av-kppq6fq5-4038e275a2b487339e5b4779a063b126\">\n#top .av-special-heading.av-kppq6fq5-4038e275a2b487339e5b4779a063b126{\npadding-bottom:0;\nfont-size:90px;\n}\nbody .av-special-heading.av-kppq6fq5-4038e275a2b487339e5b4779a063b126 .av-special-heading-tag .heading-char{\nfont-size:25px;\n}\n#top #wrap_all .av-special-heading.av-kppq6fq5-4038e275a2b487339e5b4779a063b126 .av-special-heading-tag{\nfont-size:90px;\n}\n.av-special-heading.av-kppq6fq5-4038e275a2b487339e5b4779a063b126 .av-subheading{\nfont-size:15px;\n}\n\n@media only screen and (min-width: 480px) and (max-width: 767px){ \n#top #wrap_all .av-special-heading.av-kppq6fq5-4038e275a2b487339e5b4779a063b126 .av-special-heading-tag{\nfont-size:0.8em;\n}\n}\n\n@media only screen and (max-width: 479px){ \n#top #wrap_all .av-special-heading.av-kppq6fq5-4038e275a2b487339e5b4779a063b126 .av-special-heading-tag{\nfont-size:0.8em;\n}\n}\n<\/style>\n<div  class='av-special-heading av-kppq6fq5-4038e275a2b487339e5b4779a063b126 av-special-heading-h1 blockquote modern-quote modern-centered  avia-builder-el-1  avia-builder-el-no-sibling  av-inherit-size av-linked-heading'><h1 class='av-special-heading-tag'  itemprop=\"headline\"  >Avalanchas<\/h1><div class=\"special-heading-border\"><div class=\"special-heading-inner-border\"><\/div><\/div><\/div>\n\n<\/div><\/div><\/main><!-- close content main element --><\/div><\/div><\/div>\n<style type=\"text\/css\" data-created_by=\"avia_inline_auto\" id=\"style-css-av-4nfz3c-aecf3dce31654e03be5503f9320a89ce\">\n.avia-section.av-4nfz3c-aecf3dce31654e03be5503f9320a89ce .av-section-color-overlay{\nopacity:0.7;\nbackground-color:#000000;\nbackground-image:url(http:\/\/oem.yumacountysheriff.net\/wp-content\/themes\/enfold\/images\/background-images\/grunge-big-light.png);\nbackground-repeat:repeat;\n}\n.avia-section.av-4nfz3c-aecf3dce31654e03be5503f9320a89ce .av-extra-border-element .av-extra-border-inner{\nbackground-color:#111111;\n}\n<\/style>\n<div id='av_section_2'  class='avia-section av-4nfz3c-aecf3dce31654e03be5503f9320a89ce main_color avia-section-huge avia-no-border-styling  avia-builder-el-2  el_after_av_section  avia-builder-el-last  avia-bg-style-fixed av-section-color-overlay-active av-arrow-down-section container_wrap fullsize'  ><div class=\"av-section-color-overlay-wrap\"><div class=\"av-section-color-overlay\"><\/div><div class='container av-section-cont-open' ><div class='template-page content  av-content-full alpha units'><div class='post-entry post-entry-type-page post-entry-1192'><div class='entry-content-wrapper clearfix'>\n\n<style type=\"text\/css\" data-created_by=\"avia_inline_auto\" id=\"style-css-av-esf4co-e108db4287e3e7059791dab1d181d626\">\n.flex_column.av-esf4co-e108db4287e3e7059791dab1d181d626{\nborder-radius:0px 0px 0px 0px;\npadding:0px 0px 0px 0px;\n}\n<\/style>\n<div  class='flex_column av-esf4co-e108db4287e3e7059791dab1d181d626 av_one_full  avia-builder-el-3  avia-builder-el-no-sibling  first flex_column_div av-zero-column-padding'     ><p><section  class='av_textblock_section av-174vp4-3c18b275aa2803646ba2dc6f3b31c40b'   itemscope=\"itemscope\" itemtype=\"https:\/\/schema.org\/CreativeWork\" ><div class='avia_textblock'  itemprop=\"text\" ><p>\u00bfSab\u00eda que Colorado es responsable de un tercio de todas las muertes por avalanchas en los Estados Unidos desde 1950? Participar en una gran variedad de deportes de invierno es una de las mejores ventajas de vivir en Colorado. Sin embargo, los deportes de invierno conllevan riesgos, especialmente en el caso de las actividades al aire libre.<\/p>\n<p>Approximately 2,300 avalanches are reported to the Colorado Avalanche Information Center (CAIC) every season, and as many as ten times more go unreported. Avalanches occur in the high mountains of Colorado as the result of snow accumulating on steep slopes. If the snowpack becomes unstable, it can suddenly release and rapidly descends downslope.\u00a0 Avalanches can exert forces great enough to destroy structures and uproot or snap off large trees.<\/p>\n<p>\u00bfQu\u00e9 causa una avalancha? La adici\u00f3n de peso a la acumulaci\u00f3n de nieve puede desencadenar una avalancha. El peso puede provenir de una nevada, nieve a la deriva, o de una persona que se desplace en moto de nieve, tabla de snowboard, esqu\u00ed o excursionismo. M\u00e1s del 75 por ciento de las muertes por avalanchas en Colorado son causadas por personas que realizan actividades al aire libre. Si usted es un entusiasta de las actividades al aire libre, explore la siguiente informaci\u00f3n para aprender m\u00e1s sobre c\u00f3mo mantenerse seguro al hacer actividades al aire libre. VIDEO: <a href=\"http:\/\/www.youtube.com\/watch?v=2VArYaqFn5c&amp;feature=youtu.be\" target=\"_blank\" rel=\"nofollow noopener\">Encuesta Geol\u00f3gica de Colorado<\/a> from the Colorado Geological Survey<\/p>\n<p><iframe loading=\"lazy\" title=\"Avalanche Safety Video\" src=\"https:\/\/www.youtube.com\/embed\/XWzRvbkSJKI?autoplay=0&amp;start=0&amp;rel=0\" width=\"854\" height=\"480\" frameborder=\"0\" allowfullscreen=\"allowfullscreen\" aria-label=\"Avalanche Safety Video\"><\/iframe><\/p>\n<\/div><\/section><br \/>\n<div  class='togglecontainer av-atfvfc-7612de8d4b45e1355259785e47ce0b7e  avia-builder-el-5  el_after_av_textblock  avia-builder-el-last  toggle_close_all' >\n<section class='av_toggle_section av-9pbweg-ce9945e34f197bb6392ceff6090d949a'  itemscope=\"itemscope\" itemtype=\"https:\/\/schema.org\/CreativeWork\" ><div role=\"tablist\" class=\"single_toggle\" data-tags=\"{All} \"  ><p id='toggle-toggle-id-1' data-fake-id='#toggle-id-1' class='toggler  av-title-above'  itemprop=\"headline\"  role='tab' tabindex='0' aria-controls='toggle-id-1' data-slide-speed=\"200\" data-title=\"Before An Avalanche\" data-title-open=\"\" data-aria_collapsed=\"Click to expand: Before An Avalanche\" data-aria_expanded=\"Click to collapse: Before An Avalanche\">Antes de una Avalancha<span class=\"toggle_icon\"><span class=\"vert_icon\"><\/span><span class=\"hor_icon\"><\/span><\/span><\/p><div id='toggle-id-1' aria-labelledby='toggle-toggle-id-1' role='region' class='toggle_wrap  av-title-above'  ><div class='toggle_content invers-color'  itemprop=\"text\" ><ul>\n<li>Compruebe las condiciones de la avalancha en el <a href=\"https:\/\/avalanche.state.co.us\/\" target=\"_blank\" rel=\"nofollow noopener\">Centro de Informaci\u00f3n sobre Avalanchas de Colorado<\/a> antes de aventurarse al campo.<\/li>\n<li>Est\u00e9 atento al terreno: las avalanchas comienzan en pendientes de 30 grados, pero pueden deslizarse en terrenos de menor \u00e1ngulo.<\/li>\n<li>La reciente actividad de avalanchas en la misma zona es un indicador de la inestabilidad de la nieve y una se\u00f1al de que pueden producirse m\u00e1s avalanchas.<\/li>\n<li>Llevar una baliza de avalancha, pala y sonda. Las mochilas con bolsas de aire o dispositivos de respiraci\u00f3n tambi\u00e9n pueden ayudar.<\/li>\n<li>Use un casco para protegerse de las lesiones en la cabeza.<\/li>\n<\/ul>\n<\/div><\/div><\/div><\/section>\n<section class='av_toggle_section av-85fxug-020095717d4905b2b5e13d4b39d19df7'  itemscope=\"itemscope\" itemtype=\"https:\/\/schema.org\/CreativeWork\" ><div role=\"tablist\" class=\"single_toggle\" data-tags=\"{All} \"  ><p id='toggle-toggle-id-2' data-fake-id='#toggle-id-2' class='toggler  av-title-above'  itemprop=\"headline\"  role='tab' tabindex='0' aria-controls='toggle-id-2' data-slide-speed=\"200\" data-title=\"During An Avalanche\" data-title-open=\"\" data-aria_collapsed=\"Click to expand: During An Avalanche\" data-aria_expanded=\"Click to collapse: During An Avalanche\">Durante una Avalancha<span class=\"toggle_icon\"><span class=\"vert_icon\"><\/span><span class=\"hor_icon\"><\/span><\/span><\/p><div id='toggle-id-2' aria-labelledby='toggle-toggle-id-2' role='region' class='toggle_wrap  av-title-above'  ><div class='toggle_content invers-color'  itemprop=\"text\" ><ul>\n<li>Intente salir de la losa de la avalancha manteniendo el impulso y orient\u00e1ndose hacia el borde del deslizamiento.<\/li>\n<li>\u201cNade\" contra la nieve para llegar a la parte de atr\u00e1s de la avalancha.<\/li>\n<li>Excave en la superficie para ir m\u00e1s despacio y deje pasar la mayor cantidad de escombros posible.<\/li>\n<li>Suj\u00e9tese de un \u00e1rbol u otro objeto estable.<\/li>\n<li>Si pierde los esqu\u00eds o la tabla de snowboard, ruede sobre su espalda con los pies apuntando hacia abajo.<\/li>\n<li>A medida que la avalancha se desacelera, intente empujar su mano o alguna parte de su cuerpo por encima de la superficie y luego ponga una mano delante de su cara para hacer un espacio de aire alrededor de su boca.<\/li>\n<\/ul>\n<\/div><\/div><\/div><\/section>\n<section class='av_toggle_section av-6050ns-80ea63261cc201ba8282dde16ece885f'  itemscope=\"itemscope\" itemtype=\"https:\/\/schema.org\/CreativeWork\" ><div role=\"tablist\" class=\"single_toggle\" data-tags=\"{All} \"  ><p id='toggle-toggle-id-3' data-fake-id='#toggle-id-3' class='toggler  av-title-above'  itemprop=\"headline\"  role='tab' tabindex='0' aria-controls='toggle-id-3' data-slide-speed=\"200\" data-title=\"After An Avalanche\" data-title-open=\"\" data-aria_collapsed=\"Click to expand: After An Avalanche\" data-aria_expanded=\"Click to collapse: After An Avalanche\">Despu\u00e9s de una Avalancha<span class=\"toggle_icon\"><span class=\"vert_icon\"><\/span><span class=\"hor_icon\"><\/span><\/span><\/p><div id='toggle-id-3' aria-labelledby='toggle-toggle-id-3' role='region' class='toggle_wrap  av-title-above'  ><div class='toggle_content invers-color'  itemprop=\"text\" ><ul>\n<li>Cambie su baliza de avalancha al modo de recepci\u00f3n para buscar otras v\u00edctimas.<\/li>\n<li>Notifique a las autoridades tan pronto como sea posible si un miembro de su grupo est\u00e1 desaparecido.<\/li>\n<li>Si todos los miembros de su grupo est\u00e1n a salvo, abandone el \u00e1rea tan r\u00e1pido y seguro como sea posible.<\/li>\n<\/ul>\n<\/div><\/div><\/div><\/section>\n<section class='av_toggle_section av-3lv3e0-bebb8fbfc1408fb6153eb52e8be8bc8d'  itemscope=\"itemscope\" itemtype=\"https:\/\/schema.org\/CreativeWork\" ><div role=\"tablist\" class=\"single_toggle\" data-tags=\"{All} \"  ><p id='toggle-toggle-id-4' data-fake-id='#toggle-id-4' class='toggler  av-title-above'  itemprop=\"headline\"  role='tab' tabindex='0' aria-controls='toggle-id-4' data-slide-speed=\"200\" data-title=\"More Avalanche Information\" data-title-open=\"\" data-aria_collapsed=\"Click to expand: More Avalanche Information\" data-aria_expanded=\"Click to collapse: More Avalanche Information\">M\u00e1s Informaci\u00f3n sobre Avalanchas<span class=\"toggle_icon\"><span class=\"vert_icon\"><\/span><span class=\"hor_icon\"><\/span><\/span><\/p><div id='toggle-id-4' aria-labelledby='toggle-toggle-id-4' role='region' class='toggle_wrap  av-title-above'  ><div class='toggle_content invers-color'  itemprop=\"text\" ><p>Referencias, Recursos y M\u00e1s Informaci\u00f3n:<\/p>\n<ul>\n<li><a href=\"https:\/\/avalanche.state.co.us\/\" target=\"_blank\" rel=\"nofollow noopener\">Centro de Informaci\u00f3n sobre Avalanchas de Colorado<\/a><\/li>\n<li><a href=\"https:\/\/www.avalanche.org\/\" target=\"_blank\" rel=\"nofollow noopener\">Avalanche.org<\/a><\/li>\n<li><a href=\"https:\/\/avtraining.org\/\" target=\"_blank\" rel=\"nofollow noopener\">El Instituto Americano de Investigaci\u00f3n y Educaci\u00f3n sobre Avalanchas<\/a><\/li>\n<\/ul>\n<\/div><\/div><\/div><\/section>\n<section class='av_toggle_section av-2ps9bc-b7c5f6e3adff2398a2393f982ae953bc'  itemscope=\"itemscope\" itemtype=\"https:\/\/schema.org\/CreativeWork\" ><div role=\"tablist\" class=\"single_toggle\" data-tags=\"{All} \"  ><p id='toggle-toggle-id-5' data-fake-id='#toggle-id-5' class='toggler  av-title-above'  itemprop=\"headline\"  role='tab' tabindex='0' aria-controls='toggle-id-5' data-slide-speed=\"200\" data-title=\"Avalanche: It Happened Here\" data-title-open=\"\" data-aria_collapsed=\"Click to expand: Avalanche: It Happened Here\" data-aria_expanded=\"Click to collapse: Avalanche: It Happened Here\">Avalancha: Aqu\u00ed Sucedi\u00f3<span class=\"toggle_icon\"><span class=\"vert_icon\"><\/span><span class=\"hor_icon\"><\/span><\/span><\/p><div id='toggle-id-5' aria-labelledby='toggle-toggle-id-5' role='region' class='toggle_wrap  av-title-above'  ><div class='toggle_content invers-color'  itemprop=\"text\" ><p>Un grupo de seis entusiastas de las actividades al aire libre que participaban en la Reuni\u00f3n al Aire Libre de Rocky Mountain High, un evento organizado para promover el snowboarding al aire libre y la seguridad en caso de avalanchas, se reunieron en la zona de esqu\u00ed de Loveland el 20 de abril de 2013. El grupo se dirigi\u00f3 hacia el paso de Loveland con la intenci\u00f3n de hacer un recorrido corto. Decidieron extenderse con aproximadamente 50 pies entre las personas mientras se dirig\u00edan a un peque\u00f1o rodal de \u00e1rboles. Los dos primeros miembros del grupo hab\u00edan llegado al peque\u00f1o rodal de \u00e1rboles, con los otros cuatro miembros cerca de ellos cuando sintieron un gran colapso. La grieta tard\u00f3 varios segundos en extenderse cuesta arriba y liberar la losa profunda. Tr\u00e1gicamente, cinco de los seis murieron en la avalancha, convirti\u00e9ndola en la m\u00e1s mortal de Colorado en 50 a\u00f1os.<\/p>\n<\/div><\/div><\/div><\/section>\n<\/div><\/p><\/div>","protected":false},"excerpt":{"rendered":"","protected":false},"author":1,"featured_media":0,"parent":0,"menu_order":0,"comment_status":"closed","ping_status":"closed","template":"","meta":{"footnotes":""},"class_list":["post-1192","page","type-page","status-publish","hentry"],"_links":{"self":[{"href":"http:\/\/oem.yumacountysheriff.net\/es\/wp-json\/wp\/v2\/pages\/1192","targetHints":{"allow":["GET"]}}],"collection":[{"href":"http:\/\/oem.yumacountysheriff.net\/es\/wp-json\/wp\/v2\/pages"}],"about":[{"href":"http:\/\/oem.yumacountysheriff.net\/es\/wp-json\/wp\/v2\/types\/page"}],"author":[{"embeddable":true,"href":"http:\/\/oem.yumacountysheriff.net\/es\/wp-json\/wp\/v2\/users\/1"}],"replies":[{"embeddable":true,"href":"http:\/\/oem.yumacountysheriff.net\/es\/wp-json\/wp\/v2\/comments?post=1192"}],"version-history":[{"count":9,"href":"http:\/\/oem.yumacountysheriff.net\/es\/wp-json\/wp\/v2\/pages\/1192\/revisions"}],"predecessor-version":[{"id":2320,"href":"http:\/\/oem.yumacountysheriff.net\/es\/wp-json\/wp\/v2\/pages\/1192\/revisions\/2320"}],"wp:attachment":[{"href":"http:\/\/oem.yumacountysheriff.net\/es\/wp-json\/wp\/v2\/media?parent=1192"}],"curies":[{"name":"wp","href":"https:\/\/api.w.org\/{rel}","templated":true}]}}