{"id":1207,"date":"2021-06-09T18:03:22","date_gmt":"2021-06-09T18:03:22","guid":{"rendered":"http:\/\/oem.yumacountysheriff.net\/?page_id=1207"},"modified":"2023-12-11T13:17:35","modified_gmt":"2023-12-11T13:17:35","slug":"earthquake","status":"publish","type":"page","link":"http:\/\/oem.yumacountysheriff.net\/es\/earthquake\/","title":{"rendered":"Terremotos"},"content":{"rendered":"<style type=\"text\/css\" data-created_by=\"avia_inline_auto\" id=\"style-css-av-6g4ajr-34b909eab00082c2ae565ea2d595410b\">\n.avia-section.av-6g4ajr-34b909eab00082c2ae565ea2d595410b{\nbackground-repeat:no-repeat;\nbackground-image:url(http:\/\/oem.yumacountysheriff.net\/wp-content\/uploads\/2021\/06\/earthquake.jpg);\nbackground-position:50% 50%;\nbackground-attachment:scroll;\n}\n.avia-section.av-6g4ajr-34b909eab00082c2ae565ea2d595410b .av-section-color-overlay{\nopacity:0.7;\nbackground-color:#000000;\n}\n<\/style>\n<div id='av_section_1'  class='avia-section av-6g4ajr-34b909eab00082c2ae565ea2d595410b main_color avia-section-huge avia-no-border-styling  avia-builder-el-0  el_before_av_section  avia-builder-el-first  avia-full-stretch avia-bg-style-scroll av-section-color-overlay-active container_wrap fullsize'  data-section-bg-repeat='stretch'><div class=\"av-section-color-overlay-wrap\"><div class=\"av-section-color-overlay\"><\/div><div class='container av-section-cont-open' ><main  role=\"main\" itemprop=\"mainContentOfPage\"  class='template-page content  av-content-full alpha units'><div class='post-entry post-entry-type-page post-entry-1207'><div class='entry-content-wrapper clearfix'>\n\n<style type=\"text\/css\" data-created_by=\"avia_inline_auto\" id=\"style-css-av-kpps32ov-6444d575c609ef017b6ba35c3e2bacad\">\n#top .av-special-heading.av-kpps32ov-6444d575c609ef017b6ba35c3e2bacad{\npadding-bottom:0;\nfont-size:90px;\n}\nbody .av-special-heading.av-kpps32ov-6444d575c609ef017b6ba35c3e2bacad .av-special-heading-tag .heading-char{\nfont-size:25px;\n}\n#top #wrap_all .av-special-heading.av-kpps32ov-6444d575c609ef017b6ba35c3e2bacad .av-special-heading-tag{\nfont-size:90px;\n}\n.av-special-heading.av-kpps32ov-6444d575c609ef017b6ba35c3e2bacad .av-subheading{\nfont-size:15px;\n}\n\n@media only screen and (min-width: 480px) and (max-width: 767px){ \n#top #wrap_all .av-special-heading.av-kpps32ov-6444d575c609ef017b6ba35c3e2bacad .av-special-heading-tag{\nfont-size:0.8em;\n}\n}\n\n@media only screen and (max-width: 479px){ \n#top #wrap_all .av-special-heading.av-kpps32ov-6444d575c609ef017b6ba35c3e2bacad .av-special-heading-tag{\nfont-size:0.8em;\n}\n}\n<\/style>\n<div  class='av-special-heading av-kpps32ov-6444d575c609ef017b6ba35c3e2bacad av-special-heading-h1 blockquote modern-quote modern-centered  avia-builder-el-1  avia-builder-el-no-sibling  av-inherit-size av-linked-heading'><h1 class='av-special-heading-tag'  itemprop=\"headline\"  >Terremotos<\/h1><div class=\"special-heading-border\"><div class=\"special-heading-inner-border\"><\/div><\/div><\/div>\n\n<\/div><\/div><\/main><!-- close content main element --><\/div><\/div><\/div>\n<style type=\"text\/css\" data-created_by=\"avia_inline_auto\" id=\"style-css-av-3k1q07-d020703aee68dc0a1ef4798d60314eef\">\n.avia-section.av-3k1q07-d020703aee68dc0a1ef4798d60314eef .av-section-color-overlay{\nopacity:0.7;\nbackground-color:#000000;\nbackground-image:url(http:\/\/oem.yumacountysheriff.net\/wp-content\/themes\/enfold\/images\/background-images\/grunge-big-light.png);\nbackground-repeat:repeat;\n}\n.avia-section.av-3k1q07-d020703aee68dc0a1ef4798d60314eef .av-extra-border-element .av-extra-border-inner{\nbackground-color:#111111;\n}\n<\/style>\n<div id='av_section_2'  class='avia-section av-3k1q07-d020703aee68dc0a1ef4798d60314eef main_color avia-section-huge avia-no-border-styling  avia-builder-el-2  el_after_av_section  avia-builder-el-last  avia-bg-style-fixed av-section-color-overlay-active av-arrow-down-section container_wrap fullsize'  ><div class=\"av-section-color-overlay-wrap\"><div class=\"av-section-color-overlay\"><\/div><div class='container av-section-cont-open' ><div class='template-page content  av-content-full alpha units'><div class='post-entry post-entry-type-page post-entry-1207'><div class='entry-content-wrapper clearfix'>\n\n<style type=\"text\/css\" data-created_by=\"avia_inline_auto\" id=\"style-css-av-8e8k7-0b82a7ddbc1cd469136138aa7b8377ed\">\n.flex_column.av-8e8k7-0b82a7ddbc1cd469136138aa7b8377ed{\nborder-radius:0px 0px 0px 0px;\npadding:0px 0px 0px 0px;\n}\n<\/style>\n<div  class='flex_column av-8e8k7-0b82a7ddbc1cd469136138aa7b8377ed av_one_full  avia-builder-el-3  avia-builder-el-no-sibling  first flex_column_div av-zero-column-padding'     ><p><section  class='av_textblock_section av-kpps2quq-4b51a9bf2efdf1847bc7603e0e07cb64'   itemscope=\"itemscope\" itemtype=\"https:\/\/schema.org\/CreativeWork\" ><div class='avia_textblock'  itemprop=\"text\" ><p>\u00bfSab\u00eda usted que hubo un terremoto de magnitud 5.3 en Trinidad en 2011?<\/p>\n<p>Todos los 50 estados y territorios de los Estados Unidos son vulnerables a los terremotos. La mayor\u00eda de las personas se sorprenden al saber que en Colorado ocurren terremotos. Aunque se considera que Colorado es una regi\u00f3n de actividad s\u00edsmica menor, existen muchas incertidumbres debido al muy corto per\u00edodo de tiempo para el que se dispone de datos hist\u00f3ricos. Algunos terremotos en Colorado ocurren naturalmente; otros son causados por acciones humanas. Los terremotos naturales ocurren cuando dos placas tect\u00f3nicas de la tierra se deslizan repentinamente una sobre la otra. Los humanos tambi\u00e9n pueden desencadenar terremotos a trav\u00e9s de actividades como la extracci\u00f3n de petr\u00f3leo y gas, el embalse de reservas, la inyecci\u00f3n de fluidos o la miner\u00eda.<\/p>\n<p>Los terremotos ocurren repentinamente, sin previo aviso, y pueden ocurrir en cualquier momento del a\u00f1o, de d\u00eda o de noche. Los terremotos pueden sentirse en grandes \u00e1reas, aunque normalmente duran menos de un minuto.  Durante un terremoto, recuerde TIRARSE AL SUELO, CUBRIRSE y ESPERAR. T\u00edrese al suelo y m\u00e9tase debajo de algo para cubrirse, luego ag\u00e1rrese hasta que pare el temblor.  \u00a1Revise la siguiente informaci\u00f3n para aprender m\u00e1s sobre lo que puedes hacer para estar seguro en caso de un terremoto!<\/p>\n<p><iframe loading=\"lazy\" title=\"Earthquake Safety Video\" src=\"https:\/\/www.youtube.com\/embed\/XBF4B8tm2tM?autoplay=0&amp;start=0&amp;rel=0\" width=\"854\" height=\"480\" frameborder=\"0\" allowfullscreen=\"allowfullscreen\" aria-label=\"Earthquake Safety Video\"><\/iframe><\/p>\n<\/div><\/section><br \/>\n<div  class='togglecontainer av-kpps5v5c-9c890667e1f914ff3b524932e93898b0  avia-builder-el-5  el_after_av_textblock  avia-builder-el-last  toggle_close_all' >\n<section class='av_toggle_section av-kpps46h9-611aab97c6abd74138e027857b73b4a1'  itemscope=\"itemscope\" itemtype=\"https:\/\/schema.org\/CreativeWork\" ><div role=\"tablist\" class=\"single_toggle\" data-tags=\"{All} \"  ><p id='toggle-toggle-id-1' data-fake-id='#toggle-id-1' class='toggler  av-title-above'  itemprop=\"headline\"  role='tab' tabindex='0' aria-controls='toggle-id-1' data-slide-speed=\"200\" data-title=\"Before An Earthquake\" data-title-open=\"\" data-aria_collapsed=\"Click to expand: Before An Earthquake\" data-aria_expanded=\"Click to collapse: Before An Earthquake\">Antes de un Terremoto<span class=\"toggle_icon\"><span class=\"vert_icon\"><\/span><span class=\"hor_icon\"><\/span><\/span><\/p><div id='toggle-id-1' aria-labelledby='toggle-toggle-id-1' role='region' class='toggle_wrap  av-title-above'  ><div class='toggle_content invers-color'  itemprop=\"text\" ><ul>\n<li>Asegure los muebles pesados, estantes y cuadros que puedan caer durante un terremoto.<\/li>\n<li>Almacene los art\u00edculos que se puedan romper, como botellas y vidrio, en armarios bajos y cerrados con cerradura.<\/li>\n<li>Almacene los herbicidas, pesticidas y productos inflamables en armarios bajos y cerrados con cerradura<\/li>\n<li>Prepare las luces superiores y objetos que est\u00e9n elevados sobre superficies.<\/li>\n<li>Repare cualquier grieta profunda en los techos o los cimientos. Obtenga asesoramiento de expertos si hay signos de defectos estructurales.<\/li>\n<li>Aseg\u00farese de que la residencia est\u00e9 firmemente anclada a sus cimientos.<\/li>\n<li>Revise las conexiones de la l\u00ednea de gas a los hornos, estufas y otros aparatos para asegurarse de que tienen conectores flexibles y reempl\u00e1celos cuando sea necesario.<\/li>\n<li>Localice lugares seguros en cada habitaci\u00f3n bajo una mesa resistente o contra una pared interior.<\/li>\n<li>Haga simulacros de terremoto con sus familiares: T\u00cdRESE AL SUELO, C\u00daBRASE y ESPERE.<\/li>\n<li>Construya un plan de comunicaci\u00f3n familiar. Aunque un terremoto puede interrumpir las comunicaciones, es posible que algunos servicios no se vean afectados o lo sean menos.<\/li>\n<li>Designe un lugar de reuni\u00f3n familiar y un lugar alternativo. Puede que no est\u00e9 en casa cuando ocurra un terremoto, as\u00ed que aseg\u00farese de que cada miembro de la familia sepa d\u00f3nde reunirse.<\/li>\n<li>Tenga un kit de emergencia para cada miembro de la familia, incluyendo alimentos, un suministro de agua para tres d\u00edas, art\u00edculos de tocador y cualquier otro art\u00edculo de cuidado especial que cada persona necesite.<\/li>\n<li>Converse con su familia para discutir sus planes de emergencia y c\u00f3mo cada miembro puede trabajar en conjunto para mantener a todos a salvo. Practiquen su plan varias veces al a\u00f1o.<\/li>\n<\/ul>\n<\/div><\/div><\/div><\/section>\n<section class='av_toggle_section av-kpps4mxt-49f9ff083d36aefdc9ed35e5747b3e98'  itemscope=\"itemscope\" itemtype=\"https:\/\/schema.org\/CreativeWork\" ><div role=\"tablist\" class=\"single_toggle\" data-tags=\"{All} \"  ><p id='toggle-toggle-id-2' data-fake-id='#toggle-id-2' class='toggler  av-title-above'  itemprop=\"headline\"  role='tab' tabindex='0' aria-controls='toggle-id-2' data-slide-speed=\"200\" data-title=\"During An Earthquake\" data-title-open=\"\" data-aria_collapsed=\"Click to expand: During An Earthquake\" data-aria_expanded=\"Click to collapse: During An Earthquake\">Durante un Terremoto<span class=\"toggle_icon\"><span class=\"vert_icon\"><\/span><span class=\"hor_icon\"><\/span><\/span><\/p><div id='toggle-id-2' aria-labelledby='toggle-toggle-id-2' role='region' class='toggle_wrap  av-title-above'  ><div class='toggle_content invers-color'  itemprop=\"text\" ><ul>\n<li>P\u00f3ngase de rodillas, evitando as\u00ed caerse por el movimiento s\u00edsmico.<\/li>\n<li>M\u00e9tase debajo de una mesa o escritorio resistente y, como m\u00ednimo, c\u00fabrase la cabeza y el cuello (todo el cuerpo si es posible).<\/li>\n<li>Mant\u00e9ngase en su cobertura (y cubra su cabeza y cuello) hasta que el movimiento s\u00edsmico se acabe.<\/li>\n<li>Mant\u00e9ngase alejado de los vidrios, ventanas, puertas y paredes exteriores, y de cualquier cosa que pueda caer.<\/li>\n<li>Qu\u00e9dese en la cama si est\u00e1 all\u00ed cuando el terremoto ocurra. Ag\u00e1rrese y proteja su cabeza con una almohada, a menos que est\u00e9 bajo una l\u00e1mpara pesada que pueda caerse. En ese caso, mu\u00e9vase al lugar seguro m\u00e1s cercano.<\/li>\n<li>No utilice una puerta a menos que sepa que es una puerta con un fuerte soporte, de carga y que est\u00e1 cerca de usted. Muchas puertas interiores est\u00e1n ligeramente construidas y no ofrecen protecci\u00f3n.<\/li>\n<li>Permanezca dentro hasta que el temblor se detenga y sea seguro salir. No salga del edificio durante el temblor. Las investigaciones han demostrado que la mayor\u00eda de las lesiones se producen cuando las personas dentro de los edificios intentan moverse a un lugar diferente dentro del edificio o tratan de salir.<\/li>\n<li>No utilice ascensores.<\/li>\n<li>Tenga en cuenta que la electricidad puede cortarse o que los sistemas de rociadores o las alarmas contra incendios pueden encenderse.<\/li>\n<\/ul>\n<\/div><\/div><\/div><\/section>\n<section class='av_toggle_section av-kpps4mxt-3-66bcc039c612f90f61e3cc3df5899147'  itemscope=\"itemscope\" itemtype=\"https:\/\/schema.org\/CreativeWork\" ><div role=\"tablist\" class=\"single_toggle\" data-tags=\"{All} \"  ><p id='toggle-toggle-id-3' data-fake-id='#toggle-id-3' class='toggler  av-title-above'  itemprop=\"headline\"  role='tab' tabindex='0' aria-controls='toggle-id-3' data-slide-speed=\"200\" data-title=\"After An Earthquake\" data-title-open=\"\" data-aria_collapsed=\"Click to expand: After An Earthquake\" data-aria_expanded=\"Click to collapse: After An Earthquake\">Despu\u00e9s de un Terremoto<span class=\"toggle_icon\"><span class=\"vert_icon\"><\/span><span class=\"hor_icon\"><\/span><\/span><\/p><div id='toggle-id-3' aria-labelledby='toggle-toggle-id-3' role='region' class='toggle_wrap  av-title-above'  ><div class='toggle_content invers-color'  itemprop=\"text\" ><ul>\n<li>Cuando el temblor se detenga, mire a su alrededor para asegurarse de que es seguro moverse, y luego salga del edificio.<\/li>\n<li>Espere r\u00e9plicas. Estas ondas de choque secundarias suelen ser menos violentas que el terremoto principal, pero pueden ser lo suficientemente fuertes como para causar da\u00f1os adicionales a las estructuras debilitadas y pueden ocurrir en las primeras horas, d\u00edas, semanas o incluso meses despu\u00e9s.<\/li>\n<li>Ayude a las personas heridas o atrapadas. Recuerde ayudar a sus vecinos que puedan necesitar asistencia especial, como beb\u00e9s, ancianos y personas con acceso y necesidades funcionales. D\u00e9 los primeros auxilios cuando sea apropiado. No mueva a las personas gravemente heridas a menos que est\u00e9n en peligro inmediato de sufrir m\u00e1s lesiones. Pida ayuda.<\/li>\n<li>Busque y extinga peque\u00f1os incendios. El fuego es el peligro m\u00e1s com\u00fan despu\u00e9s de un terremoto.<\/li>\n<li>Escuche la radio o la televisi\u00f3n a pilas para obtener la \u00faltima informaci\u00f3n de emergencia.<\/li>\n<li>S\u00f3lo use el tel\u00e9fono para llamadas de emergencia.<\/li>\n<li>Mant\u00e9ngase alejado de las zonas da\u00f1adas a menos que la polic\u00eda, los bomberos o las organizaciones de socorro hayan solicitado espec\u00edficamente su ayuda. Regrese a su casa s\u00f3lo cuando las autoridades digan que es seguro hacerlo.<\/li>\n<li>No conduzca a menos que sea absolutamente necesario. Si debe hacerlo, tenga cuidado al conducir despu\u00e9s y antic\u00edpese a los apagones de los sem\u00e1foros.<\/li>\n<li>Abra los armarios con cuidado. Tenga cuidado con los objetos que puedan caerse de los estantes.<\/li>\n<li>P\u00f3ngase los pantalones largos, una camisa de manga larga, zapatos resistentes y guantes de trabajo para protegerse de las lesiones por objetos rotos.<\/li>\n<li>Limpie inmediatamente los medicamentos derramados, los blanqueadores, la gasolina u otros l\u00edquidos inflamables. Abandone el \u00e1rea si huele a gas o a vapores de otros productos qu\u00edmicos.<\/li>\n<\/ul>\n<\/div><\/div><\/div><\/section>\n<section class='av_toggle_section av-kpps4mxt-2-43597f9d19b3bd8e04f5988349361ef7'  itemscope=\"itemscope\" itemtype=\"https:\/\/schema.org\/CreativeWork\" ><div role=\"tablist\" class=\"single_toggle\" data-tags=\"{All} \"  ><p id='toggle-toggle-id-4' data-fake-id='#toggle-id-4' class='toggler  av-title-above'  itemprop=\"headline\"  role='tab' tabindex='0' aria-controls='toggle-id-4' data-slide-speed=\"200\" data-title=\"More Earthquake Information\" data-title-open=\"\" data-aria_collapsed=\"Click to expand: More Earthquake Information\" data-aria_expanded=\"Click to collapse: More Earthquake Information\">M\u00e1s Informaci\u00f3n sobre Terremotos<span class=\"toggle_icon\"><span class=\"vert_icon\"><\/span><span class=\"hor_icon\"><\/span><\/span><\/p><div id='toggle-id-4' aria-labelledby='toggle-toggle-id-4' role='region' class='toggle_wrap  av-title-above'  ><div class='toggle_content invers-color'  itemprop=\"text\" ><ul>\n<li><a href=\"http:\/\/www.ready.gov\/earthquakes\" target=\"_blank\" rel=\"nofollow noopener\">Ready.gov \u2013 Terremotos<\/a><\/li>\n<li><a href=\"http:\/\/www.redcross.org\/prepare\/disaster\/earthquake\" target=\"_blank\" rel=\"nofollow noopener\">Cruz Roja - Preparaci\u00f3n para los Terremotos<\/a><\/li>\n<li><a href=\"http:\/\/earthquake.usgs.gov\/earthquakes\/?source=sitenav\" target=\"_blank\" rel=\"nofollow noopener\">Servicio Geol\u00f3gico de los Estados Unidos - Terremotos<\/a><\/li>\n<li><a href=\"http:\/\/www.earthquakecountry.info\/\" target=\"_blank\" rel=\"nofollow noopener\">Earthquake Country Alliance<\/a><\/li>\n<li><a href=\"http:\/\/www.fema.gov\/earthquake\" target=\"_blank\" rel=\"nofollow noopener\">Agencia Federal para el Manejo de Emergencias - Terremotos<\/a><\/li>\n<li><a href=\"http:\/\/www.nehrp.gov\/\" target=\"_blank\" rel=\"nofollow noopener\">Programa Nacional de Reducci\u00f3n de Riesgos S\u00edsmicos<\/a><\/li>\n<\/ul>\n<\/div><\/div><\/div><\/section>\n<section class='av_toggle_section av-kpps4mxt-1-daed1d0582fc2b4af7d75c392e9aa9aa'  itemscope=\"itemscope\" itemtype=\"https:\/\/schema.org\/CreativeWork\" ><div role=\"tablist\" class=\"single_toggle\" data-tags=\"{All} \"  ><p id='toggle-toggle-id-5' data-fake-id='#toggle-id-5' class='toggler  av-title-above'  itemprop=\"headline\"  role='tab' tabindex='0' aria-controls='toggle-id-5' data-slide-speed=\"200\" data-title=\"Earthquake: It Happened Here\" data-title-open=\"\" data-aria_collapsed=\"Click to expand: Earthquake: It Happened Here\" data-aria_expanded=\"Click to collapse: Earthquake: It Happened Here\">Terremotos: Aqu\u00ed Sucedi\u00f3<span class=\"toggle_icon\"><span class=\"vert_icon\"><\/span><span class=\"hor_icon\"><\/span><\/span><\/p><div id='toggle-id-5' aria-labelledby='toggle-toggle-id-5' role='region' class='toggle_wrap  av-title-above'  ><div class='toggle_content invers-color'  itemprop=\"text\" ><p>El 22 de agosto de 2011, un terremoto de magnitud 5.3 sacudi\u00f3 aproximadamente nueve millas al suroeste de Trinidad, Colorado. Se produjeron importantes da\u00f1os en los edificios de las ciudades de Segundo y Valdez, a 15 millas al oeste de Trinidad. Cuarenta y seis estructuras fueron da\u00f1adas y dos residencias fueron clausuradas.<\/p>\n<\/div><\/div><\/div><\/section>\n<\/div><\/p><\/div>","protected":false},"excerpt":{"rendered":"","protected":false},"author":1,"featured_media":0,"parent":0,"menu_order":0,"comment_status":"closed","ping_status":"closed","template":"","meta":{"footnotes":""},"class_list":["post-1207","page","type-page","status-publish","hentry"],"_links":{"self":[{"href":"http:\/\/oem.yumacountysheriff.net\/es\/wp-json\/wp\/v2\/pages\/1207","targetHints":{"allow":["GET"]}}],"collection":[{"href":"http:\/\/oem.yumacountysheriff.net\/es\/wp-json\/wp\/v2\/pages"}],"about":[{"href":"http:\/\/oem.yumacountysheriff.net\/es\/wp-json\/wp\/v2\/types\/page"}],"author":[{"embeddable":true,"href":"http:\/\/oem.yumacountysheriff.net\/es\/wp-json\/wp\/v2\/users\/1"}],"replies":[{"embeddable":true,"href":"http:\/\/oem.yumacountysheriff.net\/es\/wp-json\/wp\/v2\/comments?post=1207"}],"version-history":[{"count":6,"href":"http:\/\/oem.yumacountysheriff.net\/es\/wp-json\/wp\/v2\/pages\/1207\/revisions"}],"predecessor-version":[{"id":2297,"href":"http:\/\/oem.yumacountysheriff.net\/es\/wp-json\/wp\/v2\/pages\/1207\/revisions\/2297"}],"wp:attachment":[{"href":"http:\/\/oem.yumacountysheriff.net\/es\/wp-json\/wp\/v2\/media?parent=1207"}],"curies":[{"name":"wp","href":"https:\/\/api.w.org\/{rel}","templated":true}]}}