{"id":1211,"date":"2021-06-09T18:15:38","date_gmt":"2021-06-09T18:15:38","guid":{"rendered":"http:\/\/oem.yumacountysheriff.net\/?page_id=1211"},"modified":"2023-12-10T21:50:15","modified_gmt":"2023-12-10T21:50:15","slug":"epidemic-pandemic","status":"publish","type":"page","link":"http:\/\/oem.yumacountysheriff.net\/es\/epidemic-pandemic\/","title":{"rendered":"Epidemias\/Pandemias"},"content":{"rendered":"<style type=\"text\/css\" data-created_by=\"avia_inline_auto\" id=\"style-css-av-884tij-96874fac74329da030ed0ffc96d9605c\">\n.avia-section.av-884tij-96874fac74329da030ed0ffc96d9605c{\nbackground-repeat:no-repeat;\nbackground-image:url(http:\/\/oem.yumacountysheriff.net\/wp-content\/uploads\/2021\/06\/epidemic.jpg);\nbackground-position:50% 50%;\nbackground-attachment:scroll;\n}\n.avia-section.av-884tij-96874fac74329da030ed0ffc96d9605c .av-section-color-overlay{\nopacity:0.7;\nbackground-color:#000000;\n}\n<\/style>\n<div id='av_section_1'  class='avia-section av-884tij-96874fac74329da030ed0ffc96d9605c main_color avia-section-huge avia-no-border-styling  avia-builder-el-0  el_before_av_section  avia-builder-el-first  avia-full-stretch avia-bg-style-scroll av-section-color-overlay-active container_wrap fullsize'  data-section-bg-repeat='stretch'><div class=\"av-section-color-overlay-wrap\"><div class=\"av-section-color-overlay\"><\/div><div class='container av-section-cont-open' ><main  role=\"main\" itemprop=\"mainContentOfPage\"  class='template-page content  av-content-full alpha units'><div class='post-entry post-entry-type-page post-entry-1211'><div class='entry-content-wrapper clearfix'>\n\n<style type=\"text\/css\" data-created_by=\"avia_inline_auto\" id=\"style-css-av-6lx1zf-aec4518a3ccaa2fdb5a0d9f14d847717\">\n#top .av-special-heading.av-6lx1zf-aec4518a3ccaa2fdb5a0d9f14d847717{\npadding-bottom:0;\nfont-size:90px;\n}\nbody .av-special-heading.av-6lx1zf-aec4518a3ccaa2fdb5a0d9f14d847717 .av-special-heading-tag .heading-char{\nfont-size:25px;\n}\n#top #wrap_all .av-special-heading.av-6lx1zf-aec4518a3ccaa2fdb5a0d9f14d847717 .av-special-heading-tag{\nfont-size:90px;\n}\n.av-special-heading.av-6lx1zf-aec4518a3ccaa2fdb5a0d9f14d847717 .av-subheading{\nfont-size:15px;\n}\n\n@media only screen and (min-width: 480px) and (max-width: 767px){ \n#top #wrap_all .av-special-heading.av-6lx1zf-aec4518a3ccaa2fdb5a0d9f14d847717 .av-special-heading-tag{\nfont-size:0.8em;\n}\n}\n\n@media only screen and (max-width: 479px){ \n#top #wrap_all .av-special-heading.av-6lx1zf-aec4518a3ccaa2fdb5a0d9f14d847717 .av-special-heading-tag{\nfont-size:0.8em;\n}\n}\n<\/style>\n<div  class='av-special-heading av-6lx1zf-aec4518a3ccaa2fdb5a0d9f14d847717 av-special-heading-h1 blockquote modern-quote modern-centered  avia-builder-el-1  avia-builder-el-no-sibling  av-inherit-size av-linked-heading'><h1 class='av-special-heading-tag'  itemprop=\"headline\"  >Epidemias\/Pandemias<\/h1><div class=\"special-heading-border\"><div class=\"special-heading-inner-border\"><\/div><\/div><\/div>\n\n<\/div><\/div><\/main><!-- close content main element --><\/div><\/div><\/div>\n<style type=\"text\/css\" data-created_by=\"avia_inline_auto\" id=\"style-css-av-4nqowr-af8a5b776dd0940ecb2c0d18af548e92\">\n.avia-section.av-4nqowr-af8a5b776dd0940ecb2c0d18af548e92 .av-section-color-overlay{\nopacity:0.7;\nbackground-color:#000000;\nbackground-image:url(http:\/\/oem.yumacountysheriff.net\/wp-content\/themes\/enfold\/images\/background-images\/grunge-big-light.png);\nbackground-repeat:repeat;\n}\n.avia-section.av-4nqowr-af8a5b776dd0940ecb2c0d18af548e92 .av-extra-border-element .av-extra-border-inner{\nbackground-color:#111111;\n}\n<\/style>\n<div id='av_section_2'  class='avia-section av-4nqowr-af8a5b776dd0940ecb2c0d18af548e92 main_color avia-section-huge avia-no-border-styling  avia-builder-el-2  el_after_av_section  avia-builder-el-last  avia-bg-style-fixed av-section-color-overlay-active av-arrow-down-section container_wrap fullsize'  ><div class=\"av-section-color-overlay-wrap\"><div class=\"av-section-color-overlay\"><\/div><div class='container av-section-cont-open' ><div class='template-page content  av-content-full alpha units'><div class='post-entry post-entry-type-page post-entry-1211'><div class='entry-content-wrapper clearfix'>\n\n<style type=\"text\/css\" data-created_by=\"avia_inline_auto\" id=\"style-css-av-1yhbiz-142a1c6c7bcfd8d2d931b232699d75a0\">\n.flex_column.av-1yhbiz-142a1c6c7bcfd8d2d931b232699d75a0{\nborder-radius:0px 0px 0px 0px;\npadding:0px 0px 0px 0px;\n}\n<\/style>\n<div  class='flex_column av-1yhbiz-142a1c6c7bcfd8d2d931b232699d75a0 av_one_full  avia-builder-el-3  avia-builder-el-no-sibling  first flex_column_div av-zero-column-padding'     ><p><section  class='av_textblock_section av-kppsjm9c-3a53f174dbbe5995c7152178869ae2e8'   itemscope=\"itemscope\" itemtype=\"https:\/\/schema.org\/CreativeWork\" ><div class='avia_textblock'  itemprop=\"text\" ><p>\u00bfCu\u00e1l es la diferencia entre una epidemia y una pandemia?<\/p>\n<p>Una epidemia es la r\u00e1pida propagaci\u00f3n de una enfermedad que afecta a algunas o a muchas personas de una comunidad o regi\u00f3n al mismo tiempo. Una pandemia es un brote de una enfermedad que afecta a un gran n\u00famero de personas en todo el mundo y se propaga r\u00e1pidamente.<\/p>\n<p>La gripe o pandemia de la gripe se produce cuando aparece un nuevo virus de la gripe que se propaga f\u00e1cilmente de persona a persona y en todo el mundo. Como el virus es nuevo, la poblaci\u00f3n humana tiene poca o ninguna inmunidad contra \u00e9l. La mayor\u00eda de los expertos creen que los virus de la gripe se propagan principalmente por medio de gotitas que se producen cuando las personas con gripe tosen, estornudan o hablan. Estas gotitas pueden caer en la boca o la nariz de las personas que est\u00e1n cerca. Adem\u00e1s, una persona puede contraer la gripe al tocar una superficie u objeto que tenga el virus de la gripe y luego tocarse la boca, los ojos o posiblemente la nariz. La mayor\u00eda de los adultos sanos pueden contagiar a otros empezando un d\u00eda antes de que se desarrollen los s\u00edntomas y hasta cinco o siete d\u00edas despu\u00e9s de enfermarse.<\/p>\n<p>Los expertos no pueden predecir cu\u00e1ndo puede ocurrir la pr\u00f3xima pandemia de gripe o cu\u00e1n grave ser\u00e1, pero hay varias cosas que se pueden hacer para prepararse para una pandemia de gripe \u2500 explorar la informaci\u00f3n a continuaci\u00f3n para obtener m\u00e1s informaci\u00f3n.<\/p>\n<p><iframe loading=\"lazy\" title=\"Epidemic Safety Video\" src=\"https:\/\/www.youtube.com\/embed\/WgwebelSj-c?autoplay=0&amp;start=0&amp;rel=0\" width=\"854\" height=\"480\" frameborder=\"0\" allowfullscreen=\"allowfullscreen\" aria-label=\"Epidemic Safety Video\"><\/iframe><\/p>\n<\/div><\/section><br \/>\n<div  class='togglecontainer av-kppslmn2-3fa1c8a8057bd9b8072c32810c26e7e7  avia-builder-el-5  el_after_av_textblock  avia-builder-el-last  toggle_close_all' >\n<section class='av_toggle_section av-kppska6z-60489022994b522f8c8ff22b7b230679'  itemscope=\"itemscope\" itemtype=\"https:\/\/schema.org\/CreativeWork\" ><div role=\"tablist\" class=\"single_toggle\" data-tags=\"{All} \"  ><p id='toggle-toggle-id-1' data-fake-id='#toggle-id-1' class='toggler  av-title-above'  itemprop=\"headline\"  role='tab' tabindex='0' aria-controls='toggle-id-1' data-slide-speed=\"200\" data-title=\"Before an Epidemic\" data-title-open=\"\" data-aria_collapsed=\"Click to expand: Before an Epidemic\" data-aria_expanded=\"Click to collapse: Before an Epidemic\">Antes de una Epidemia<span class=\"toggle_icon\"><span class=\"vert_icon\"><\/span><span class=\"hor_icon\"><\/span><\/span><\/p><div id='toggle-id-1' aria-labelledby='toggle-toggle-id-1' role='region' class='toggle_wrap  av-title-above'  ><div class='toggle_content invers-color'  itemprop=\"text\" ><ul>\n<li>La mejor manera de prevenir la gripe es vacunarse contra la gripe cada temporada. Alrededor de dos semanas despu\u00e9s de recibir la vacuna, se desarrollan anticuerpos que protegen contra la infecci\u00f3n del virus de la gripe.<\/li>\n<li>Almacena un suministro de agua y comida para dos semanas. Durante una pandemia, si no puedes llegar a una tienda, o si las tiendas se quedan sin suministros, ser\u00e1 importante que tengas a mano suministros extra.<\/li>\n<li>Revise peri\u00f3dicamente sus medicamentos de venta con receta m\u00e9dica para asegurarse de tener un suministro continuo en su casa.<\/li>\n<li>Tenga a mano cualquier medicamento de venta sin receta y otros suministros de salud, incluyendo analg\u00e9sicos, remedios para el est\u00f3mago, medicamentos para la tos y el resfriado, l\u00edquidos con electrolitos y vitaminas.<\/li>\n<li>Hable con los miembros de la familia y seres queridos sobre c\u00f3mo se les cuidar\u00eda si se enfermaran, o qu\u00e9 se necesitar\u00e1 para cuidarlos en su casa.<\/li>\n<li>Se ofrecen como voluntarios en los grupos locales para preparar y ayudar en la respuesta a la emergencia.<\/li>\n<li>Vac\u00fanese.<\/li>\n<li>Practique una buena higiene lav\u00e1ndose las manos a menudo, cubri\u00e9ndose la boca al toser, y manteniendo la distancia de los individuos obviamente enfermos.<\/li>\n<li>Conozca los signos y s\u00edntomas de la gripe y otras enfermedades para poder limitar el contacto con personas infectadas y buscar atenci\u00f3n m\u00e9dica para usted mismo si se infecta.<\/li>\n<\/ul>\n<\/div><\/div><\/div><\/section>\n<section class='av_toggle_section av-kppskupi-a81dfce5a21083921922930d42b79eea'  itemscope=\"itemscope\" itemtype=\"https:\/\/schema.org\/CreativeWork\" ><div role=\"tablist\" class=\"single_toggle\" data-tags=\"{All} \"  ><p id='toggle-toggle-id-2' data-fake-id='#toggle-id-2' class='toggler  av-title-above'  itemprop=\"headline\"  role='tab' tabindex='0' aria-controls='toggle-id-2' data-slide-speed=\"200\" data-title=\"During an Epidemic\" data-title-open=\"\" data-aria_collapsed=\"Click to expand: During an Epidemic\" data-aria_expanded=\"Click to collapse: During an Epidemic\">Durante una Epidemia<span class=\"toggle_icon\"><span class=\"vert_icon\"><\/span><span class=\"hor_icon\"><\/span><\/span><\/p><div id='toggle-id-2' aria-labelledby='toggle-toggle-id-2' role='region' class='toggle_wrap  av-title-above'  ><div class='toggle_content invers-color'  itemprop=\"text\" ><ul>\n<li>Evite el contacto cercano con personas que est\u00e9n enfermas, mantenga distancia de otros para evitar enfermarse.<\/li>\n<li>Si est\u00e1 enfermo con una enfermedad similar a la gripe, qu\u00e9dese en casa durante al menos 24 horas despu\u00e9s de que la fiebre haya desaparecido sin haber usado medicamentos antifebriles, lo que ayudar\u00e1 a evitar que otros se contagien de su enfermedad.<\/li>\n<li>C\u00fabrase la boca y nariz con un pa\u00f1uelo de papel desechable al toser o estornudar.<\/li>\n<li>Lavarse las manos frecuentemente ayudar\u00e1 a protegerse de los g\u00e9rmenes.<\/li>\n<li>Evite tocarse los ojos, nariz y boca. A menudo, los g\u00e9rmenes se propagan cuando una persona toca algo que est\u00e1 contaminado con estos y, acto siguiente, se toca los ojos, nariz o boca.<\/li>\n<li>Practique otros buenos h\u00e1bitos de salud. Duerma mucho, sea f\u00edsicamente activo, controle su estr\u00e9s, beba muchos l\u00edquidos y coma alimentos nutritivos.<\/li>\n<\/ul>\n<\/div><\/div><\/div><\/section>\n<section class='av_toggle_section av-kppskupi-2-8c26c4e60133ec4e3f10953fa0187ff7'  itemscope=\"itemscope\" itemtype=\"https:\/\/schema.org\/CreativeWork\" ><div role=\"tablist\" class=\"single_toggle\" data-tags=\"{All} \"  ><p id='toggle-toggle-id-3' data-fake-id='#toggle-id-3' class='toggler  av-title-above'  itemprop=\"headline\"  role='tab' tabindex='0' aria-controls='toggle-id-3' data-slide-speed=\"200\" data-title=\"More Epidemic Information\" data-title-open=\"\" data-aria_collapsed=\"Click to expand: More Epidemic Information\" data-aria_expanded=\"Click to collapse: More Epidemic Information\">M\u00e1s Informaci\u00f3n sobre Epidemias<span class=\"toggle_icon\"><span class=\"vert_icon\"><\/span><span class=\"hor_icon\"><\/span><\/span><\/p><div id='toggle-id-3' aria-labelledby='toggle-toggle-id-3' role='region' class='toggle_wrap  av-title-above'  ><div class='toggle_content invers-color'  itemprop=\"text\" ><p>Referencias, recursos e informaci\u00f3n adicional:<\/p>\n<ul>\n<li><a href=\"http:\/\/www.ready.gov\/pandemic\" target=\"_blank\" rel=\"nofollow noopener\">Ready.gov - Pandemias<\/a><\/li>\n<li><a href=\"http:\/\/www.cdc.gov\/\" target=\"_blank\" rel=\"nofollow noopener\">Centros para el Control y Prevenci\u00f3n de Enfermedades<\/a><\/li>\n<li><a href=\"http:\/\/www.colorado.gov\/cs\/Satellite\/CDPHE-Main\/CBON\/1251583470000\" target=\"_blank\" rel=\"nofollow noopener\">Departamento de Salud P\u00fablica y Medio Ambiente de Colorado<\/a><\/li>\n<li><a href=\"http:\/\/www.flu.gov\/#\" target=\"_blank\" rel=\"nofollow noopener\">Flu.gov<\/a><\/li>\n<li><a href=\"http:\/\/www.flu.gov\/pandemic\/history\/1918\/your_state\/northwest\/colorado\/index.html\" target=\"_blank\" rel=\"nofollow noopener\">Departamento de Salud y Servicios Sociales de los Estados Unidos<\/a><\/li>\n<\/ul>\n<\/div><\/div><\/div><\/section>\n<section class='av_toggle_section av-kppskupi-1-bca1db1061b52bc0af65c7ee840e0825'  itemscope=\"itemscope\" itemtype=\"https:\/\/schema.org\/CreativeWork\" ><div role=\"tablist\" class=\"single_toggle\" data-tags=\"{All} \"  ><p id='toggle-toggle-id-4' data-fake-id='#toggle-id-4' class='toggler  av-title-above'  itemprop=\"headline\"  role='tab' tabindex='0' aria-controls='toggle-id-4' data-slide-speed=\"200\" data-title=\"Epidemic: It Happened Here\" data-title-open=\"\" data-aria_collapsed=\"Click to expand: Epidemic: It Happened Here\" data-aria_expanded=\"Click to collapse: Epidemic: It Happened Here\">Epidemia: Aqu\u00ed Sucedi\u00f3<span class=\"toggle_icon\"><span class=\"vert_icon\"><\/span><span class=\"hor_icon\"><\/span><\/span><\/p><div id='toggle-id-4' aria-labelledby='toggle-toggle-id-4' role='region' class='toggle_wrap  av-title-above'  ><div class='toggle_content invers-color'  itemprop=\"text\" ><p>El virus de la gripe H1N1 se detect\u00f3 por primera vez en los Estados Unidos en abril de 2009. Este virus era una combinaci\u00f3n \u00fanica de genes de virus de la gripe nunca antes identificados en animales o personas. La infecci\u00f3n con este nuevo virus de la gripe A (entonces denominada gripe porcina) se detect\u00f3 por primera vez en un paciente de 10 a\u00f1os de edad en California. Una vez que el virus comenz\u00f3 a transmitirse de persona a persona, pas\u00f3 a denominarse H1N1, lo que refleja su composici\u00f3n gen\u00e9tica. El virus comenz\u00f3 a propagarse a otros estados y luego a nivel internacional a M\u00e9xico y Canad\u00e1. A finales de abril, los Centros para el Control de Enfermedades (CDC, por sus siglas en ingl\u00e9s) y la Organizaci\u00f3n Mundial de la Salud (WHO, por sus siglas en ingl\u00e9s) determinaron que era inminente una pandemia y ambas organizaciones recomendaron a los organismos de salud p\u00fablica que aplicaran sus planes contra la gripe pand\u00e9mica. Los organismos de salud p\u00fablica comenzaron a prepararse para las cl\u00ednicas de vacunaci\u00f3n masiva. Despu\u00e9s de la puesta en marcha de las cl\u00ednicas, se produjo una disminuci\u00f3n constante del n\u00famero de hospitalizaciones. Al 14 de noviembre de 2009, un total de 1769 hospitalizaciones relacionadas con esta gripe de 51 condados distintos hab\u00edan sido reportadas dentro de Colorado; se informaron tambi\u00e9n de 45 muertes relacionadas con la influenza.<\/p>\n<\/div><\/div><\/div><\/section>\n<\/div><\/p><\/div>","protected":false},"excerpt":{"rendered":"","protected":false},"author":1,"featured_media":0,"parent":0,"menu_order":0,"comment_status":"closed","ping_status":"closed","template":"","meta":{"footnotes":""},"class_list":["post-1211","page","type-page","status-publish","hentry"],"_links":{"self":[{"href":"http:\/\/oem.yumacountysheriff.net\/es\/wp-json\/wp\/v2\/pages\/1211","targetHints":{"allow":["GET"]}}],"collection":[{"href":"http:\/\/oem.yumacountysheriff.net\/es\/wp-json\/wp\/v2\/pages"}],"about":[{"href":"http:\/\/oem.yumacountysheriff.net\/es\/wp-json\/wp\/v2\/types\/page"}],"author":[{"embeddable":true,"href":"http:\/\/oem.yumacountysheriff.net\/es\/wp-json\/wp\/v2\/users\/1"}],"replies":[{"embeddable":true,"href":"http:\/\/oem.yumacountysheriff.net\/es\/wp-json\/wp\/v2\/comments?post=1211"}],"version-history":[{"count":7,"href":"http:\/\/oem.yumacountysheriff.net\/es\/wp-json\/wp\/v2\/pages\/1211\/revisions"}],"predecessor-version":[{"id":2265,"href":"http:\/\/oem.yumacountysheriff.net\/es\/wp-json\/wp\/v2\/pages\/1211\/revisions\/2265"}],"wp:attachment":[{"href":"http:\/\/oem.yumacountysheriff.net\/es\/wp-json\/wp\/v2\/media?parent=1211"}],"curies":[{"name":"wp","href":"https:\/\/api.w.org\/{rel}","templated":true}]}}