{"id":1216,"date":"2021-06-09T18:20:21","date_gmt":"2021-06-09T18:20:21","guid":{"rendered":"http:\/\/oem.yumacountysheriff.net\/?page_id=1216"},"modified":"2023-12-11T13:16:40","modified_gmt":"2023-12-11T13:16:40","slug":"flood","status":"publish","type":"page","link":"http:\/\/oem.yumacountysheriff.net\/es\/flood\/","title":{"rendered":"Inundaciones"},"content":{"rendered":"<style type=\"text\/css\" data-created_by=\"avia_inline_auto\" id=\"style-css-av-5z1d7k-3fac62b0d0fbb9ee6d7391e2f25754c6\">\n.avia-section.av-5z1d7k-3fac62b0d0fbb9ee6d7391e2f25754c6{\nbackground-repeat:no-repeat;\nbackground-image:url(http:\/\/oem.yumacountysheriff.net\/wp-content\/uploads\/2021\/06\/flood.jpg);\nbackground-position:50% 50%;\nbackground-attachment:scroll;\n}\n.avia-section.av-5z1d7k-3fac62b0d0fbb9ee6d7391e2f25754c6 .av-section-color-overlay{\nopacity:0.7;\nbackground-color:#000000;\n}\n<\/style>\n<div id='av_section_1'  class='avia-section av-5z1d7k-3fac62b0d0fbb9ee6d7391e2f25754c6 main_color avia-section-huge avia-no-border-styling  avia-builder-el-0  el_before_av_section  avia-builder-el-first  avia-full-stretch avia-bg-style-scroll av-section-color-overlay-active container_wrap fullsize'  data-section-bg-repeat='stretch'><div class=\"av-section-color-overlay-wrap\"><div class=\"av-section-color-overlay\"><\/div><div class='container av-section-cont-open' ><main  role=\"main\" itemprop=\"mainContentOfPage\"  class='template-page content  av-content-full alpha units'><div class='post-entry post-entry-type-page post-entry-1216'><div class='entry-content-wrapper clearfix'>\n\n<style type=\"text\/css\" data-created_by=\"avia_inline_auto\" id=\"style-css-av-kppsp0aw-ca4705ef9202e4da2520244af8f184ee\">\n#top .av-special-heading.av-kppsp0aw-ca4705ef9202e4da2520244af8f184ee{\npadding-bottom:0;\nfont-size:90px;\n}\nbody .av-special-heading.av-kppsp0aw-ca4705ef9202e4da2520244af8f184ee .av-special-heading-tag .heading-char{\nfont-size:25px;\n}\n#top #wrap_all .av-special-heading.av-kppsp0aw-ca4705ef9202e4da2520244af8f184ee .av-special-heading-tag{\nfont-size:90px;\n}\n.av-special-heading.av-kppsp0aw-ca4705ef9202e4da2520244af8f184ee .av-subheading{\nfont-size:15px;\n}\n\n@media only screen and (min-width: 480px) and (max-width: 767px){ \n#top #wrap_all .av-special-heading.av-kppsp0aw-ca4705ef9202e4da2520244af8f184ee .av-special-heading-tag{\nfont-size:0.8em;\n}\n}\n\n@media only screen and (max-width: 479px){ \n#top #wrap_all .av-special-heading.av-kppsp0aw-ca4705ef9202e4da2520244af8f184ee .av-special-heading-tag{\nfont-size:0.8em;\n}\n}\n<\/style>\n<div  class='av-special-heading av-kppsp0aw-ca4705ef9202e4da2520244af8f184ee av-special-heading-h1 blockquote modern-quote modern-centered  avia-builder-el-1  avia-builder-el-no-sibling  av-inherit-size av-linked-heading'><h1 class='av-special-heading-tag'  itemprop=\"headline\"  >Inundaciones<\/h1><div class=\"special-heading-border\"><div class=\"special-heading-inner-border\"><\/div><\/div><\/div>\n\n<\/div><\/div><\/main><!-- close content main element --><\/div><\/div><\/div>\n<style type=\"text\/css\" data-created_by=\"avia_inline_auto\" id=\"style-css-av-42odj4-35bd54b5339f85c2819bc7055d67dd43\">\n.avia-section.av-42odj4-35bd54b5339f85c2819bc7055d67dd43 .av-section-color-overlay{\nopacity:0.7;\nbackground-color:#000000;\nbackground-image:url(http:\/\/oem.yumacountysheriff.net\/wp-content\/themes\/enfold\/images\/background-images\/grunge-big-light.png);\nbackground-repeat:repeat;\n}\n.avia-section.av-42odj4-35bd54b5339f85c2819bc7055d67dd43 .av-extra-border-element .av-extra-border-inner{\nbackground-color:#111111;\n}\n<\/style>\n<div id='av_section_2'  class='avia-section av-42odj4-35bd54b5339f85c2819bc7055d67dd43 main_color avia-section-huge avia-no-border-styling  avia-builder-el-2  el_after_av_section  avia-builder-el-last  avia-bg-style-fixed av-section-color-overlay-active av-arrow-down-section container_wrap fullsize'  ><div class=\"av-section-color-overlay-wrap\"><div class=\"av-section-color-overlay\"><\/div><div class='container av-section-cont-open' ><div class='template-page content  av-content-full alpha units'><div class='post-entry post-entry-type-page post-entry-1216'><div class='entry-content-wrapper clearfix'>\n\n<style type=\"text\/css\" data-created_by=\"avia_inline_auto\" id=\"style-css-av-22ff9s-0d8c5ef6f4ca5d3afbc452631598c5b3\">\n.flex_column.av-22ff9s-0d8c5ef6f4ca5d3afbc452631598c5b3{\nborder-radius:0px 0px 0px 0px;\npadding:0px 0px 0px 0px;\n}\n<\/style>\n<div  class='flex_column av-22ff9s-0d8c5ef6f4ca5d3afbc452631598c5b3 av_one_full  avia-builder-el-3  avia-builder-el-no-sibling  first flex_column_div av-zero-column-padding'     ><p><section  class='av_textblock_section av-kppsoiz3-037a84b46a5bf83a738a8f13cee9582e'   itemscope=\"itemscope\" itemtype=\"https:\/\/schema.org\/CreativeWork\" ><div class='avia_textblock'  itemprop=\"text\" ><p>\u00bfSab\u00eda que s\u00f3lo seis pulgadas de agua en r\u00e1pido movimiento pueden derribar a una persona?<\/p>\n<p>Las inundaciones suelen ocurrir cuando la lluvia se prolonga durante d\u00edas, cuando cae lluvia intensa en un corto per\u00edodo de tiempo, o cuando la acumulaci\u00f3n de escombros hace que un r\u00edo o arroyo se desborde en la zona circundante. Las inundaciones tambi\u00e9n pueden ser el resultado de la falla de una estructura de control de agua, como un dique o una represa.<\/p>\n<p>Desde 1900, las inundaciones se han cobrado m\u00e1s de 10,000 vidas en los Estados Unidos. Las inundaciones son uno de los peligros m\u00e1s comunes en todo el pa\u00eds, sin embargo no todas las inundaciones son iguales. Algunas inundaciones se desarrollan lentamente, mientras que otras, como las inundaciones repentinas, pueden desarrollarse en s\u00f3lo unos minutos sin signos visibles de lluvia. Adem\u00e1s, las inundaciones pueden ser locales, afectando a un vecindario o comunidad, o muy grandes, afectando a varios estados. Se han identificado \u00e1reas propensas a las inundaciones en 267 ciudades y pueblos y en los 64 condados de Colorado. Colorado es susceptible a los incendios forestales, lo que tambi\u00e9n hace que nuestro estado sea susceptible a las inundaciones en \u00e1reas quemadas muy erosionadas. Se acumula m\u00e1s r\u00e1pido de lo que el suelo puede absorberlo. Lo que hace que las inundaciones sean excepcionalmente dif\u00edciles para los individuos es que los da\u00f1os por inundaci\u00f3n no est\u00e1n cubiertos por las p\u00f3lizas de seguro tradicionales de los propietarios. Esto puede dejar a las personas no preparadas excepcionalmente vulnerables a las dificultades financieras tras una inundaci\u00f3n. Hay un per\u00edodo de espera de 30 d\u00edas antes de que el seguro contra inundaciones entre en vigor, as\u00ed que no se demore.<\/p>\n<p>Adem\u00e1s, familiarizarse con los t\u00e9rminos que se indican a continuaci\u00f3n puede ayudar a saber qu\u00e9 esperar para prepararse adecuadamente.<\/p>\n<ul>\n<li>Vigilancia de Inundaciones \u2500 Las inundaciones pueden pasar. Sintonice la radio meteorol\u00f3gica NOAA, radio comercial o televisi\u00f3n para obtener informaci\u00f3n.<\/li>\n<li>Vigilancia de Inundaciones Repentinas \u2500 Las inundaciones repentinas son posibles. Prep\u00e1rese para trasladarse a un terreno m\u00e1s alto; escuche la radio meteorol\u00f3gica de NOAA, radio comercial o televisi\u00f3n para obtener informaci\u00f3n.<\/li>\n<li>Alerta por Inundaciones \u2500 La inundaci\u00f3n est\u00e1 ocurriendo u ocurrir\u00e1 pronto; si se aconseja evacuar, h\u00e1galo inmediatamente.<\/li>\n<li>Alerta por Inundaci\u00f3n Repentina \u2500 Se est\u00e1 produciendo una inundaci\u00f3n repentina; busque un terreno m\u00e1s elevado a pie inmediatamente.<\/li>\n<\/ul>\n<p>Revise la siguiente informaci\u00f3n para saber qu\u00e9 puede hacer para preparar su casa para una inundaci\u00f3n, incluyendo c\u00f3mo obtener un seguro contra inundaciones.<\/p>\n<p><iframe loading=\"lazy\" title=\"Flood Safety Video\" src=\"https:\/\/www.youtube.com\/embed\/8c90Y7aOu_g\" width=\"100%\" height=\"315\" frameborder=\"0\" allowfullscreen=\"allowfullscreen\" aria-label=\"Flood Safety Video\"><\/iframe><\/p>\n<\/div><\/section><br \/>\n<div  class='togglecontainer av-kppsrq7v-cdbbf162228c764b25ab8e4aeba7ad04  avia-builder-el-5  el_after_av_textblock  avia-builder-el-last  toggle_close_all' >\n<section class='av_toggle_section av-kppsq57p-70924cbbe38bf510306d7bc5179b0825'  itemscope=\"itemscope\" itemtype=\"https:\/\/schema.org\/CreativeWork\" ><div role=\"tablist\" class=\"single_toggle\" data-tags=\"{All} \"  ><p id='toggle-toggle-id-1' data-fake-id='#toggle-id-1' class='toggler  av-title-above'  itemprop=\"headline\"  role='tab' tabindex='0' aria-controls='toggle-id-1' data-slide-speed=\"200\" data-title=\"Before A Flood\" data-title-open=\"\" data-aria_collapsed=\"Click to expand: Before A Flood\" data-aria_expanded=\"Click to collapse: Before A Flood\">Antes de una Inundaci\u00f3n<span class=\"toggle_icon\"><span class=\"vert_icon\"><\/span><span class=\"hor_icon\"><\/span><\/span><\/p><div id='toggle-id-1' aria-labelledby='toggle-toggle-id-1' role='region' class='toggle_wrap  av-title-above'  ><div class='toggle_content invers-color'  itemprop=\"text\" ><ul>\n<li>Consiga un seguro contra inundaciones si est\u00e1 en una zona propensa a las inundaciones. Visite <a href=\"https:\/\/1.usa.gov\/TDkXxH\" target=\"_blank\" rel=\"nofollow noopener\">FloodSmart.gov<\/a> para averiguar cu\u00e1l es su riesgo de inundaci\u00f3n, obtenga estimaciones de costos y encuentre un agente que venda seguros contra inundaciones. Tenga en cuenta que hay una espera de 30 d\u00edas antes de que el seguro contra inundaciones entre en vigor, as\u00ed que si est\u00e1 en riesgo, obtenga el seguro ahora.<\/li>\n<li>Prep\u00e1rese asegur\u00e1ndose de que su familia (incluyendo las mascotas) tenga un kit de 72 horas. Un kit de 72 horas debe contener, como m\u00ednimo, agua potable, alimentos no perecederos, primeros auxilios, mantas, una radio y una linterna. Estos art\u00edculos deben guardarse en un contenedor port\u00e1til, impermeable y de f\u00e1cil acceso. Adem\u00e1s, aseg\u00farese de tener copias de los documentos importantes, como la informaci\u00f3n del seguro, listos para llevar.<\/li>\n<li>Prepare su casa. Aseg\u00farese de que su bomba de sumidero funciona, limpie los escombros de las canaletas y bajantes, ancle los tanques de combustible, levante los componentes el\u00e9ctricos y mueva los muebles, objetos de valor y documentos importantes a un lugar seguro.<\/li>\n<li>Mant\u00e9ngase informado. Est\u00e9 atento a las condiciones meteorol\u00f3gicas que podr\u00edan causar inundaciones repentinas y aseg\u00farese de escuchar las noticias para estar al tanto del peligro de inundaciones en su \u00e1rea. Mant\u00e9ngase informado sobre el cierre de carreteras en caso de que tenga que evacuar. Un <a href=\"https:\/\/1.usa.gov\/Vghq5D\" target=\"_blank\" rel=\"nofollow noopener\">Radio Meteorol\u00f3gico de la Administraci\u00f3n Nacional Oce\u00e1nica y Atmosf\u00e9rica (NOAA, por sus siglas en ingl\u00e9s)<\/a> econ\u00f3mico es tambi\u00e9n una buena manera de recibir alertas r\u00e1pidas sobre amenazas clim\u00e1ticas, incluyendo inundaciones repentinas.<\/li>\n<\/ul>\n<\/div><\/div><\/div><\/section>\n<section class='av_toggle_section av-kppsqihe-76bf811146e43607186d44eff613f89b'  itemscope=\"itemscope\" itemtype=\"https:\/\/schema.org\/CreativeWork\" ><div role=\"tablist\" class=\"single_toggle\" data-tags=\"{All} \"  ><p id='toggle-toggle-id-2' data-fake-id='#toggle-id-2' class='toggler  av-title-above'  itemprop=\"headline\"  role='tab' tabindex='0' aria-controls='toggle-id-2' data-slide-speed=\"200\" data-title=\"During A Flood\" data-title-open=\"\" data-aria_collapsed=\"Click to expand: During A Flood\" data-aria_expanded=\"Click to collapse: During A Flood\">Durante una Inundaci\u00f3n<span class=\"toggle_icon\"><span class=\"vert_icon\"><\/span><span class=\"hor_icon\"><\/span><\/span><\/p><div id='toggle-id-2' aria-labelledby='toggle-toggle-id-2' role='region' class='toggle_wrap  av-title-above'  ><div class='toggle_content invers-color'  itemprop=\"text\" ><ul>\n<li>Mant\u00e9ngase informado. Vea la televisi\u00f3n o escuche la radio o busque en Internet informaci\u00f3n e instrucciones.<\/li>\n<li>Asegure su casa. Si tiene tiempo, traiga los muebles de exterior. Lleve los art\u00edculos esenciales a un piso superior.<\/li>\n<li>Si se lo ordenan, apague los servicios en los interruptores principales o las v\u00e1lvulas.<\/li>\n<li>Desconecte los aparatos el\u00e9ctricos. No toque los aparatos el\u00e9ctricos si est\u00e1 parado en el agua.<\/li>\n<li>No camine a trav\u00e9s del agua en movimiento. Seis pulgadas de agua en movimiento pueden hacerle caer. Si debe caminar en el agua, camine donde el agua no se est\u00e9 moviendo. Utilice un palo para comprobar la firmeza del suelo delante de usted.<\/li>\n<li>Tenga en cuenta que pueden producirse inundaciones repentinas. Si hay alguna posibilidad de una inundaci\u00f3n repentina, mu\u00e9vase inmediatamente a un terreno m\u00e1s alto. No espere instrucciones para moverse.<\/li>\n<li>No intente conducir por un camino inundado. La profundidad del agua no siempre es obvia. El lecho del camino puede quedar arrastrado bajo el agua, y usted podr\u00eda quedar varado o atrapado.<\/li>\n<li>No conduzca alrededor de una barricada. Las barricadas est\u00e1n ah\u00ed para su protecci\u00f3n. De la vuelta y vayan por el otro lado.<\/li>\n<li>Tenga especial cuidado al conducir de noche, cuando es m\u00e1s dif\u00edcil reconocer los peligros de las inundaciones.<\/li>\n<li>Si las aguas de la inundaci\u00f3n se elevan alrededor de su coche, abandone el coche y mu\u00e9vase a un terreno m\u00e1s alto si puede hacerlo con seguridad. Usted y el veh\u00edculo pueden ser barridos r\u00e1pidamente.<\/li>\n<li>No acampe ni estacione su veh\u00edculo a lo largo de arroyos, r\u00edos o riachuelos, particularmente durante las condiciones de amenaza.<\/li>\n<\/ul>\n<\/div><\/div><\/div><\/section>\n<section class='av_toggle_section av-kppsqihe-3-940fe6115a11102ff56f058127a46716'  itemscope=\"itemscope\" itemtype=\"https:\/\/schema.org\/CreativeWork\" ><div role=\"tablist\" class=\"single_toggle\" data-tags=\"{All} \"  ><p id='toggle-toggle-id-3' data-fake-id='#toggle-id-3' class='toggler  av-title-above'  itemprop=\"headline\"  role='tab' tabindex='0' aria-controls='toggle-id-3' data-slide-speed=\"200\" data-title=\"After A Flood\" data-title-open=\"\" data-aria_collapsed=\"Click to expand: After A Flood\" data-aria_expanded=\"Click to collapse: After A Flood\">Despu\u00e9s de una Inundaci\u00f3n<span class=\"toggle_icon\"><span class=\"vert_icon\"><\/span><span class=\"hor_icon\"><\/span><\/span><\/p><div id='toggle-id-3' aria-labelledby='toggle-toggle-id-3' role='region' class='toggle_wrap  av-title-above'  ><div class='toggle_content invers-color'  itemprop=\"text\" ><ul>\n<li>Utilice las alertas y los sistemas de alerta locales para obtener informaci\u00f3n y asesoramiento especializado tan pronto como est\u00e9 disponible.<\/li>\n<li>Evite mover el agua.<\/li>\n<li>Mant\u00e9ngase alejado de las zonas da\u00f1adas a menos que la polic\u00eda, bomberos u organizaciones de socorro hayan solicitado espec\u00edficamente su ayuda.<\/li>\n<li>Los trabajadores de emergencia asistir\u00e1n a la gente en las \u00e1reas inundadas. Pueden ayudarlo manteni\u00e9ndose fuera de las carreteras y fuera del camino.<\/li>\n<li>No se arriesgue. Pueden producirse m\u00e1s inundaciones o inundaciones repentinas. Escuche las advertencias e informaci\u00f3n local.<\/li>\n<li>Regrese a casa s\u00f3lo cuando las autoridades indiquen que es seguro.<\/li>\n<li>Las carreteras pueden seguir cerradas porque han sido da\u00f1adas o est\u00e1n cubiertas por el agua. Se han colocado barricadas para su protecci\u00f3n. Si se encuentra con una barricada o una carretera inundada, vaya por otro camino.<\/li>\n<li>Si tiene que caminar o conducir en \u00e1reas que se han inundado, mant\u00e9ngase en terreno firme. El agua estancada puede estar cargada el\u00e9ctricamente de l\u00edneas el\u00e9ctricas subterr\u00e1neas o ca\u00eddas.<\/li>\n<li>Las inundaciones pueden haber causado que los lugares familiares cambien. Las aguas de las inundaciones a menudo erosionan las carreteras y los caminos.<\/li>\n<li>Est\u00e9 atento a las zonas donde las aguas de la inundaci\u00f3n han retrocedido. Las carreteras pueden haberse debilitado y podr\u00edan colapsar bajo el peso de un coche.<\/li>\n<li>Tenga extrema precauci\u00f3n al entrar en los edificios; puede haber da\u00f1os ocultos, especialmente en los cimientos.<\/li>\n<li>Mant\u00e9ngase alejado de cualquier edificio si est\u00e1 rodeado por aguas de inundaci\u00f3n.<\/li>\n<li>Evite las aguas de inundaci\u00f3n; el agua puede estar contaminada por petr\u00f3leo, gasolina o aguas residuales sin tratar.<\/li>\n<li>Confirme que el suministro de agua es seguro para beber. Escuche las noticias para saber si el suministro de agua de su comunidad ha sido contaminado por las aguas de la inundaci\u00f3n. Recuerde llevar agua potable embotellada y descarte cualquier producto alimenticio que pueda haber estado en contacto con las aguas de la inundaci\u00f3n.<\/li>\n<li>Ventile su casa. Abra todas las puertas y ventanas para permitir que el aire circule y se seque su casa. Deshumidifique lo antes posible despu\u00e9s de una inundaci\u00f3n.<\/li>\n<li>En caso de que sea posible, limpie y desinfecte todo lo que se moj\u00f3. El barro que queda de las aguas de la inundaci\u00f3n puede contener aguas residuales y productos qu\u00edmicos.<\/li>\n<li>Repare lo antes posible las fosas s\u00e9pticas, pozos negros y sistemas de lixiviaci\u00f3n da\u00f1ados. Los sistemas de alcantarillado da\u00f1ados son un grave peligro para la salud.<\/li>\n<li>Contacte a su agente de seguros para discutir los reclamos.<\/li>\n<li>Si contrata servicios de limpieza o reparaci\u00f3n, compruebe las referencias y aseg\u00farese de que est\u00e1n cualificados para hacer el trabajo. Desconf\u00ede de las personas que conducen por los vecindarios ofreciendo ayuda para limpiar o reparar su casa, ya que pueden no ser leg\u00edtimas.<\/li>\n<\/ul>\n<\/div><\/div><\/div><\/section>\n<section class='av_toggle_section av-kppsqihe-2-b7c9e6a3797a1e46f21da6e0e146649f'  itemscope=\"itemscope\" itemtype=\"https:\/\/schema.org\/CreativeWork\" ><div role=\"tablist\" class=\"single_toggle\" data-tags=\"{All} \"  ><p id='toggle-toggle-id-4' data-fake-id='#toggle-id-4' class='toggler  av-title-above'  itemprop=\"headline\"  role='tab' tabindex='0' aria-controls='toggle-id-4' data-slide-speed=\"200\" data-title=\"More Flood Information\" data-title-open=\"\" data-aria_collapsed=\"Click to expand: More Flood Information\" data-aria_expanded=\"Click to collapse: More Flood Information\">M\u00e1s Informaci\u00f3n sobre Inundaciones<span class=\"toggle_icon\"><span class=\"vert_icon\"><\/span><span class=\"hor_icon\"><\/span><\/span><\/p><div id='toggle-id-4' aria-labelledby='toggle-toggle-id-4' role='region' class='toggle_wrap  av-title-above'  ><div class='toggle_content invers-color'  itemprop=\"text\" ><p>Referencias, Recursos y M\u00e1s Informaci\u00f3n:<\/p>\n<ul>\n<li><a href=\"https:\/\/www.ready.gov\/floods\" target=\"_blank\" rel=\"nofollow noopener\">Ready.gov - Inundaciones<\/a><\/li>\n<li><a href=\"https:\/\/www.floodsmart.gov\/floodsmart\/\" target=\"_blank\" rel=\"nofollow noopener\">FloodSmart<\/a><\/li>\n<li><a href=\"https:\/\/water.usgs.gov\/floods\/\" target=\"_blank\" rel=\"nofollow noopener\">Servicio Geol\u00f3gico de los Estados Unidos - Inundaciones<\/a><\/li>\n<li><a href=\"https:\/\/www.weather.com\/encyclopedia\/flood\/history.html\" target=\"_blank\" rel=\"nofollow noopener\">El Canal del Tiempo - Inundaciones e Inundaciones Repentinas<\/a><\/li>\n<\/ul>\n<\/div><\/div><\/div><\/section>\n<section class='av_toggle_section av-kppsqihe-1-f4133e36435fb03c5f8e860645762844'  itemscope=\"itemscope\" itemtype=\"https:\/\/schema.org\/CreativeWork\" ><div role=\"tablist\" class=\"single_toggle\" data-tags=\"{All} \"  ><p id='toggle-toggle-id-5' data-fake-id='#toggle-id-5' class='toggler  av-title-above'  itemprop=\"headline\"  role='tab' tabindex='0' aria-controls='toggle-id-5' data-slide-speed=\"200\" data-title=\"Flood: It Happened Here\" data-title-open=\"\" data-aria_collapsed=\"Click to expand: Flood: It Happened Here\" data-aria_expanded=\"Click to collapse: Flood: It Happened Here\">Inundaci\u00f3n: Aqu\u00ed Sucedi\u00f3<span class=\"toggle_icon\"><span class=\"vert_icon\"><\/span><span class=\"hor_icon\"><\/span><\/span><\/p><div id='toggle-id-5' aria-labelledby='toggle-toggle-id-5' role='region' class='toggle_wrap  av-title-above'  ><div class='toggle_content invers-color'  itemprop=\"text\" ><p>La inundaci\u00f3n del Gran Ca\u00f1\u00f3n Thompson es conocida como una de las inundaciones repentinas m\u00e1s mort\u00edferas de la historia registrada de Colorado. Era la v\u00edspera del centenario de la creaci\u00f3n del Estado de Colorado y miles de personas estaban disfrutando de la belleza y la recreaci\u00f3n de los ca\u00f1ones de las monta\u00f1as, sin ser conscientes de las inusuales y \u00fanicas condiciones atmosf\u00e9ricas que se estaban produciendo.<\/p>\n<p>Una tormenta el\u00e9ctrica se levant\u00f3 a lo largo de la cordillera frontal \\[front range] y comenz\u00f3 a arrojar fuertes lluvias sobre la regi\u00f3n aproximadamente a las 6 p.m. La tormenta permaneci\u00f3 estacionaria durante m\u00e1s de tres horas y arroj\u00f3 un pie de lluvia en el ca\u00f1\u00f3n. Cayeron ocho pulgadas de lluvia en una hora y convirti\u00f3 el normalmente tranquilo goteo de dos pies de profundidad en un furioso torrente de agua de 19 pies de altura. Barriendo rocas de 10 pies de altura delante de ella, el muro de agua se precipit\u00f3 por la pendiente del ca\u00f1\u00f3n. El agua se movi\u00f3 tan r\u00e1pidamente que, incluso si la carretera 34 no hubiera sido arrastrada, la \u00fanica v\u00eda de escape habr\u00eda sido las paredes del ca\u00f1\u00f3n.<\/p>\n<p>La s\u00fabita inundaci\u00f3n que se produjo en el estrecho Gran Ca\u00f1\u00f3n Thompson recorri\u00f3 el canal del r\u00edo esa noche y se cobr\u00f3 la vida de 144 personas, entre ellas dos agentes de la polic\u00eda que trataron de evacuar a las personas en peligro. Tambi\u00e9n se inform\u00f3 de 250 heridos. La tragedia caus\u00f3 da\u00f1os por el valor de m\u00e1s de 35 millones de d\u00f3lares (en d\u00f3lares de 1977) a 418 hogares y empresas, autom\u00f3viles, numerosos puentes, carreteras pavimentadas y sin pavimentar, l\u00edneas el\u00e9ctricas y telef\u00f3nicas y muchas otras estructuras.<\/p>\n<\/div><\/div><\/div><\/section>\n<\/div><\/p><\/div>","protected":false},"excerpt":{"rendered":"","protected":false},"author":1,"featured_media":0,"parent":0,"menu_order":0,"comment_status":"closed","ping_status":"closed","template":"","meta":{"footnotes":""},"class_list":["post-1216","page","type-page","status-publish","hentry"],"_links":{"self":[{"href":"http:\/\/oem.yumacountysheriff.net\/es\/wp-json\/wp\/v2\/pages\/1216","targetHints":{"allow":["GET"]}}],"collection":[{"href":"http:\/\/oem.yumacountysheriff.net\/es\/wp-json\/wp\/v2\/pages"}],"about":[{"href":"http:\/\/oem.yumacountysheriff.net\/es\/wp-json\/wp\/v2\/types\/page"}],"author":[{"embeddable":true,"href":"http:\/\/oem.yumacountysheriff.net\/es\/wp-json\/wp\/v2\/users\/1"}],"replies":[{"embeddable":true,"href":"http:\/\/oem.yumacountysheriff.net\/es\/wp-json\/wp\/v2\/comments?post=1216"}],"version-history":[{"count":7,"href":"http:\/\/oem.yumacountysheriff.net\/es\/wp-json\/wp\/v2\/pages\/1216\/revisions"}],"predecessor-version":[{"id":2295,"href":"http:\/\/oem.yumacountysheriff.net\/es\/wp-json\/wp\/v2\/pages\/1216\/revisions\/2295"}],"wp:attachment":[{"href":"http:\/\/oem.yumacountysheriff.net\/es\/wp-json\/wp\/v2\/media?parent=1216"}],"curies":[{"name":"wp","href":"https:\/\/api.w.org\/{rel}","templated":true}]}}