{"id":1219,"date":"2021-06-09T18:32:36","date_gmt":"2021-06-09T18:32:36","guid":{"rendered":"http:\/\/oem.yumacountysheriff.net\/?page_id=1219"},"modified":"2023-05-27T14:02:00","modified_gmt":"2023-05-27T14:02:00","slug":"landslide-rockslide","status":"publish","type":"page","link":"http:\/\/oem.yumacountysheriff.net\/es\/landslide-rockslide\/","title":{"rendered":"Derrumbes de Tierra\/Derrumbes de Rocas"},"content":{"rendered":"<style type=\"text\/css\" data-created_by=\"avia_inline_auto\" id=\"style-css-av-5hwif7-3a8248282a24f382e3f20d4da762baff\">\n.avia-section.av-5hwif7-3a8248282a24f382e3f20d4da762baff{\nbackground-repeat:no-repeat;\nbackground-image:url(http:\/\/oem.yumacountysheriff.net\/wp-content\/uploads\/2021\/06\/rockside.jpg);\nbackground-position:50% 50%;\nbackground-attachment:scroll;\n}\n.avia-section.av-5hwif7-3a8248282a24f382e3f20d4da762baff .av-section-color-overlay{\nopacity:0.7;\nbackground-color:#000000;\n}\n<\/style>\n<div id='av_section_1'  class='avia-section av-5hwif7-3a8248282a24f382e3f20d4da762baff main_color avia-section-huge avia-no-border-styling  avia-builder-el-0  el_before_av_section  avia-builder-el-first  avia-full-stretch avia-bg-style-scroll av-section-color-overlay-active container_wrap fullsize'  data-section-bg-repeat='stretch'><div class=\"av-section-color-overlay-wrap\"><div class=\"av-section-color-overlay\"><\/div><div class='container av-section-cont-open' ><main  role=\"main\" itemprop=\"mainContentOfPage\"  class='template-page content  av-content-full alpha units'><div class='post-entry post-entry-type-page post-entry-1219'><div class='entry-content-wrapper clearfix'>\n\n<style type=\"text\/css\" data-created_by=\"avia_inline_auto\" id=\"style-css-av-kppt3j2t-ac14cca5521cd27e0b50e8dbdf9abb25\">\n#top .av-special-heading.av-kppt3j2t-ac14cca5521cd27e0b50e8dbdf9abb25{\npadding-bottom:0;\nfont-size:90px;\n}\nbody .av-special-heading.av-kppt3j2t-ac14cca5521cd27e0b50e8dbdf9abb25 .av-special-heading-tag .heading-char{\nfont-size:25px;\n}\n#top #wrap_all .av-special-heading.av-kppt3j2t-ac14cca5521cd27e0b50e8dbdf9abb25 .av-special-heading-tag{\nfont-size:90px;\n}\n.av-special-heading.av-kppt3j2t-ac14cca5521cd27e0b50e8dbdf9abb25 .av-subheading{\nfont-size:15px;\n}\n\n@media only screen and (min-width: 480px) and (max-width: 767px){ \n#top #wrap_all .av-special-heading.av-kppt3j2t-ac14cca5521cd27e0b50e8dbdf9abb25 .av-special-heading-tag{\nfont-size:0.8em;\n}\n}\n\n@media only screen and (max-width: 479px){ \n#top #wrap_all .av-special-heading.av-kppt3j2t-ac14cca5521cd27e0b50e8dbdf9abb25 .av-special-heading-tag{\nfont-size:0.8em;\n}\n}\n<\/style>\n<div  class='av-special-heading av-kppt3j2t-ac14cca5521cd27e0b50e8dbdf9abb25 av-special-heading-h1 blockquote modern-quote modern-centered  avia-builder-el-1  avia-builder-el-no-sibling  av-inherit-size av-linked-heading'><h1 class='av-special-heading-tag'  itemprop=\"headline\"  >Derrumbes de Tierra\/Derrumbes de Rocas<\/h1><div class=\"special-heading-border\"><div class=\"special-heading-inner-border\"><\/div><\/div><\/div>\n\n<\/div><\/div><\/main><!-- close content main element --><\/div><\/div><\/div>\n<style type=\"text\/css\" data-created_by=\"avia_inline_auto\" id=\"style-css-av-4swy5v-d7ed40b4c709b5cbafee93f963f32fb4\">\n.avia-section.av-4swy5v-d7ed40b4c709b5cbafee93f963f32fb4 .av-section-color-overlay{\nopacity:0.7;\nbackground-color:#000000;\nbackground-image:url(http:\/\/oem.yumacountysheriff.net\/wp-content\/themes\/enfold\/images\/background-images\/grunge-big-light.png);\nbackground-repeat:repeat;\n}\n.avia-section.av-4swy5v-d7ed40b4c709b5cbafee93f963f32fb4 .av-extra-border-element .av-extra-border-inner{\nbackground-color:#111111;\n}\n<\/style>\n<div id='av_section_2'  class='avia-section av-4swy5v-d7ed40b4c709b5cbafee93f963f32fb4 main_color avia-section-huge avia-no-border-styling  avia-builder-el-2  el_after_av_section  avia-builder-el-last  avia-bg-style-fixed av-section-color-overlay-active av-arrow-down-section container_wrap fullsize'  ><div class=\"av-section-color-overlay-wrap\"><div class=\"av-section-color-overlay\"><\/div><div class='container av-section-cont-open' ><div class='template-page content  av-content-full alpha units'><div class='post-entry post-entry-type-page post-entry-1219'><div class='entry-content-wrapper clearfix'>\n\n<style type=\"text\/css\" data-created_by=\"avia_inline_auto\" id=\"style-css-av-27jjcz-6d6f28b549e4b1f8af08232dc0c5de62\">\n.flex_column.av-27jjcz-6d6f28b549e4b1f8af08232dc0c5de62{\nborder-radius:0px 0px 0px 0px;\npadding:0px 0px 0px 0px;\n}\n<\/style>\n<div  class='flex_column av-27jjcz-6d6f28b549e4b1f8af08232dc0c5de62 av_one_full  avia-builder-el-3  avia-builder-el-no-sibling  first flex_column_div av-zero-column-padding'     ><p><section  class='av_textblock_section av-kppt57mj-25bb3197add26d34383b676c877dcfa9'   itemscope=\"itemscope\" itemtype=\"https:\/\/schema.org\/CreativeWork\" ><div class='avia_textblock'  itemprop=\"text\" ><p>\u00bfSab\u00eda que despu\u00e9s de una inundaci\u00f3n se puede generar flujo de escombros y derrumbes de tierra?<\/p>\n<p>Los derrumbes de tierra son masas de rocas, tierra o escombros que se mueven hacia abajo, estos se activan por tormentas, terremotos, incendios y proyectos de origen humano, como la construcci\u00f3n. Los derrumbes de tierra pueden variar ampliamente en tama\u00f1o y pueden moverse a velocidades lentas o muy r\u00e1pidas dependiendo del \u00e1ngulo de la pendiente, el contenido de agua y las caracter\u00edsticas geol\u00f3gicas del suelo, tanto en la superficie como en la profundidad. A menudo, los flujos de material se inician por fuertes per\u00edodos de lluvia y a veces pueden ocurrir como resultado de una lluvia concentrada. El movimiento de tierras relacionado con derrumbes de tierra, flujos de lodo y escombros y desprendimientos de rocas ocurren natural y continuamente en todo Colorado, adem\u00e1s, se estima que hay miles de derrumbes de tierras cada a\u00f1o, aunque el n\u00famero, la frecuencia y la gravedad fluct\u00faan. Los derrumbes de tierra constituyen un riesgo geol\u00f3gico importante porque est\u00e1n muy extendidos, ocurren en los 50 estados y territorios de Estados Unidos, causan da\u00f1os de 1 a 2 mil millones de d\u00f3lares y, en promedio, provoca de 25 a 50 muertes cada a\u00f1o. Por otro lado, la expansi\u00f3n de los desarrollos urbanos y recreativos en \u00e1reas de laderas, hace que m\u00e1s personas est\u00e9n expuestas a la amenaza de derrumbes de tierra cada a\u00f1o.<\/p>\n<p>Nota: Generalmente, no hay disponible un seguro contra los derrumbes de tierra, pero en algunos casos, los da\u00f1os causados por el flujo de escombros, pueden estar cubiertos por p\u00f3lizas de seguro contra inundaciones pertenecientes al Programa Nacional de Seguro contra Inundaciones (NFIP, por sus siglas en ingl\u00e9s) en\u00a0<a href=\"http:\/\/www.floodsmart.gov\/\">www.FloodSmart.gov<\/a>. A pesar del riesgo, todos pueden tomar medidas para prepararse para los derrumbes de tierra y derrumbes de rocas. Investigue la informaci\u00f3n a continuaci\u00f3n para obtener m\u00e1s informaci\u00f3n sobre la preparaci\u00f3n cuando haya derrumbes de tierra.<\/p>\n<p><iframe loading=\"lazy\" title=\"Landslide and Rock Video\" src=\"https:\/\/www.youtube.com\/embed\/uKU6wVX8GSE?autoplay=0&amp;start=0&amp;rel=0\" width=\"854\" height=\"480\" frameborder=\"0\" allowfullscreen=\"allowfullscreen\" aria-label=\"Landslide and Rock Video\"><\/iframe><\/p>\n<\/div><\/section><br \/>\n<div  class='togglecontainer av-kppt7he0-3dd60f319ff194ab913df15b92a088cd  avia-builder-el-5  el_after_av_textblock  avia-builder-el-last  toggle_close_all' >\n<section class='av_toggle_section av-kppt5wju-4f91acc0d5704c873ac5a973165acb02'  itemscope=\"itemscope\" itemtype=\"https:\/\/schema.org\/CreativeWork\" ><div role=\"tablist\" class=\"single_toggle\" data-tags=\"{All} \"  ><p id='toggle-toggle-id-1' data-fake-id='#toggle-id-1' class='toggler  av-title-above'  itemprop=\"headline\"  role='tab' tabindex='0' aria-controls='toggle-id-1' data-slide-speed=\"200\" data-title=\"Before A Landslide \/ Rockslide\" data-title-open=\"\" data-aria_collapsed=\"Click to expand: Before A Landslide \/ Rockslide\" data-aria_expanded=\"Click to collapse: Before A Landslide \/ Rockslide\">Antes de un Derrumbe de Tierras\/Derrumbe de Rocas<span class=\"toggle_icon\"><span class=\"vert_icon\"><\/span><span class=\"hor_icon\"><\/span><\/span><\/p><div id='toggle-id-1' aria-labelledby='toggle-toggle-id-1' role='region' class='toggle_wrap  av-title-above'  ><div class='toggle_content invers-color'  itemprop=\"text\" ><ul>\n<li>No construya cerca de pendientes pronunciadas, bordes de monta\u00f1as, v\u00edas de drenaje o valles de erosi\u00f3n.<\/li>\n<li>Obtenga una evaluaci\u00f3n del terreno donde se encuentra su propiedad.<\/li>\n<li>Conozca los planes de respuesta de emergencia y evacuaci\u00f3n para su \u00e1rea.<\/li>\n<li>Minimice los riesgos alrededor de su hogar, puede ser instalando accesorios de tuber\u00eda flexibles, construyendo muros de contenci\u00f3n o construyendo canales para dirigir el flujo alrededor de los edificios.<\/li>\n<\/ul>\n<\/div><\/div><\/div><\/section>\n<section class='av_toggle_section av-kppt6ayq-76be8b50eab8df8fc6a74005fce160e5'  itemscope=\"itemscope\" itemtype=\"https:\/\/schema.org\/CreativeWork\" ><div role=\"tablist\" class=\"single_toggle\" data-tags=\"{All} \"  ><p id='toggle-toggle-id-2' data-fake-id='#toggle-id-2' class='toggler  av-title-above'  itemprop=\"headline\"  role='tab' tabindex='0' aria-controls='toggle-id-2' data-slide-speed=\"200\" data-title=\"During a Landslide \/ Rockslide\" data-title-open=\"\" data-aria_collapsed=\"Click to expand: During a Landslide \/ Rockslide\" data-aria_expanded=\"Click to collapse: During a Landslide \/ Rockslide\">Durante un Derrumbe de Tierras\/Derrumbe de Rocas<span class=\"toggle_icon\"><span class=\"vert_icon\"><\/span><span class=\"hor_icon\"><\/span><\/span><\/p><div id='toggle-id-2' aria-labelledby='toggle-toggle-id-2' role='region' class='toggle_wrap  av-title-above'  ><div class='toggle_content invers-color'  itemprop=\"text\" ><ul>\n<li>Mant\u00e9ngase alerta cuando conduzca durante tormentas.<\/li>\n<li>Tenga en cuenta las condiciones clim\u00e1ticas y recuerde que las lloviznas breves, particularmente despu\u00e9s de per\u00edodos largos de lluvias fuertes y clima h\u00famedo, pueden proporcionar condiciones especialmente peligrosas.<\/li>\n<li>Mant\u00e9ngase fuera del camino de un derrumbe de tierra o derrumbe de rocas, sin importar cu\u00e1n lento parezca moverse el suelo. Los flujos de escombros pueden moverse r\u00e1pidamente y es mejor tratarlos como inundaciones y, si es posible, trasladarse a un terreno m\u00e1s alto.<\/li>\n<li>Debe estar pendiente si escucha cualquier sonido inusual que pueda indicar que hay escombros en movimiento, como \u00e1rboles que se rompen o rocas que se golpean. Un flujo lento puede preceder al evento mucho m\u00e1s grande y pueden aparecer muchos derrumbes r\u00e1pidamente.<\/li>\n<li>Si est\u00e1 cerca de un arroyo o canal de agua, est\u00e9 atento a cambios repentinos en los niveles de agua u observe si el agua cambia de claro a embarrado. Tales cambios indican actividad de aguas arriba y debe estar preparado para moverse r\u00e1pidamente.<\/li>\n<li>Mant\u00e9ngase especialmente alerta cuando conduzca, ya que los puentes pueden ser arrastrados y las rocas pueden ser desalojadas, los terraplenes sobre los bordes de las carreteras y la base de terrenos empinados de alto \u00e1ngulo de pendiente son particularmente susceptibles a derrumbes de tierra y derrumbes de rocas.<\/li>\n<li>Si sospecha o ha presenciado un derrumbe de tierra, p\u00f3ngase en contacto de inmediato con el departamento local de bomberos, polic\u00eda u obras p\u00fablicas de su comunidad.<\/li>\n<li>Reporte los vecinos que hayan sido afectados. Es posible que sus vecinos, y particularmente los visitantes de Colorado que no est\u00e9n familiarizados con el terreno monta\u00f1oso, no sean conscientes de los peligros potenciales a los que se enfrentan, por lo que es importante informarles sobre la amenaza, ya que eso puede ayudarlos a salvar sus vidas.<\/li>\n<li>Evacue cualquier \u00e1rea que est\u00e9 involucrada o que est\u00e9 amenazada inminentemente por un derrumbe de tierra o derrumbe de rocas.<\/li>\n<li>Si est\u00e1 atrapado en un derrumbe de tierra o derrumbe de rocas sin opci\u00f3n de evacuar debe acurrucarse en una bola apretada y proteger su cabeza.<\/li>\n<\/ul>\n<\/div><\/div><\/div><\/section>\n<section class='av_toggle_section av-kppt6ayq-3-6d72b72e51a086dd45b68ad5b6671747'  itemscope=\"itemscope\" itemtype=\"https:\/\/schema.org\/CreativeWork\" ><div role=\"tablist\" class=\"single_toggle\" data-tags=\"{All} \"  ><p id='toggle-toggle-id-3' data-fake-id='#toggle-id-3' class='toggler  av-title-above'  itemprop=\"headline\"  role='tab' tabindex='0' aria-controls='toggle-id-3' data-slide-speed=\"200\" data-title=\"After A Landslide \/ Rockslide\" data-title-open=\"\" data-aria_collapsed=\"Click to expand: After A Landslide \/ Rockslide\" data-aria_expanded=\"Click to collapse: After A Landslide \/ Rockslide\">Despu\u00e9s de un Derrumbe de Tierras\/Derrumbe de Rocas<span class=\"toggle_icon\"><span class=\"vert_icon\"><\/span><span class=\"hor_icon\"><\/span><\/span><\/p><div id='toggle-id-3' aria-labelledby='toggle-toggle-id-3' role='region' class='toggle_wrap  av-title-above'  ><div class='toggle_content invers-color'  itemprop=\"text\" ><ul>\n<li>Mant\u00e9ngase alejado del \u00e1rea de derrumbes, puede haber peligro de m\u00e1s derrumbes.<\/li>\n<li>P\u00f3ngase en contacto con los funcionarios locales para proporcionar informaci\u00f3n sobre la ubicaci\u00f3n del derrumbe y si existe cualquier lesi\u00f3n o condici\u00f3n especial.<\/li>\n<li>Escuche las estaciones locales de radio o televisi\u00f3n o los sistemas de advertencia para que obtenga informaci\u00f3n sobre el manejo de emergencias.<\/li>\n<li>Est\u00e9 atento a las inundaciones que pueden ocurrir despu\u00e9s de un derrumbe de tierra o flujo de escombros.<\/li>\n<li>Verifique si hay personas heridas y atrapadas cerca del derrumbe, sin ingresar al \u00e1rea por supuesto. Debe permanecer en el sitio con el fin de dirigir a los rescatistas a las ubicaciones requeridas.<\/li>\n<li>Ayude a cualquiera que requiera asistencia especial. Los ancianos, familias con ni\u00f1os peque\u00f1os y personas con discapacidades se benefician de ayuda adicional.<\/li>\n<li>Busque e informe a las autoridades apropiadas sobre cualquier l\u00ednea de servicios p\u00fablicos afectada o carreteras y ferrocarriles da\u00f1ados. Adem\u00e1s, informar los peligros potenciales puede ayudar a dirigir los esfuerzos para mitigar cualquier peligro y lesiones adicionales.<\/li>\n<li>Verifique la fundaci\u00f3n del edificio, las chimeneas y los terrenos circundantes para buscar si existen da\u00f1os.<\/li>\n<li>Busque el asesoramiento de expertos para evaluar los peligros existentes o para dise\u00f1ar t\u00e9cnicas correctivas que permitan reducir el riesgo.<\/li>\n<\/ul>\n<\/div><\/div><\/div><\/section>\n<section class='av_toggle_section av-kppt6ayq-2-98bbf18c2f35d902601cf41eeeafb1fc'  itemscope=\"itemscope\" itemtype=\"https:\/\/schema.org\/CreativeWork\" ><div role=\"tablist\" class=\"single_toggle\" data-tags=\"{All} \"  ><p id='toggle-toggle-id-4' data-fake-id='#toggle-id-4' class='toggler  av-title-above'  itemprop=\"headline\"  role='tab' tabindex='0' aria-controls='toggle-id-4' data-slide-speed=\"200\" data-title=\"More Landslide \/ Rockslide Information\" data-title-open=\"\" data-aria_collapsed=\"Click to expand: More Landslide \/ Rockslide Information\" data-aria_expanded=\"Click to collapse: More Landslide \/ Rockslide Information\">M\u00e1s Informaci\u00f3n sobre los Derrumbes de Tierras \/ Derrumbes de Rocas<span class=\"toggle_icon\"><span class=\"vert_icon\"><\/span><span class=\"hor_icon\"><\/span><\/span><\/p><div id='toggle-id-4' aria-labelledby='toggle-toggle-id-4' role='region' class='toggle_wrap  av-title-above'  ><div class='toggle_content invers-color'  itemprop=\"text\" ><p>Referencias, Recursos y M\u00e1s Informaci\u00f3n:<\/p>\n<ul>\n<li><a href=\"http:\/\/www.ready.gov\/landslides-debris-flow\" target=\"_blank\" rel=\"nofollow noopener\">Ready.gov &#8211; Landslides &amp; Debris Flow<\/a><\/li>\n<li><a href=\"http:\/\/www.redcross.org\/prepare\/disaster\/landslide\" target=\"_blank\" rel=\"nofollow noopener\">Cruz Roja - Seguridad contra Derrumbes de Tierra<\/a><\/li>\n<li><a href=\"http:\/\/landslides.usgs.gov\/\" target=\"_blank\" rel=\"nofollow noopener\">Estudio Geol\u00f3gico de Estados Unidos - Programa de Riesgos de Derrumbes de Tierra<\/a><\/li>\n<li><a href=\"http:\/\/geosurvey.state.co.us\/Pages\/CGSHome.aspx\" target=\"_blank\" rel=\"nofollow noopener\">Estudio Geol\u00f3gico de Colorado<\/a><\/li>\n<li><a href=\"http:\/\/landslides.usgs.gov\/nlic\/\" target=\"_blank\" rel=\"nofollow noopener\">Centro Nacional de Informaci\u00f3n sobre Derrumbes de Tierras<\/a><\/li>\n<li><a href=\"http:\/\/www.colorado.edu\/hazards\/\" target=\"_blank\" rel=\"nofollow noopener\">Centro de Riesgos Naturales<\/a><\/li>\n<li><a href=\"http:\/\/www.coloradodot.info\/programs\/geotech\/geohazards-2\/landslides.html\" target=\"_blank\" rel=\"nofollow noopener\">Departamento de Transporte de Colorado<\/a><\/li>\n<\/ul>\n<\/div><\/div><\/div><\/section>\n<section class='av_toggle_section av-kppt6ayq-1-59adac229735dd92246ced4910b794dd'  itemscope=\"itemscope\" itemtype=\"https:\/\/schema.org\/CreativeWork\" ><div role=\"tablist\" class=\"single_toggle\" data-tags=\"{All} \"  ><p id='toggle-toggle-id-5' data-fake-id='#toggle-id-5' class='toggler  av-title-above'  itemprop=\"headline\"  role='tab' tabindex='0' aria-controls='toggle-id-5' data-slide-speed=\"200\" data-title=\"Rockslide: It Happened Here\" data-title-open=\"\" data-aria_collapsed=\"Click to expand: Rockslide: It Happened Here\" data-aria_expanded=\"Click to collapse: Rockslide: It Happened Here\">Derrumbe de Rocas: Aqu\u00ed Sucedi\u00f3<span class=\"toggle_icon\"><span class=\"vert_icon\"><\/span><span class=\"hor_icon\"><\/span><\/span><\/p><div id='toggle-id-5' aria-labelledby='toggle-toggle-id-5' role='region' class='toggle_wrap  av-title-above'  ><div class='toggle_content invers-color'  itemprop=\"text\" ><p>El 8 de marzo de 2010, un gran desprendimiento de rocas en el Ca\u00f1\u00f3n Glenwood \\[Glenwood Canyon] cerr\u00f3 la Interestatal 70. Veinte rocas, que ten\u00edan de 3 a 10 pies de di\u00e1metro, cayeron sobre la interestatal. A medida que ca\u00edan, estas rocas perforaron varios agujeros en la carretera, incluido uno que estaba de 20 a 10 pies de profundidad. \u00a1La roca m\u00e1s grande pesaba 66 toneladas! Los equipos especializados necesitaron cuatro d\u00edas para restaurar un carril en cada direcci\u00f3n, eliminando un desv\u00edo de dos horas y evitando interrupciones a largo plazo tanto para el turismo como para la industria del transporte. Entre mantenimiento, control de tr\u00e1fico y reparaciones, el costo total del incidente fue de $2,180.000.<\/p>\n<\/div><\/div><\/div><\/section>\n<\/div><\/p><\/div>","protected":false},"excerpt":{"rendered":"","protected":false},"author":1,"featured_media":0,"parent":0,"menu_order":0,"comment_status":"closed","ping_status":"closed","template":"","meta":{"footnotes":""},"class_list":["post-1219","page","type-page","status-publish","hentry"],"_links":{"self":[{"href":"http:\/\/oem.yumacountysheriff.net\/es\/wp-json\/wp\/v2\/pages\/1219","targetHints":{"allow":["GET"]}}],"collection":[{"href":"http:\/\/oem.yumacountysheriff.net\/es\/wp-json\/wp\/v2\/pages"}],"about":[{"href":"http:\/\/oem.yumacountysheriff.net\/es\/wp-json\/wp\/v2\/types\/page"}],"author":[{"embeddable":true,"href":"http:\/\/oem.yumacountysheriff.net\/es\/wp-json\/wp\/v2\/users\/1"}],"replies":[{"embeddable":true,"href":"http:\/\/oem.yumacountysheriff.net\/es\/wp-json\/wp\/v2\/comments?post=1219"}],"version-history":[{"count":5,"href":"http:\/\/oem.yumacountysheriff.net\/es\/wp-json\/wp\/v2\/pages\/1219\/revisions"}],"predecessor-version":[{"id":2103,"href":"http:\/\/oem.yumacountysheriff.net\/es\/wp-json\/wp\/v2\/pages\/1219\/revisions\/2103"}],"wp:attachment":[{"href":"http:\/\/oem.yumacountysheriff.net\/es\/wp-json\/wp\/v2\/media?parent=1219"}],"curies":[{"name":"wp","href":"https:\/\/api.w.org\/{rel}","templated":true}]}}