{"id":1227,"date":"2021-06-09T18:40:59","date_gmt":"2021-06-09T18:40:59","guid":{"rendered":"http:\/\/oem.yumacountysheriff.net\/?page_id=1227"},"modified":"2023-05-27T14:04:13","modified_gmt":"2023-05-27T14:04:13","slug":"tornado","status":"publish","type":"page","link":"http:\/\/oem.yumacountysheriff.net\/es\/tornado\/","title":{"rendered":"Tornados"},"content":{"rendered":"<style type=\"text\/css\" data-created_by=\"avia_inline_auto\" id=\"style-css-av-5kwyqz-f3ec929ef9eca2111f2f36a8c777aa1b\">\n.avia-section.av-5kwyqz-f3ec929ef9eca2111f2f36a8c777aa1b{\nbackground-repeat:no-repeat;\nbackground-image:url(http:\/\/oem.yumacountysheriff.net\/wp-content\/uploads\/2021\/06\/tornado.jpg);\nbackground-position:50% 50%;\nbackground-attachment:scroll;\n}\n.avia-section.av-5kwyqz-f3ec929ef9eca2111f2f36a8c777aa1b .av-section-color-overlay{\nopacity:0.7;\nbackground-color:#000000;\n}\n<\/style>\n<div id='av_section_1'  class='avia-section av-5kwyqz-f3ec929ef9eca2111f2f36a8c777aa1b main_color avia-section-huge avia-no-border-styling  avia-builder-el-0  el_before_av_section  avia-builder-el-first  avia-full-stretch avia-bg-style-scroll av-section-color-overlay-active container_wrap fullsize'  data-section-bg-repeat='stretch'><div class=\"av-section-color-overlay-wrap\"><div class=\"av-section-color-overlay\"><\/div><div class='container av-section-cont-open' ><main  role=\"main\" itemprop=\"mainContentOfPage\"  class='template-page content  av-content-full alpha units'><div class='post-entry post-entry-type-page post-entry-1227'><div class='entry-content-wrapper clearfix'>\n\n<style type=\"text\/css\" data-created_by=\"avia_inline_auto\" id=\"style-css-av-kpptfa2n-1ef4c3c25306acd577f23303a8ff6872\">\n#top .av-special-heading.av-kpptfa2n-1ef4c3c25306acd577f23303a8ff6872{\npadding-bottom:0;\nfont-size:90px;\n}\nbody .av-special-heading.av-kpptfa2n-1ef4c3c25306acd577f23303a8ff6872 .av-special-heading-tag .heading-char{\nfont-size:25px;\n}\n#top #wrap_all .av-special-heading.av-kpptfa2n-1ef4c3c25306acd577f23303a8ff6872 .av-special-heading-tag{\nfont-size:90px;\n}\n.av-special-heading.av-kpptfa2n-1ef4c3c25306acd577f23303a8ff6872 .av-subheading{\nfont-size:15px;\n}\n\n@media only screen and (min-width: 480px) and (max-width: 767px){ \n#top #wrap_all .av-special-heading.av-kpptfa2n-1ef4c3c25306acd577f23303a8ff6872 .av-special-heading-tag{\nfont-size:0.8em;\n}\n}\n\n@media only screen and (max-width: 479px){ \n#top #wrap_all .av-special-heading.av-kpptfa2n-1ef4c3c25306acd577f23303a8ff6872 .av-special-heading-tag{\nfont-size:0.8em;\n}\n}\n<\/style>\n<div  class='av-special-heading av-kpptfa2n-1ef4c3c25306acd577f23303a8ff6872 av-special-heading-h1 blockquote modern-quote modern-centered  avia-builder-el-1  avia-builder-el-no-sibling  av-inherit-size av-linked-heading'><h1 class='av-special-heading-tag'  itemprop=\"headline\"  >Tornados<\/h1><div class=\"special-heading-border\"><div class=\"special-heading-inner-border\"><\/div><\/div><\/div>\n\n<\/div><\/div><\/main><!-- close content main element --><\/div><\/div><\/div>\n<style type=\"text\/css\" data-created_by=\"avia_inline_auto\" id=\"style-css-av-3lhlaz-822963e3e96f1509f547acef9a899454\">\n.avia-section.av-3lhlaz-822963e3e96f1509f547acef9a899454 .av-section-color-overlay{\nopacity:0.7;\nbackground-color:#000000;\nbackground-image:url(http:\/\/oem.yumacountysheriff.net\/wp-content\/themes\/enfold\/images\/background-images\/grunge-big-light.png);\nbackground-repeat:repeat;\n}\n.avia-section.av-3lhlaz-822963e3e96f1509f547acef9a899454 .av-extra-border-element .av-extra-border-inner{\nbackground-color:#111111;\n}\n<\/style>\n<div id='av_section_2'  class='avia-section av-3lhlaz-822963e3e96f1509f547acef9a899454 main_color avia-section-huge avia-no-border-styling  avia-builder-el-2  el_after_av_section  avia-builder-el-last  avia-bg-style-fixed av-section-color-overlay-active av-arrow-down-section container_wrap fullsize'  ><div class=\"av-section-color-overlay-wrap\"><div class=\"av-section-color-overlay\"><\/div><div class='container av-section-cont-open' ><div class='template-page content  av-content-full alpha units'><div class='post-entry post-entry-type-page post-entry-1227'><div class='entry-content-wrapper clearfix'>\n\n<style type=\"text\/css\" data-created_by=\"avia_inline_auto\" id=\"style-css-av-29xwxn-89f4ffa9c296a078d5047c3b695ff32a\">\n.flex_column.av-29xwxn-89f4ffa9c296a078d5047c3b695ff32a{\nborder-radius:0px 0px 0px 0px;\npadding:0px 0px 0px 0px;\n}\n<\/style>\n<div  class='flex_column av-29xwxn-89f4ffa9c296a078d5047c3b695ff32a av_one_full  avia-builder-el-3  avia-builder-el-no-sibling  first flex_column_div av-zero-column-padding'     ><p><section  class='av_textblock_section av-kpptg6qn-f89efb0385b3f0ef160ea3ed064ef893'   itemscope=\"itemscope\" itemtype=\"https:\/\/schema.org\/CreativeWork\" ><div class='avia_textblock'  itemprop=\"text\" ><p>\u00bfSab\u00eda que los tornados pueden alcanzar velocidades de 300 millas por hora?<\/p>\n<p>Los tornados son las tormentas m\u00e1s violentas de la naturaleza. Un tornado aparece como una nube giratoria, en forma de embudo, que se extiende desde una tormenta el\u00e9ctrica hasta el suelo con vientos arremolinados. Pueden parecer casi transparentes hasta que el polvo y los escombros son levantados, o se forma una nube dentro del embudo. Los da\u00f1os causados en su trayectoria pueden ser de m\u00e1s de una milla de ancho y 50 millas de largo. Los tornados m\u00e1s poderosos tienen la capacidad de mover objetos grandes y pesados. La mayor\u00eda de los tornados se mueven de suroeste a noreste, pero pueden hacerlo en cualquier direcci\u00f3n o cambiar repentinamente su trayectoria.<\/p>\n<p>En Colorado, la principal amenaza de tornados est\u00e1 al este de la Divisoria Continental (Continental Divide) a lo largo de los Condados de la cordillera y falda frontal \\[front range and foothill]. La mayor\u00eda de los tornados aqu\u00ed ocurren en junio, seguidos de julio y mayo, principalmente durante las horas de la tarde o la noche.<\/p>\n<p>A pesar del riesgo que presentan los tornados, todo el mundo puede tomar medidas para prepararse. Examine la siguiente informaci\u00f3n para descubrir c\u00f3mo mantenerse a salvo usted y su familia durante un tornado.<\/p>\n<p><iframe loading=\"lazy\" title=\"Tornado Safety Video\" src=\"https:\/\/www.youtube.com\/embed\/wce9m1_l3t0?autoplay=0&amp;start=0&amp;rel=0\" width=\"854\" height=\"480\" frameborder=\"0\" allowfullscreen=\"allowfullscreen\" aria-label=\"Tornado Safety Video\"><\/iframe><\/p>\n<\/div><\/section><br \/>\n<div  class='togglecontainer av-kppti7vo-c53a5691d34b01609a2307c054199616  avia-builder-el-5  el_after_av_textblock  avia-builder-el-last  toggle_close_all' >\n<section class='av_toggle_section av-kpptgqa0-a71f2d195c2b79369a3d031fefee3a0e'  itemscope=\"itemscope\" itemtype=\"https:\/\/schema.org\/CreativeWork\" ><div role=\"tablist\" class=\"single_toggle\" data-tags=\"{All} \"  ><p id='toggle-toggle-id-1' data-fake-id='#toggle-id-1' class='toggler  av-title-above'  itemprop=\"headline\"  role='tab' tabindex='0' aria-controls='toggle-id-1' data-slide-speed=\"200\" data-title=\" Before a Tornado\" data-title-open=\"\" data-aria_collapsed=\"Click to expand:  Before a Tornado\" data-aria_expanded=\"Click to collapse:  Before a Tornado\"> Antes de un Tornado<span class=\"toggle_icon\"><span class=\"vert_icon\"><\/span><span class=\"hor_icon\"><\/span><\/span><\/p><div id='toggle-id-1' aria-labelledby='toggle-toggle-id-1' role='region' class='toggle_wrap  av-title-above'  ><div class='toggle_content invers-color'  itemprop=\"text\" ><ul>\n<li>Mantenga un equipo o una lista de art\u00edculos de emergencia para llevar con usted.<\/li>\n<li>Elabore un plan de comunicaci\u00f3n familiar en caso de que su familia se separe.<\/li>\n<li>Elija un lugar seguro para refugiarse: Un s\u00f3tano es lo mejor, seguido de habitaciones interiores en el nivel m\u00e1s bajo del edificio, lejos de las ventanas. Las casas rodantes suelen ser inseguras durante un tornado: identifique la casa de un vecino o un refugio p\u00fablico al que pueda ir si se emite un alerta.<\/li>\n<li>Obtenga un\u00a0<a href=\"http:\/\/1.usa.gov\/Vghq5D\" target=\"_blank\" rel=\"nofollow noopener\">Radio Meteorol\u00f3gico de la Administraci\u00f3n Nacional Oce\u00e1nica y Atmosf\u00e9rica (NOAA, por sus siglas en ingl\u00e9s)<\/a>\u00a0para recibir alertas sobre clima extremo inminente.<\/li>\n<li><a href=\"http:\/\/bit.ly\/COEMs\" target=\"_blank\" rel=\"nofollow noopener\">Reg\u00edstrese en las alertas telef\u00f3nicas inversas<\/a>\u00a0de su condado, y no olvide incluir su tel\u00e9fono celular.<\/li>\n<li>Aseg\u00farese de tener la cobertura de seguro adecuada, incluyendo una contra inundaciones, que es independiente de su p\u00f3liza de propietario.<\/li>\n<li>Fotograf\u00ede o filme el contenido de su casa en caso de que necesite presentar un reclamo despu\u00e9s de un desastre.<\/li>\n<li>Guarde las copias de sus documentos importantes en otro lugar, como una caja de seguridad del banco.<\/li>\n<li>Considere la posibilidad de construir una habitaci\u00f3n segura dentro de su casa.<\/li>\n<\/ul>\n<\/div><\/div><\/div><\/section>\n<section class='av_toggle_section av-kppth4r4-208d32e20423b802c2c1579fa21d0665'  itemscope=\"itemscope\" itemtype=\"https:\/\/schema.org\/CreativeWork\" ><div role=\"tablist\" class=\"single_toggle\" data-tags=\"{All} \"  ><p id='toggle-toggle-id-2' data-fake-id='#toggle-id-2' class='toggler  av-title-above'  itemprop=\"headline\"  role='tab' tabindex='0' aria-controls='toggle-id-2' data-slide-speed=\"200\" data-title=\"During a Tornado\" data-title-open=\"\" data-aria_collapsed=\"Click to expand: During a Tornado\" data-aria_expanded=\"Click to collapse: During a Tornado\">Durante un Tornado<span class=\"toggle_icon\"><span class=\"vert_icon\"><\/span><span class=\"hor_icon\"><\/span><\/span><\/p><div id='toggle-id-2' aria-labelledby='toggle-toggle-id-2' role='region' class='toggle_wrap  av-title-above'  ><div class='toggle_content invers-color'  itemprop=\"text\" ><ul>\n<li>Vaya inmediatamente a su refugio seguro previamente identificado -no hay tiempo para reunir posesiones.<\/li>\n<li>Si es posible, ag\u00e1chese debajo de un mueble resistente, como una mesa. Cubra su cabeza y cuello con sus manos y brazos.<\/li>\n<li>Si est\u00e1 fuera y no hay ning\u00fan otro refugio disponible, suba a un veh\u00edculo y conduzca hasta el refugio, si es posible. Tenga en cuenta que no podr\u00e1 escapar de un tornado.<\/li>\n<li>Si debe usar un veh\u00edculo para refugiarse, conserve el cintur\u00f3n de seguridad puesto, c\u00fabrase la cabeza y mant\u00e9ngala por debajo del nivel de la ventana.<\/li>\n<li>No utilice un paso elevado o un puente para refugiarse.<\/li>\n<li>Si no hay otro refugio disponible, acu\u00e9stese en un lugar bajo y c\u00fabrase la cabeza, pero est\u00e9 atento a que el agua no llene el lugar.<\/li>\n<\/ul>\n<\/div><\/div><\/div><\/section>\n<section class='av_toggle_section av-kppth4r4-3-8472e187ac31e537dc77348b18179de2'  itemscope=\"itemscope\" itemtype=\"https:\/\/schema.org\/CreativeWork\" ><div role=\"tablist\" class=\"single_toggle\" data-tags=\"{All} \"  ><p id='toggle-toggle-id-3' data-fake-id='#toggle-id-3' class='toggler  av-title-above'  itemprop=\"headline\"  role='tab' tabindex='0' aria-controls='toggle-id-3' data-slide-speed=\"200\" data-title=\"After a Tornado\" data-title-open=\"\" data-aria_collapsed=\"Click to expand: After a Tornado\" data-aria_expanded=\"Click to collapse: After a Tornado\">Despu\u00e9s de un Tornado<span class=\"toggle_icon\"><span class=\"vert_icon\"><\/span><span class=\"hor_icon\"><\/span><\/span><\/p><div id='toggle-id-3' aria-labelledby='toggle-toggle-id-3' role='region' class='toggle_wrap  av-title-above'  ><div class='toggle_content invers-color'  itemprop=\"text\" ><ul>\n<li>Evite las l\u00edneas el\u00e9ctricas ca\u00eddas y las fugas en las l\u00edneas de gas. Inf\u00f3rmelo a su compa\u00f1\u00eda de servicios.<\/li>\n<li>Tenga cuidado con los vidrios rotos, clavos y otros objetos cortantes.<\/li>\n<li>Evite los edificios da\u00f1ados hasta que las autoridades los declaren seguros.<\/li>\n<li>Notifique a su familia que est\u00e1 a salvo. Las l\u00edneas telef\u00f3nicas pueden estar ca\u00eddas, as\u00ed que prep\u00e1rese para enviar mensajes de texto.<\/li>\n<li>Revise la propiedad para ver si hay da\u00f1os y contacte con su compa\u00f1\u00eda de seguros para presentar un reclamo.<\/li>\n<\/ul>\n<\/div><\/div><\/div><\/section>\n<section class='av_toggle_section av-kppth4r4-2-535306ac2307a99dcfdba477835f7793'  itemscope=\"itemscope\" itemtype=\"https:\/\/schema.org\/CreativeWork\" ><div role=\"tablist\" class=\"single_toggle\" data-tags=\"{All} \"  ><p id='toggle-toggle-id-4' data-fake-id='#toggle-id-4' class='toggler  av-title-above'  itemprop=\"headline\"  role='tab' tabindex='0' aria-controls='toggle-id-4' data-slide-speed=\"200\" data-title=\"More Tornado Information\" data-title-open=\"\" data-aria_collapsed=\"Click to expand: More Tornado Information\" data-aria_expanded=\"Click to collapse: More Tornado Information\">M\u00e1s Informaci\u00f3n sobre los Tornados<span class=\"toggle_icon\"><span class=\"vert_icon\"><\/span><span class=\"hor_icon\"><\/span><\/span><\/p><div id='toggle-id-4' aria-labelledby='toggle-toggle-id-4' role='region' class='toggle_wrap  av-title-above'  ><div class='toggle_content invers-color'  itemprop=\"text\" ><p>Referencias, Recursos y M\u00e1s Informaci\u00f3n:<\/p>\n<ul>\n<li><a href=\"http:\/\/www.ready.gov\/tornadoes\" target=\"_blank\" rel=\"nofollow noopener\">Ready.gov - Tornados<\/a><\/li>\n<li><a href=\"http:\/\/www.nssl.noaa.gov\/\" target=\"_blank\" rel=\"nofollow noopener\">Laboratorio Nacional de Tormentas Severas de la NOAA<\/a><\/li>\n<li><a href=\"http:\/\/dhsem.state.co.us\/sites\/default\/files\/attachments\/Section3HazardIdentificationandRiskAssessment.pdf\" target=\"_blank\" rel=\"nofollow noopener\">Plan de Mitigaci\u00f3n de Riesgos Naturales del Estado de Colorado<\/a><\/li>\n<li><a href=\"http:\/\/www.nws.noaa.gov\/om\/severeweather\/resources\/ttl6-10.pdf\" target=\"_blank\" rel=\"nofollow noopener\">Tormentas El\u00e9ctricas, Tornados, Rayos... las Tormentas m\u00e1s Violentas de la Naturaleza<\/a><\/li>\n<li><a href=\"http:\/\/www.tornadoproject.com\/index.html\" target=\"_blank\" rel=\"nofollow noopener\">Proyecto Tornado<\/a><\/li>\n<\/ul>\n<\/div><\/div><\/div><\/section>\n<section class='av_toggle_section av-kppth4r4-1-d388d778b08f6382c774fa22b6667e02'  itemscope=\"itemscope\" itemtype=\"https:\/\/schema.org\/CreativeWork\" ><div role=\"tablist\" class=\"single_toggle\" data-tags=\"{All} \"  ><p id='toggle-toggle-id-5' data-fake-id='#toggle-id-5' class='toggler  av-title-above'  itemprop=\"headline\"  role='tab' tabindex='0' aria-controls='toggle-id-5' data-slide-speed=\"200\" data-title=\"Tornado: It Happened Here\" data-title-open=\"\" data-aria_collapsed=\"Click to expand: Tornado: It Happened Here\" data-aria_expanded=\"Click to collapse: Tornado: It Happened Here\">Tornados: Aqu\u00ed Sucedi\u00f3<span class=\"toggle_icon\"><span class=\"vert_icon\"><\/span><span class=\"hor_icon\"><\/span><\/span><\/p><div id='toggle-id-5' aria-labelledby='toggle-toggle-id-5' role='region' class='toggle_wrap  av-title-above'  ><div class='toggle_content invers-color'  itemprop=\"text\" ><p>En mayo de 2008, Windsor, Colorado, experiment\u00f3 un tornado y una tormenta de granizo que caus\u00f3 p\u00e9rdidas aseguradas en unos $193.5 millones. Se lo clasific\u00f3 como un tornado EF3 \u2500 se estim\u00f3 que los vientos en las zonas m\u00e1s da\u00f1adas alcanzaron los 130 a 150 millas por hora. Una persona muri\u00f3 al tratar de escapar del tornado y luego se reportaron varias personas lesionadas.<\/p>\n<\/div><\/div><\/div><\/section>\n<\/div><\/p><\/div>","protected":false},"excerpt":{"rendered":"","protected":false},"author":1,"featured_media":0,"parent":0,"menu_order":0,"comment_status":"closed","ping_status":"closed","template":"","meta":{"footnotes":""},"class_list":["post-1227","page","type-page","status-publish","hentry"],"_links":{"self":[{"href":"http:\/\/oem.yumacountysheriff.net\/es\/wp-json\/wp\/v2\/pages\/1227","targetHints":{"allow":["GET"]}}],"collection":[{"href":"http:\/\/oem.yumacountysheriff.net\/es\/wp-json\/wp\/v2\/pages"}],"about":[{"href":"http:\/\/oem.yumacountysheriff.net\/es\/wp-json\/wp\/v2\/types\/page"}],"author":[{"embeddable":true,"href":"http:\/\/oem.yumacountysheriff.net\/es\/wp-json\/wp\/v2\/users\/1"}],"replies":[{"embeddable":true,"href":"http:\/\/oem.yumacountysheriff.net\/es\/wp-json\/wp\/v2\/comments?post=1227"}],"version-history":[{"count":5,"href":"http:\/\/oem.yumacountysheriff.net\/es\/wp-json\/wp\/v2\/pages\/1227\/revisions"}],"predecessor-version":[{"id":2109,"href":"http:\/\/oem.yumacountysheriff.net\/es\/wp-json\/wp\/v2\/pages\/1227\/revisions\/2109"}],"wp:attachment":[{"href":"http:\/\/oem.yumacountysheriff.net\/es\/wp-json\/wp\/v2\/media?parent=1227"}],"curies":[{"name":"wp","href":"https:\/\/api.w.org\/{rel}","templated":true}]}}