{"id":1232,"date":"2021-06-09T18:45:42","date_gmt":"2021-06-09T18:45:42","guid":{"rendered":"http:\/\/oem.yumacountysheriff.net\/?page_id=1232"},"modified":"2023-12-10T21:53:55","modified_gmt":"2023-12-10T21:53:55","slug":"wildfire","status":"publish","type":"page","link":"http:\/\/oem.yumacountysheriff.net\/es\/wildfire\/","title":{"rendered":"Incendios Forestales"},"content":{"rendered":"<style type=\"text\/css\" data-created_by=\"avia_inline_auto\" id=\"style-css-av-6cp1u8-55e5d58c8306972a7b5d910eeb6f3cca\">\n.avia-section.av-6cp1u8-55e5d58c8306972a7b5d910eeb6f3cca{\nbackground-repeat:no-repeat;\nbackground-image:url(http:\/\/oem.yumacountysheriff.net\/wp-content\/uploads\/2021\/06\/wildfire.jpg);\nbackground-position:50% 50%;\nbackground-attachment:scroll;\n}\n.avia-section.av-6cp1u8-55e5d58c8306972a7b5d910eeb6f3cca .av-section-color-overlay{\nopacity:0.7;\nbackground-color:#000000;\n}\n<\/style>\n<div id='av_section_1'  class='avia-section av-6cp1u8-55e5d58c8306972a7b5d910eeb6f3cca main_color avia-section-huge avia-no-border-styling  avia-builder-el-0  el_before_av_section  avia-builder-el-first  avia-full-stretch avia-bg-style-scroll av-section-color-overlay-active container_wrap fullsize'  data-section-bg-repeat='stretch'><div class=\"av-section-color-overlay-wrap\"><div class=\"av-section-color-overlay\"><\/div><div class='container av-section-cont-open' ><main  role=\"main\" itemprop=\"mainContentOfPage\"  class='template-page content  av-content-full alpha units'><div class='post-entry post-entry-type-page post-entry-1232'><div class='entry-content-wrapper clearfix'>\n\n<style type=\"text\/css\" data-created_by=\"avia_inline_auto\" id=\"style-css-av-kpptkakw-a785571f5feeb629117cfdd3a229e0ad\">\n#top .av-special-heading.av-kpptkakw-a785571f5feeb629117cfdd3a229e0ad{\npadding-bottom:0;\nfont-size:90px;\n}\nbody .av-special-heading.av-kpptkakw-a785571f5feeb629117cfdd3a229e0ad .av-special-heading-tag .heading-char{\nfont-size:25px;\n}\n#top #wrap_all .av-special-heading.av-kpptkakw-a785571f5feeb629117cfdd3a229e0ad .av-special-heading-tag{\nfont-size:90px;\n}\n.av-special-heading.av-kpptkakw-a785571f5feeb629117cfdd3a229e0ad .av-subheading{\nfont-size:15px;\n}\n\n@media only screen and (min-width: 480px) and (max-width: 767px){ \n#top #wrap_all .av-special-heading.av-kpptkakw-a785571f5feeb629117cfdd3a229e0ad .av-special-heading-tag{\nfont-size:0.8em;\n}\n}\n\n@media only screen and (max-width: 479px){ \n#top #wrap_all .av-special-heading.av-kpptkakw-a785571f5feeb629117cfdd3a229e0ad .av-special-heading-tag{\nfont-size:0.8em;\n}\n}\n<\/style>\n<div  class='av-special-heading av-kpptkakw-a785571f5feeb629117cfdd3a229e0ad av-special-heading-h1 blockquote modern-quote modern-centered  avia-builder-el-1  avia-builder-el-no-sibling  av-inherit-size av-linked-heading'><h1 class='av-special-heading-tag'  itemprop=\"headline\"  >Incendios Forestales<\/h1><div class=\"special-heading-border\"><div class=\"special-heading-inner-border\"><\/div><\/div><\/div>\n\n<\/div><\/div><\/main><!-- close content main element --><\/div><\/div><\/div>\n<style type=\"text\/css\" data-created_by=\"avia_inline_auto\" id=\"style-css-av-4lz19c-f941b5d7308abc7413f19b2c1c66d9ed\">\n.avia-section.av-4lz19c-f941b5d7308abc7413f19b2c1c66d9ed .av-section-color-overlay{\nopacity:0.7;\nbackground-color:#000000;\nbackground-image:url(http:\/\/oem.yumacountysheriff.net\/wp-content\/themes\/enfold\/images\/background-images\/grunge-big-light.png);\nbackground-repeat:repeat;\n}\n.avia-section.av-4lz19c-f941b5d7308abc7413f19b2c1c66d9ed .av-extra-border-element .av-extra-border-inner{\nbackground-color:#111111;\n}\n<\/style>\n<div id='av_section_2'  class='avia-section av-4lz19c-f941b5d7308abc7413f19b2c1c66d9ed main_color avia-section-huge avia-no-border-styling  avia-builder-el-2  el_after_av_section  avia-builder-el-last  avia-bg-style-fixed av-section-color-overlay-active av-arrow-down-section container_wrap fullsize'  ><div class=\"av-section-color-overlay-wrap\"><div class=\"av-section-color-overlay\"><\/div><div class='container av-section-cont-open' ><div class='template-page content  av-content-full alpha units'><div class='post-entry post-entry-type-page post-entry-1232'><div class='entry-content-wrapper clearfix'>\n\n<style type=\"text\/css\" data-created_by=\"avia_inline_auto\" id=\"style-css-av-7riog-6647a0b5fa2395ac52abb43d2fea33df\">\n.flex_column.av-7riog-6647a0b5fa2395ac52abb43d2fea33df{\nborder-radius:0px 0px 0px 0px;\npadding:0px 0px 0px 0px;\n}\n<\/style>\n<div  class='flex_column av-7riog-6647a0b5fa2395ac52abb43d2fea33df av_one_full  avia-builder-el-3  avia-builder-el-no-sibling  first flex_column_div av-zero-column-padding'     ><p><section  class='av_textblock_section av-kpptl92t-8fe5983dfd9d9dd7f799b5924adc878f'   itemscope=\"itemscope\" itemtype=\"https:\/\/schema.org\/CreativeWork\" ><div class='avia_textblock'  itemprop=\"text\" ><p><a href=\"\/wp-content\/uploads\/2021\/06\/Yuma-County-CWPP-SP-6-14-11.pdf\" target=\"_blank\" rel=\"noopener\">Haga clic para ver el plan de incendios forestales del condado de Yuma.<\/a><\/p>\n<p>\u00bfSabe c\u00f3mo prepararse y defenderse adecuadamente, a si mismo, a su familia y a su hogar de un incendio forestal?<\/p>\n<p>Cada a\u00f1o los incendios forestales queman miles de hogares dejando a los propietarios devastados y pregunt\u00e1ndose d\u00f3nde y c\u00f3mo empezar a reconstruir sus vidas. A menudo, los incendios forestales empiezan sin ser notados.  Se propagan r\u00e1pidamente, dejando poco tiempo para empacar y evacuar.<\/p>\n<p>Adem\u00e1s, las amenazas de incendios forestales para la vida y la propiedad aumentan a medida que m\u00e1s personas construyen casas, operan negocios y se recrean en zonas donde las tierras v\u00edrgenes bordean m\u00e1s zonas urbanas. En las \u00faltimas d\u00e9cadas, m\u00e1s personas se est\u00e1n mudando a un \u00e1rea conocida como Tierra Virgen.<\/p>\n<p>Interfaz Urbana (WUI, por sus siglas en ingl\u00e9s). Las WUI consisten en la construcci\u00f3n de mejoras hechas por el hombre, como casas, cerca o dentro de terrenos naturales y vegetaci\u00f3n inflamable con alto potencial de incendio forestal. Mientras que los residentes de estas \u00e1reas disfrutan de la belleza del medio ambiente que los rodea, tambi\u00e9n se enfrentan al peligro muy real de los incendios forestales.<\/p>\n<p>Adem\u00e1s del crecimiento de las personas que migran a las WUI, las frecuentes y severas sequ\u00edas, el calor r\u00e9cord y las infestaciones de insectos han contribuido a aumentar el peligro de incendios en Colorado. \u00bfEst\u00e1 usted en riesgo?  Revise el\u00a0<a href=\"http:\/\/www.coloradowildfirerisk.com\/\" target=\"_blank\" rel=\"nofollow noopener\">Portal de Evaluaci\u00f3n de Riesgos de Incendios Forestales de Colorado<\/a>. A pesar del riesgo, todo el mundo puede tomar medidas para prepararse para los incendios forestales.  Explore la informaci\u00f3n a continuaci\u00f3n para aprender m\u00e1s sobre lo que puede hacer.<\/p>\n<p><iframe loading=\"lazy\" title=\"Wildfire Safety Video\" src=\"https:\/\/www.youtube.com\/embed\/ZEJsxl2Zq7E?autoplay=0&amp;start=0&amp;rel=0\" width=\"854\" height=\"480\" frameborder=\"0\" allowfullscreen=\"allowfullscreen\" aria-label=\"Wildfire Safety Video\"><\/iframe><\/p>\n<\/div><\/section><br \/>\n<div  class='togglecontainer av-kpptobk6-cc07f238234c36ff60f5639d7b9af441  avia-builder-el-5  el_after_av_textblock  avia-builder-el-last  toggle_close_all' >\n<section class='av_toggle_section av-kpptmhdc-be636e1c943a45c5da6949e8b0f0f5b4'  itemscope=\"itemscope\" itemtype=\"https:\/\/schema.org\/CreativeWork\" ><div role=\"tablist\" class=\"single_toggle\" data-tags=\"{All} \"  ><p id='toggle-toggle-id-1' data-fake-id='#toggle-id-1' class='toggler  av-title-above'  itemprop=\"headline\"  role='tab' tabindex='0' aria-controls='toggle-id-1' data-slide-speed=\"200\" data-title=\"Before a Wildfire\" data-title-open=\"\" data-aria_collapsed=\"Click to expand: Before a Wildfire\" data-aria_expanded=\"Click to collapse: Before a Wildfire\">Antes de un Incendio Forestal<span class=\"toggle_icon\"><span class=\"vert_icon\"><\/span><span class=\"hor_icon\"><\/span><\/span><\/p><div id='toggle-id-1' aria-labelledby='toggle-toggle-id-1' role='region' class='toggle_wrap  av-title-above'  ><div class='toggle_content invers-color'  itemprop=\"text\" ><ul>\n<li>Prepare un equipo de emergencia y un plan de comunicaci\u00f3n familiar.<\/li>\n<li>Conozca m\u00e1s de una ruta de salida en caso de que tenga que evacuar.<\/li>\n<li>Plantar arbustos y \u00e1rboles resistentes al fuego.<\/li>\n<li>Quitar las hojas y otros escombros del techo y de las canaletas.<\/li>\n<li>Inspeccionar las chimeneas al menos dos veces al a\u00f1o y limpiarlas al menos una vez al a\u00f1o.<\/li>\n<li>Utilizar una malla de 1\/8 de pulgada debajo de los porches, cubiertas, \u00e1reas de piso y la casa misma para ayudar a mantener las brasas afuera.<\/li>\n<li>Instalar una alarma de humo de doble sensor en cada nivel de su casa, especialmente cerca de los dormitorios. Aseg\u00farese de probar las alarmas mensualmente y cambiar las bater\u00edas al menos una vez al a\u00f1o.<\/li>\n<li>Ense\u00f1ar a cada miembro de la familia a usar un extintor de incendios y mu\u00e9streles d\u00f3nde se encuentra.<\/li>\n<li>Mantener una escalera que llegue al techo.<\/li>\n<li>Considerar la posibilidad de instalar persianas protectoras o cortinas pesadas resistentes al fuego.<\/li>\n<li>Despejar los art\u00edculos que puedan quemarse de los alrededores de la casa, incluyendo pilas de madera, muebles de madera para el c\u00e9sped, parrillas de barbacoa, cubiertas de lona, etc. Mu\u00e9valos fuera de su\u00a0<a href=\"http:\/\/csfs.colostate.edu\/wildfire-mitigation\/protect-your-home-property-forest-from-wildfire\/\" target=\"_blank\" rel=\"nofollow noopener\">espacio defensivo.<\/a>.<\/li>\n<\/ul>\n<h3>Preparar una Zona de Seguridad para su hogar<\/h3>\n<p>Cree una zona de seguridad de 30 a 100 pies alrededor de su casa. Dentro de esta zona, puede tomar medidas para reducir la exposici\u00f3n potencial a las llamas y al calor radiante. Las casas construidas en los bosques de pino deben tener una zona de seguridad m\u00ednima de 100 pies. Si su casa se encuentra en una pendiente empinada, las medidas de protecci\u00f3n habituales pueden no ser suficientes - p\u00f3ngase en contacto con el departamento de bomberos local o la oficina forestal para obtener informaci\u00f3n espec\u00edfica.<\/p>\n<p>Dentro de la zona, usted querr\u00e1 tomar los siguientes pasos:<\/p>\n<ul>\n<li>Rastrillar y quitar las hojas, ramas y tallos muertos - limpiar toda la vegetaci\u00f3n inflamable.<\/li>\n<li>Quitar hojas y basura de debajo de las estructuras.<\/li>\n<li>Marque un espacio de 15 pies entre las copas de los \u00e1rboles y quite las ramas a 15 pies del suelo.<\/li>\n<li>Remueva las ramas secas que est\u00e9n extendidas sobre el techo.<\/li>\n<li>Pode las ramas de los \u00e1rboles y arbustos a 15 pies del tubo de la estufa o la salida de la chimenea.<\/li>\n<li>D\u00edgale a la compa\u00f1\u00eda el\u00e9ctrica que limpie las ramas desde los cables el\u00e9ctricos<\/li>\n<li>Remueva enredaderas de las paredes del hogar.<\/li>\n<li>Pode el c\u00e9sped regularmente.<\/li>\n<li>Limpie un \u00e1rea de 10 pies alrededor de tanques de propano y la barbacoa. Ponga una malla sobre la parilla \u2013 use un material no inflamable con una malla no m\u00e1s gruesa que un cuarto de pulgada.<\/li>\n<li>Regularmente sit\u00fae los peri\u00f3dicos y la basura en un lugar adecuado. Siga las normas locales sobre incineraci\u00f3n.<\/li>\n<li>Ponga las cenizas de la estufa, chimenea y parrilla en un cubo de metal, remoje en agua por 2 d\u00edas, y despu\u00e9s entierre las cenizas fr\u00edas en suelo mineral.<\/li>\n<li>Almacene gasolina, trapos grasientos y otros materiales inflamables en latas de seguridad aprobadas. Ponga las latas en una ubicaci\u00f3n segura lejos de la base de los edificios.<\/li>\n<li>Apile le\u00f1a al menos a una distancia de 100 pies cuesta arriba de tu casa. Limpie el material combustible a 20 pies de la pila de madera.<\/li>\n<li>Revise la p\u00f3liza de seguro de su casa y tambi\u00e9n prepare\/actualice un inventario del contenido de su casa.<\/li>\n<\/ul>\n<\/div><\/div><\/div><\/section>\n<section class='av_toggle_section av-kpptn11e-2a1607d691fbcc4ff847d749a3448c36'  itemscope=\"itemscope\" itemtype=\"https:\/\/schema.org\/CreativeWork\" ><div role=\"tablist\" class=\"single_toggle\" data-tags=\"{All} \"  ><p id='toggle-toggle-id-2' data-fake-id='#toggle-id-2' class='toggler  av-title-above'  itemprop=\"headline\"  role='tab' tabindex='0' aria-controls='toggle-id-2' data-slide-speed=\"200\" data-title=\"During a Wildfire\" data-title-open=\"\" data-aria_collapsed=\"Click to expand: During a Wildfire\" data-aria_expanded=\"Click to collapse: During a Wildfire\">Durante un Incendio Forestal<span class=\"toggle_icon\"><span class=\"vert_icon\"><\/span><span class=\"hor_icon\"><\/span><\/span><\/p><div id='toggle-id-2' aria-labelledby='toggle-toggle-id-2' role='region' class='toggle_wrap  av-title-above'  ><div class='toggle_content invers-color'  itemprop=\"text\" ><h3>Evacuaci\u00f3n Previa<\/h3>\n<ul>\n<li>Prep\u00e1rese para salir en cualquier momento.<\/li>\n<li>Si no ha recibido un aviso de evacuaci\u00f3n, pero sus instintos le dicen que debe evacuar, h\u00e1galo inmediatamente.<\/li>\n<li>Escuche sus estaciones de radio y televisi\u00f3n locales por informaci\u00f3n actualizada de la emergencia.<\/li>\n<li>Siempre estacione su auto en el garaje o en un espacio abierto mirando en direcci\u00f3n a la ruta de escape.<\/li>\n<li>Encierre a sus mascotas en un cuarto para que pueda encontrarlos si necesita evacuar r\u00e1pidamente.<\/li>\n<li>Organice un alojamiento temporal en la casa de un amigo o pariente fuera del \u00e1rea amenazada en caso de que necesite evacuar.<\/li>\n<li>Use ropa protectora cuando est\u00e9 afuera: zapatos resistentes, ropa de algod\u00f3n o lana, pantalones largos, una camisa de manga larga, guantes y un pa\u00f1uelo para proteger su cara.<\/li>\n<li>Ubique los papeles valiosos, recuerdos y cualquier cosa \"sin la que no pueda vivir\" dentro del autom\u00f3vil, listo para una salida r\u00e1pida. Cualquier mascota que est\u00e9 con usted tambi\u00e9n debe ser puesta en el autom\u00f3vil.<\/li>\n<li>Cierre el exterior del \u00e1tico, aleros y respiraderos del s\u00f3tano, ventanas, puertas, puertas para mascotas, etc. Remueva las cortinas y los cortinajes. Cierre todas las contraventanas, persianas o cubiertas pesadas no combustibles de las ventanas para reducir la radiaci\u00f3n de calor.<\/li>\n<li>Cierre todas las puertas adentro de la casa para prevenir corrientes de aire. Abra el regulador de tiro de su chimenea, pero cierre la pantalla de protecci\u00f3n de la chimenea.<\/li>\n<li>Corte cualquier suministro de gas natural, propano o aceite combustible desde su fuente.<\/li>\n<li>Conecte las mangueras de jard\u00edn a un grifo de agua exterior y llena de agua cualquier piscina, jacuzzi, cubo de basura, ba\u00f1era u otro recipiente grande.<\/li>\n<li>Ponga en una piscina o estanque los objetos de valor que no se da\u00f1en con el agua.<\/li>\n<li>Ponga los rociadores de c\u00e9sped en el techo y cerca de los tanques de combustible que est\u00e9n sobre el suelo. Deje que los rociadores humedezcan estas estructuras tanto como sea posible.<\/li>\n<li>Si tiene bombas de gas para el agua, aseg\u00farese de que tengan combustible y est\u00e9n listas.<\/li>\n<li>Desconecte los abridores autom\u00e1ticos de las puertas de garaje para poder abrirlas a mano si la electricidad falla, pero mantenga la puerta cerrada.<\/li>\n<li>Mueva los muebles inflamables al centro de la residencia lejos de las ventanas y puertas de vidrio deslizante.<\/li>\n<\/ul>\n<h3>Evacuaci\u00f3n Inmediata Requerida<\/h3>\n<ul>\n<li>Si se le aconseja evacuar, h\u00e1galo inmediatamente. Lleve su kit de emergencia, cierre su casa y elija una ruta lejos del peligro de incendio. Est\u00e9 atento a los cambios en la velocidad y direcci\u00f3n del fuego y el humo. Informe a alguien de cu\u00e1ndo se fue y ad\u00f3nde va.<\/li>\n<li>Si ve un incendio forestal y a\u00fan no ha recibido \u00f3rdenes de evacuaci\u00f3n, llame al 9-1-1. No asuma que alguien m\u00e1s ya ha llamado. Describa la ubicaci\u00f3n del fuego, hable despacio y claramente, y responda a cualquier pregunta que le haga el remitente.<\/li>\n<li>Vaya a un refugio p\u00fablico designado si le han dicho que evacue o si siente que no es seguro permanecer en su casa. Consulte\u00a0<a href=\"http:\/\/www.coemergency.com\/\" target=\"_blank\" rel=\"nofollow noopener\">COEmergency.com<\/a>\u00a0para obtener informaci\u00f3n sobre los refugios o vaya a su sitio web local de gesti\u00f3n de emergencias.<\/li>\n<li>Si est\u00e1 con v\u00edctimas de quemaduras, o es usted una v\u00edctima de quemaduras, llame al 9-1-1 o busque ayuda inmediatamente; enfr\u00ede y cubra las quemaduras para reducir la posibilidad de que se produzcan m\u00e1s lesiones o infecciones.<\/li>\n<\/ul>\n<\/div><\/div><\/div><\/section>\n<section class='av_toggle_section av-kpptn11e-3-b017e86c3859c8a99481fdae98d356cc'  itemscope=\"itemscope\" itemtype=\"https:\/\/schema.org\/CreativeWork\" ><div role=\"tablist\" class=\"single_toggle\" data-tags=\"{All} \"  ><p id='toggle-toggle-id-3' data-fake-id='#toggle-id-3' class='toggler  av-title-above'  itemprop=\"headline\"  role='tab' tabindex='0' aria-controls='toggle-id-3' data-slide-speed=\"200\" data-title=\"After a Wildfire\" data-title-open=\"\" data-aria_collapsed=\"Click to expand: After a Wildfire\" data-aria_expanded=\"Click to collapse: After a Wildfire\">Despu\u00e9s de un Incendio Forestal<span class=\"toggle_icon\"><span class=\"vert_icon\"><\/span><span class=\"hor_icon\"><\/span><\/span><\/p><div id='toggle-id-3' aria-labelledby='toggle-toggle-id-3' role='region' class='toggle_wrap  av-title-above'  ><div class='toggle_content invers-color'  itemprop=\"text\" ><ul>\n<li>No vuelva a su casa hasta que los bomberos digan que es seguro hacerlo.<\/li>\n<li>Tenga precauci\u00f3n al entrar en zonas quemadas, ya que a\u00fan pueden existir peligros, incluidos los puntos calientes, que pueden estallar sin previo aviso.<\/li>\n<li>Durante varias horas despu\u00e9s del incendio, mantenga una \"guardia de fuego\". Revise si hay humo y chispas en toda la casa, incluyendo el \u00e1tico.<\/li>\n<li>Si detecta calor o humo al entrar en un edificio da\u00f1ado, evac\u00fae inmediatamente.<\/li>\n<li>Evite las l\u00edneas el\u00e9ctricas da\u00f1adas o ca\u00eddas, los postes y los cables ca\u00eddos.<\/li>\n<li>Vigile si hay pozos de ceniza y m\u00e1rquelos por seguridad. Advierta a la familia y a los vecinos que se mantengan alejados de los pozos tambi\u00e9n.<\/li>\n<li>Vigile a sus animales de cerca y mant\u00e9ngalos bajo su control directo. Las brasas ocultas y los puntos calientes podr\u00edan quemar las patas o las pezu\u00f1as de sus mascotas.<\/li>\n<li>Mantenga la calma, mantenga el ritmo y escuche atentamente lo que la gente le dice, y atienda primero las situaciones urgentes.<\/li>\n<li>Contacte a su compa\u00f1\u00eda de seguro si hay alg\u00fan da\u00f1o.<\/li>\n<\/ul>\n<\/div><\/div><\/div><\/section>\n<section class='av_toggle_section av-kpptn11e-2-ffa39de21f41acbf1ebe1f35d62074cd'  itemscope=\"itemscope\" itemtype=\"https:\/\/schema.org\/CreativeWork\" ><div role=\"tablist\" class=\"single_toggle\" data-tags=\"{All} \"  ><p id='toggle-toggle-id-4' data-fake-id='#toggle-id-4' class='toggler  av-title-above'  itemprop=\"headline\"  role='tab' tabindex='0' aria-controls='toggle-id-4' data-slide-speed=\"200\" data-title=\"More Wildfire Information\" data-title-open=\"\" data-aria_collapsed=\"Click to expand: More Wildfire Information\" data-aria_expanded=\"Click to collapse: More Wildfire Information\">M\u00e1s Informaci\u00f3n Sobre Incendios Forestales<span class=\"toggle_icon\"><span class=\"vert_icon\"><\/span><span class=\"hor_icon\"><\/span><\/span><\/p><div id='toggle-id-4' aria-labelledby='toggle-toggle-id-4' role='region' class='toggle_wrap  av-title-above'  ><div class='toggle_content invers-color'  itemprop=\"text\" ><p>Referencias, Recursos y M\u00e1s Informaci\u00f3n:<\/p>\n<ul>\n<li><a href=\"http:\/\/www.ready.gov\/wildfires\" target=\"_blank\" rel=\"nofollow noopener\">Ready.gov - Incendios Forestales<\/a><\/li>\n<li><a href=\"http:\/\/www.wildlandfirersg.org\/\" target=\"_blank\" rel=\"nofollow noopener\">En sus \u00a1Marcas, Listos, Fuera!<\/a><\/li>\n<li><a href=\"http:\/\/www.survivingwildfire.com\/\" target=\"_blank\" rel=\"nofollow noopener\">Sobreviviendo un Incendio Forestal<\/a><\/li>\n<li><a href=\"http:\/\/www.coloradowildfirerisk.com\/\" target=\"_blank\" rel=\"nofollow noopener\">Portal de Evaluaci\u00f3n de Riesgos de Incendios Forestales de Colorado<\/a><\/li>\n<li><a href=\"http:\/\/csfs.colostate.edu\/\" target=\"_blank\" rel=\"nofollow noopener\">Servicio Forestal del Estado de Colorado<\/a><\/li>\n<li><a href=\"http:\/\/www.nifc.gov\/\" target=\"_blank\" rel=\"nofollow noopener\">Centro Interinstitucional Nacional contra Incendios<\/a><\/li>\n<li><a href=\"http:\/\/www.usfa.fema.gov\/\" target=\"_blank\" rel=\"nofollow noopener\">Administraci\u00f3n para los Incendios de Estados Unidos<\/a><\/li>\n<li><a href=\"http:\/\/www.nfpa.org\/\" target=\"_blank\" rel=\"nofollow noopener\">Asociaci\u00f3n Nacional de Protecci\u00f3n contra el Fuego<\/a><\/li>\n<li><a href=\"http:\/\/www.rmiia.org\/index.asp\" target=\"_blank\" rel=\"nofollow noopener\">Asociaci\u00f3n de Informaci\u00f3n de Seguros Rocky Mountain<\/a><\/li>\n<li><a href=\"http:\/\/www.firewise.org\/\" target=\"_blank\" rel=\"nofollow noopener\">Firewise<\/a><\/li>\n<li><a href=\"http:\/\/www.fireadapted.org\/\" target=\"_blank\" rel=\"nofollow noopener\">Comunidades Adaptadas a los Incendios<\/a><\/li>\n<li><a href=\"http:\/\/www.redcross.org\/prepare\/disaster\/wildfire\" target=\"_blank\" rel=\"nofollow noopener\">Cruz Roja - Preparaci\u00f3n para los Incendios Forestales<\/a><\/li>\n<li><a href=\"https:\/\/inciweb.nwcg.gov\/\" target=\"_blank\" rel=\"nofollow noopener\">InciWeb<\/a><\/li>\n<\/ul>\n<\/div><\/div><\/div><\/section>\n<section class='av_toggle_section av-kpptn11e-1-b3abc57118dab25413e7a24f32a3c150'  itemscope=\"itemscope\" itemtype=\"https:\/\/schema.org\/CreativeWork\" ><div role=\"tablist\" class=\"single_toggle\" data-tags=\"{All} \"  ><p id='toggle-toggle-id-5' data-fake-id='#toggle-id-5' class='toggler  av-title-above'  itemprop=\"headline\"  role='tab' tabindex='0' aria-controls='toggle-id-5' data-slide-speed=\"200\" data-title=\"Wildfire: It Happened Here\" data-title-open=\"\" data-aria_collapsed=\"Click to expand: Wildfire: It Happened Here\" data-aria_expanded=\"Click to collapse: Wildfire: It Happened Here\">Incendio Forestal: Aqu\u00ed Sucedi\u00f3<span class=\"toggle_icon\"><span class=\"vert_icon\"><\/span><span class=\"hor_icon\"><\/span><\/span><\/p><div id='toggle-id-5' aria-labelledby='toggle-toggle-id-5' role='region' class='toggle_wrap  av-title-above'  ><div class='toggle_content invers-color'  itemprop=\"text\" ><p>El Incendio del Black Forest \\[Black Forest Fire] empez\u00f3 el 11 de junio de 2013 y continuar\u00eda hasta el 21 de junio, creciendo al final a 14,280 acres. El 13 de junio de 2013, se confirmaron dos muertes. El Incendio del Black Forest fue el incendio individual m\u00e1s destructivo en la historia de Colorado en t\u00e9rminos de perdida de propiedad. Las p\u00e9rdidas aseguradas estimadas totales ascendieron a $292.8 millones como resultado de aproximadamente 3,630 reclamaciones de seguro de vivienda y autom\u00f3vil presentadas hasta ahora. El Condado de El Paso reporta 486 estructuras quemadas en el incendio. Esta fue la segunda vez en menos de un a\u00f1o que un incendio en el Condado de El Paso estableci\u00f3 tal r\u00e9cord, el primero fue el incendio del Ca\u00f1\u00f3n Waldo.<\/p>\n<\/div><\/div><\/div><\/section>\n<\/div><\/p><\/div>","protected":false},"excerpt":{"rendered":"","protected":false},"author":1,"featured_media":0,"parent":0,"menu_order":0,"comment_status":"closed","ping_status":"closed","template":"","meta":{"footnotes":""},"class_list":["post-1232","page","type-page","status-publish","hentry"],"_links":{"self":[{"href":"http:\/\/oem.yumacountysheriff.net\/es\/wp-json\/wp\/v2\/pages\/1232","targetHints":{"allow":["GET"]}}],"collection":[{"href":"http:\/\/oem.yumacountysheriff.net\/es\/wp-json\/wp\/v2\/pages"}],"about":[{"href":"http:\/\/oem.yumacountysheriff.net\/es\/wp-json\/wp\/v2\/types\/page"}],"author":[{"embeddable":true,"href":"http:\/\/oem.yumacountysheriff.net\/es\/wp-json\/wp\/v2\/users\/1"}],"replies":[{"embeddable":true,"href":"http:\/\/oem.yumacountysheriff.net\/es\/wp-json\/wp\/v2\/comments?post=1232"}],"version-history":[{"count":7,"href":"http:\/\/oem.yumacountysheriff.net\/es\/wp-json\/wp\/v2\/pages\/1232\/revisions"}],"predecessor-version":[{"id":2269,"href":"http:\/\/oem.yumacountysheriff.net\/es\/wp-json\/wp\/v2\/pages\/1232\/revisions\/2269"}],"wp:attachment":[{"href":"http:\/\/oem.yumacountysheriff.net\/es\/wp-json\/wp\/v2\/media?parent=1232"}],"curies":[{"name":"wp","href":"https:\/\/api.w.org\/{rel}","templated":true}]}}