{"id":1236,"date":"2021-06-09T19:41:37","date_gmt":"2021-06-09T19:41:37","guid":{"rendered":"http:\/\/oem.yumacountysheriff.net\/?page_id=1236"},"modified":"2023-12-10T21:54:41","modified_gmt":"2023-12-10T21:54:41","slug":"winter-storm-blizzard","status":"publish","type":"page","link":"http:\/\/oem.yumacountysheriff.net\/es\/winter-storm-blizzard\/","title":{"rendered":"Tormentas de Nieve\/Ventiscas de Nieve"},"content":{"rendered":"<style type=\"text\/css\" data-created_by=\"avia_inline_auto\" id=\"style-css-av-5va4ec-e909ef488d79e6facb99ee64f3803197\">\n.avia-section.av-5va4ec-e909ef488d79e6facb99ee64f3803197{\nbackground-repeat:no-repeat;\nbackground-image:url(http:\/\/oem.yumacountysheriff.net\/wp-content\/uploads\/2021\/06\/blizzard.jpg);\nbackground-position:50% 50%;\nbackground-attachment:scroll;\n}\n.avia-section.av-5va4ec-e909ef488d79e6facb99ee64f3803197 .av-section-color-overlay{\nopacity:0.7;\nbackground-color:#000000;\n}\n<\/style>\n<div id='av_section_1'  class='avia-section av-5va4ec-e909ef488d79e6facb99ee64f3803197 main_color avia-section-huge avia-no-border-styling  avia-builder-el-0  el_before_av_section  avia-builder-el-first  avia-full-stretch avia-bg-style-scroll av-section-color-overlay-active container_wrap fullsize'  data-section-bg-repeat='stretch'><div class=\"av-section-color-overlay-wrap\"><div class=\"av-section-color-overlay\"><\/div><div class='container av-section-cont-open' ><main  role=\"main\" itemprop=\"mainContentOfPage\"  class='template-page content  av-content-full alpha units'><div class='post-entry post-entry-type-page post-entry-1236'><div class='entry-content-wrapper clearfix'>\n\n<style type=\"text\/css\" data-created_by=\"avia_inline_auto\" id=\"style-css-av-kppvk0fk-cdd9bc96524e9ba49490272b809015c8\">\n#top .av-special-heading.av-kppvk0fk-cdd9bc96524e9ba49490272b809015c8{\npadding-bottom:0;\nfont-size:90px;\n}\nbody .av-special-heading.av-kppvk0fk-cdd9bc96524e9ba49490272b809015c8 .av-special-heading-tag .heading-char{\nfont-size:25px;\n}\n#top #wrap_all .av-special-heading.av-kppvk0fk-cdd9bc96524e9ba49490272b809015c8 .av-special-heading-tag{\nfont-size:90px;\n}\n.av-special-heading.av-kppvk0fk-cdd9bc96524e9ba49490272b809015c8 .av-subheading{\nfont-size:15px;\n}\n\n@media only screen and (min-width: 480px) and (max-width: 767px){ \n#top #wrap_all .av-special-heading.av-kppvk0fk-cdd9bc96524e9ba49490272b809015c8 .av-special-heading-tag{\nfont-size:0.8em;\n}\n}\n\n@media only screen and (max-width: 479px){ \n#top #wrap_all .av-special-heading.av-kppvk0fk-cdd9bc96524e9ba49490272b809015c8 .av-special-heading-tag{\nfont-size:0.8em;\n}\n}\n<\/style>\n<div  class='av-special-heading av-kppvk0fk-cdd9bc96524e9ba49490272b809015c8 av-special-heading-h1 blockquote modern-quote modern-centered  avia-builder-el-1  avia-builder-el-no-sibling  av-inherit-size av-linked-heading'><h1 class='av-special-heading-tag'  itemprop=\"headline\"  >Tormentas de Nieve\/Ventiscas de Nieve<\/h1><div class=\"special-heading-border\"><div class=\"special-heading-inner-border\"><\/div><\/div><\/div>\n\n<\/div><\/div><\/main><!-- close content main element --><\/div><\/div><\/div>\n<style type=\"text\/css\" data-created_by=\"avia_inline_auto\" id=\"style-css-av-4bkt1g-f296f46b098e82bed416b3a12c5d07b5\">\n.avia-section.av-4bkt1g-f296f46b098e82bed416b3a12c5d07b5 .av-section-color-overlay{\nopacity:0.7;\nbackground-color:#000000;\nbackground-image:url(http:\/\/oem.yumacountysheriff.net\/wp-content\/themes\/enfold\/images\/background-images\/grunge-big-light.png);\nbackground-repeat:repeat;\n}\n.avia-section.av-4bkt1g-f296f46b098e82bed416b3a12c5d07b5 .av-extra-border-element .av-extra-border-inner{\nbackground-color:#111111;\n}\n<\/style>\n<div id='av_section_2'  class='avia-section av-4bkt1g-f296f46b098e82bed416b3a12c5d07b5 main_color avia-section-huge avia-no-border-styling  avia-builder-el-2  el_after_av_section  avia-builder-el-last  avia-bg-style-fixed av-section-color-overlay-active av-arrow-down-section container_wrap fullsize'  ><div class=\"av-section-color-overlay-wrap\"><div class=\"av-section-color-overlay\"><\/div><div class='container av-section-cont-open' ><div class='template-page content  av-content-full alpha units'><div class='post-entry post-entry-type-page post-entry-1236'><div class='entry-content-wrapper clearfix'>\n\n<style type=\"text\/css\" data-created_by=\"avia_inline_auto\" id=\"style-css-av-38e9pw-6bb88119b00a9fa39160bbfdc05ca512\">\n.flex_column.av-38e9pw-6bb88119b00a9fa39160bbfdc05ca512{\nborder-radius:0px 0px 0px 0px;\npadding:0px 0px 0px 0px;\n}\n<\/style>\n<div  class='flex_column av-38e9pw-6bb88119b00a9fa39160bbfdc05ca512 av_one_full  avia-builder-el-3  avia-builder-el-no-sibling  first flex_column_div av-zero-column-padding'     ><p><section  class='av_textblock_section av-kppvlhqw-b1ac9a314e8d07e179508cc9721cee47'   itemscope=\"itemscope\" itemtype=\"https:\/\/schema.org\/CreativeWork\" ><div class='avia_textblock'  itemprop=\"text\" ><p>\u00bfSab\u00eda usted que a las tormentas de nieve se les llama \"asesinas enga\u00f1osas\"?<\/p>\n<p>Esto es debido a que la mayor\u00eda de las muertes est\u00e1n indirectamente relacionadas con la tormenta. Las fatalidades pueden ocurrir debido a una exposici\u00f3n prolongada al fr\u00edo, el cual lleva a la hipotermia o a accidentes de tr\u00e1fico en carreteras heladas. Cada \u00e1rea en Colorado tiene el potencial de ser impactada con un clima invernal severo. Algunas tormentas de nieve son lo suficientemente grandes como para afectar diversos estados, mientras que otras afectan solamente a una \u00fanica comunidad. Las tormentas de nieve pueden variar desde nieve moderada durante algunas horas hasta una ventisca de nieve que dure por varios d\u00edas. Las ventiscas son tormentas de nieve severas que consisten en nieve y viento que soplan resultando en una visibilidad muy baja. En Colorado, las ventiscas pueden ocurrir en cualquier momento desde oto\u00f1o hasta invierno, e inclusive durante la primavera.<\/p>\n<p>Adem\u00e1s, familiarizarse con los t\u00e9rminos que se indican a continuaci\u00f3n puede ayudar a saber qu\u00e9 esperar para prepararse adecuadamente.<\/p>\n<ul>\n<li>Bolet\u00edn de Clima de Invierno \u2500 Se espera que las condiciones clim\u00e1ticas de invierno causen inconvenientes importantes y pueden ser peligrosas. Cuando se utiliza la precauci\u00f3n, estas situaciones no deber\u00edan ser peligrosas.<\/li>\n<li>Vigilancia de Tormentas de Nieve \u2500 Es posible que ocurra una tormenta de nieve en su \u00e1rea. Sintonice la Radio del Clima de la NOAA \\[NOAA Weather Radio], la radio comercial, o la televisi\u00f3n para m\u00e1s informaci\u00f3n.<\/li>\n<li>Advertencia por Tormenta de Nieve \u2500 Una tormenta de nieve est\u00e1 ocurriendo o ocurrir\u00e1 pronto en su \u00e1rea.<\/li>\n<li>Advertencia de Ventisca \u2500 Se espera que prevalezcan vientos sostenidos o r\u00e1fagas frecuentes de hasta 35 millas por hora o m\u00e1s y cantidades considerables de nieve que caigan o soplen (reduciendo la visibilidad a menos de un cuarto de milla) durante un per\u00edodo de tres horas o m\u00e1s.<\/li>\n<li>Advertencia de Escarcha\/Congelaci\u00f3n \u2500 Se esperan temperaturas por debajo del punto de congelaci\u00f3n.<\/li>\n<\/ul>\n<p>A pesar de los riesgos del clima de invierno, existen distintas medidas que puede tomar para no quedarse sin preparaci\u00f3n \u2500 lea la informaci\u00f3n debajo para aprender m\u00e1s acerca de lo que puede hacer durante los meses de invierno de Colorado.<\/p>\n<p><iframe loading=\"lazy\" title=\"Winter Storm and Blizzard Video\" src=\"https:\/\/www.youtube.com\/embed\/e2ru-kS3OIM?autoplay=0&amp;start=0&amp;rel=0\" width=\"854\" height=\"480\" frameborder=\"0\" allowfullscreen=\"allowfullscreen\" aria-label=\"Winter Storm and Blizzard Video\"><\/iframe><\/p>\n<\/div><\/section><br \/>\n<div  class='togglecontainer av-kppvo7nr-41e358954f31ac9b519674d206c8eff0  avia-builder-el-5  el_after_av_textblock  avia-builder-el-last  toggle_close_all' >\n<section class='av_toggle_section av-kppvmet7-47dae0bb0ce3ef1611574a9bebd34a2c'  itemscope=\"itemscope\" itemtype=\"https:\/\/schema.org\/CreativeWork\" ><div role=\"tablist\" class=\"single_toggle\" data-tags=\"{All} \"  ><p id='toggle-toggle-id-1' data-fake-id='#toggle-id-1' class='toggler  av-title-above'  itemprop=\"headline\"  role='tab' tabindex='0' aria-controls='toggle-id-1' data-slide-speed=\"200\" data-title=\"Before a Winter Storm\" data-title-open=\"\" data-aria_collapsed=\"Click to expand: Before a Winter Storm\" data-aria_expanded=\"Click to collapse: Before a Winter Storm\">Antes de una Tormenta de Nieve<span class=\"toggle_icon\"><span class=\"vert_icon\"><\/span><span class=\"hor_icon\"><\/span><\/span><\/p><div id='toggle-id-1' aria-labelledby='toggle-toggle-id-1' role='region' class='toggle_wrap  av-title-above'  ><div class='toggle_content invers-color'  itemprop=\"text\" ><ul>\n<li>Familiar\u00edcese con las vigilancias y advertencias de tormentas de nieve.<\/li>\n<li>Disponga el equipo para quitar la nieve; tenga a mano sal de roca para derretir el hielo en las aceras y arena para gatos para generar tracci\u00f3n temporal.<\/li>\n<li>Prepare su veh\u00edculo para la nieve y mantenga el tanque de gasolina lleno. Un tanque lleno evitar\u00e1 que la l\u00ednea de combustible se congele.<\/li>\n<li>Aseg\u00farese de que tiene suficiente combustible para calentar ya que las fuentes de combustible regulares pueden cortarse.<\/li>\n<li>A\u00edsle su casa instalando ventanas para tormentas o cubriendo las ventanas con pl\u00e1stico desde el interior para mantener el aire fr\u00edo fuera.<\/li>\n<li>Disponga de un equipo de calefacci\u00f3n de emergencia seguro, como una chimenea con un amplio suministro de madera, o una peque\u00f1a y bien ventilada estufa de le\u00f1a, carb\u00f3n o de campamento con combustible.<\/li>\n<li>Evite que las tuber\u00edas se congelen envolvi\u00e9ndolas en aislamiento o en capas de peri\u00f3dicos viejos, cubriendo los peri\u00f3dicos con pl\u00e1stico para evitar la humedad y dejando que los grifos goteen un poco para evitar la congelaci\u00f3n \u2500 sepa c\u00f3mo cerrar las v\u00e1lvulas de agua.<\/li>\n<li>Tenga a mano suministros para desastres, en caso de que se corte la energ\u00eda. Tenga a mano suministros para desastres, en caso de que se corte la energ\u00eda. Incluya una linterna y bater\u00edas adicionales, una radio port\u00e1til a pilas y bater\u00edas adicionales, un botiqu\u00edn de primeros auxilios, un suministro de alimentos para una semana (incluya art\u00edculos que no requieran refrigeraci\u00f3n o cocci\u00f3n en caso de que se corte la energ\u00eda), un abrelatas manual, un suministro de medicamentos esenciales con receta para una semana, mantas y sacos de dormir adicionales.<\/li>\n<li>Desarrolle un plan de comunicaci\u00f3n de emergencia en caso de que los miembros de la familia se separen unos de otros durante una tormenta de invierno (una posibilidad real durante el d\u00eda cuando los adultos est\u00e1n en el trabajo y los ni\u00f1os en la escuela) y tenga un plan para volver a reunirse.<\/li>\n<li>P\u00eddale a un pariente o amigo de otro estado que sirva de \"contacto familiar\" porque, despu\u00e9s de un desastre, suele ser m\u00e1s f\u00e1cil llamar a larga distancia. Aseg\u00farese de que cada persona conozca el nombre, direcci\u00f3n, y numero de tel\u00e9fono de la persona de contacto.<\/li>\n<li>Si se va durante el clima de invierno, deje el calentador encendido en su casa \u2500 fijado a una temperatura no menor de 55\u00b0 F.<\/li>\n<\/ul>\n<\/div><\/div><\/div><\/section>\n<section class='av_toggle_section av-kppvmyro-358363178671bef64d04f5037f55aa9c'  itemscope=\"itemscope\" itemtype=\"https:\/\/schema.org\/CreativeWork\" ><div role=\"tablist\" class=\"single_toggle\" data-tags=\"{All} \"  ><p id='toggle-toggle-id-2' data-fake-id='#toggle-id-2' class='toggler  av-title-above'  itemprop=\"headline\"  role='tab' tabindex='0' aria-controls='toggle-id-2' data-slide-speed=\"200\" data-title=\"During a Winter Storm\" data-title-open=\"\" data-aria_collapsed=\"Click to expand: During a Winter Storm\" data-aria_expanded=\"Click to collapse: During a Winter Storm\">Durante una Tormenta de Nieve<span class=\"toggle_icon\"><span class=\"vert_icon\"><\/span><span class=\"hor_icon\"><\/span><\/span><\/p><div id='toggle-id-2' aria-labelledby='toggle-toggle-id-2' role='region' class='toggle_wrap  av-title-above'  ><div class='toggle_content invers-color'  itemprop=\"text\" ><h3>En el Interior<\/h3>\n<ul>\n<li>Mant\u00e9ngase dentro de la casa y abr\u00edguese.<\/li>\n<li>Escuche la radio o la televisi\u00f3n para obtener la informaci\u00f3n m\u00e1s reciente.<\/li>\n<li>Traiga a sus mascotas\/animales de compa\u00f1\u00eda adentro durante el clima de invierno. Mueva otros animales o ganado a zonas de refugio y aseg\u00farese de que su acceso a los alimentos y al agua no est\u00e9 bloqueado por la nieve, el hielo u otros obst\u00e1culos.<\/li>\n<li>Abra las puertas de los armarios de la cocina y el ba\u00f1o para permitir que el aire caliente circule por las tuber\u00edas.<\/li>\n<li>Cierre todos los cuartos que no se usen para conservar el calor.<\/li>\n<li>Mantenga el termostato ajustado a la misma temperatura durante el d\u00eda y la noche. Al suspender temporalmente el uso de temperaturas nocturnas m\u00e1s bajas, puede incurrir en una factura de calefacci\u00f3n m\u00e1s alta, pero puede evitar un trabajo de reparaci\u00f3n mucho m\u00e1s costoso si las tuber\u00edas se congelan y revientan.<\/li>\n<\/ul>\n<h3>En el Exterior<\/h3>\n<ul>\n<li>Abr\u00edguese y use ropa suelta, de capas y liviana. Las capas pueden ser removidas para prevenir transpiraci\u00f3n y escalofr\u00edo. Las prendas exteriores deben ser repelentes al agua. Los guantes de nieve son m\u00e1s calientes que los guantes ya que los dedos generan m\u00e1s calor cuando est\u00e1n toc\u00e1ndose unos a otros.<\/li>\n<li>Antes de salir a quitar la nieve, haga algunos ejercicios de estiramiento para calentar el cuerpo. Tome tambi\u00e9n descansos frecuentes.<\/li>\n<li>Proteja sus pulmones del aire extremadamente fr\u00edo cubriendo su boca cuando est\u00e9 en el exterior. Trate de no hablar a menos que sea absolutamente necesario.<\/li>\n<li>Evite esforzarse de m\u00e1s. El clima fr\u00edo agrega una tensi\u00f3n adicional en el coraz\u00f3n. No estar acostumbrado al ejercicio, como palear nieve o empujar un autom\u00f3vil, puede provocar un ataque al coraz\u00f3n o empeorar otras condiciones m\u00e9dicas.<\/li>\n<li>Tenga en cuenta los s\u00edntomas de la deshidrataci\u00f3n.<\/li>\n<li>Vigile se\u00f1ales de congelaci\u00f3n e hipotermia.<\/li>\n<li>Mant\u00e9ngase seco y cambie su ropa mojada frecuentemente para prevenir una perdida de calor corporal. La ropa mojada pierde todo su valor aislante y transmite el calor r\u00e1pidamente.<\/li>\n<li>Recuerde ayudar a sus vecinos que puedan necesitar ayuda especial \u2013 beb\u00e9s, ancianos y personas con discapacidades.<\/li>\n<\/ul>\n<\/div><\/div><\/div><\/section>\n<section class='av_toggle_section av-kppvmyro-3-f1d1cc78d7fd13d771f66948800e9c1b'  itemscope=\"itemscope\" itemtype=\"https:\/\/schema.org\/CreativeWork\" ><div role=\"tablist\" class=\"single_toggle\" data-tags=\"{All} \"  ><p id='toggle-toggle-id-3' data-fake-id='#toggle-id-3' class='toggler  av-title-above'  itemprop=\"headline\"  role='tab' tabindex='0' aria-controls='toggle-id-3' data-slide-speed=\"200\" data-title=\"After a Winter Storm\" data-title-open=\"\" data-aria_collapsed=\"Click to expand: After a Winter Storm\" data-aria_expanded=\"Click to collapse: After a Winter Storm\">Despu\u00e9s de una Tormenta de Nieve<span class=\"toggle_icon\"><span class=\"vert_icon\"><\/span><span class=\"hor_icon\"><\/span><\/span><\/p><div id='toggle-id-3' aria-labelledby='toggle-toggle-id-3' role='region' class='toggle_wrap  av-title-above'  ><div class='toggle_content invers-color'  itemprop=\"text\" ><ul>\n<li>Contin\u00fae protegi\u00e9ndose de la congelaci\u00f3n y la hipotermia con el uso de ropa ligera, holgada y de varias capas. Mant\u00e9ngase en el interior de ser posible.<\/li>\n<\/ul>\n<\/div><\/div><\/div><\/section>\n<section class='av_toggle_section av-kppvmyro-2-cd7adc4303554823347563d8a5a93c2e'  itemscope=\"itemscope\" itemtype=\"https:\/\/schema.org\/CreativeWork\" ><div role=\"tablist\" class=\"single_toggle\" data-tags=\"{All} \"  ><p id='toggle-toggle-id-4' data-fake-id='#toggle-id-4' class='toggler  av-title-above'  itemprop=\"headline\"  role='tab' tabindex='0' aria-controls='toggle-id-4' data-slide-speed=\"200\" data-title=\"More Winter Storm Information\" data-title-open=\"\" data-aria_collapsed=\"Click to expand: More Winter Storm Information\" data-aria_expanded=\"Click to collapse: More Winter Storm Information\">M\u00e1s Informaci\u00f3n de Tormentas de Nieve.<span class=\"toggle_icon\"><span class=\"vert_icon\"><\/span><span class=\"hor_icon\"><\/span><\/span><\/p><div id='toggle-id-4' aria-labelledby='toggle-toggle-id-4' role='region' class='toggle_wrap  av-title-above'  ><div class='toggle_content invers-color'  itemprop=\"text\" ><p>Referencias, Recursos y M\u00e1s Informaci\u00f3n:<\/p>\n<ul>\n<li><a href=\"http:\/\/www.ready.gov\/winter-weather\" target=\"_blank\" rel=\"nofollow noopener\">Ready.gov - Tormentas de Nieve y Fr\u00edo Extremo<\/a><\/li>\n<li><a href=\"http:\/\/www.epa.gov\/naturalevents\/\" target=\"_blank\" rel=\"nofollow noopener\">Agencia de Protecci\u00f3n Ambiental de los Estados Unidos<\/a><\/li>\n<li><a href=\"http:\/\/www.coloradodot.info\/\" target=\"_blank\" rel=\"nofollow noopener\">Departamento de Transporte de Colorado<\/a><\/li>\n<li><a href=\"http:\/\/dhsem.state.co.us\/sites\/default\/files\/attachments\/Section3HazardIdentificationandRiskAssessment.pdf\" target=\"_blank\" rel=\"nofollow noopener\">Plan de Mitigaci\u00f3n de Riesgos Naturales del Estado de Colorado<\/a><\/li>\n<li><a href=\"http:\/\/emergency.cdc.gov\/disasters\/winter\/pdf\/cold_guide.pdf\" target=\"_blank\" rel=\"nofollow noopener\">Departamento de Salud y Servicios Sociales de los Estados Unidos y Centros para el Control y Prevenci\u00f3n de Enfermedades<\/a><\/li>\n<li><a href=\"http:\/\/www.redcross.org\/prepare\/disaster\/winter-storm\/preventing-thawing-frozen-pipes\" target=\"_blank\" rel=\"nofollow noopener\">Cruz Roja Americana - Prevenci\u00f3n y Descongelaci\u00f3n de Tuber\u00edas Congeladas<\/a><\/li>\n<li><a href=\"http:\/\/www.redcross.org\/prepare\/disaster\/winter-storm\" target=\"_blank\" rel=\"nofollow noopener\">Cruz Roja - Preparaci\u00f3n para las Tormentas de Nieve<\/a><\/li>\n<\/ul>\n<\/div><\/div><\/div><\/section>\n<section class='av_toggle_section av-kppvmyro-1-3c729ecb3d1dedf327f6e644729abd8e'  itemscope=\"itemscope\" itemtype=\"https:\/\/schema.org\/CreativeWork\" ><div role=\"tablist\" class=\"single_toggle\" data-tags=\"{All} \"  ><p id='toggle-toggle-id-5' data-fake-id='#toggle-id-5' class='toggler  av-title-above'  itemprop=\"headline\"  role='tab' tabindex='0' aria-controls='toggle-id-5' data-slide-speed=\"200\" data-title=\"Winter Storm: It Happened Here\" data-title-open=\"\" data-aria_collapsed=\"Click to expand: Winter Storm: It Happened Here\" data-aria_expanded=\"Click to collapse: Winter Storm: It Happened Here\">Tormenta de Nieve: Aqu\u00ed Sucedi\u00f3<span class=\"toggle_icon\"><span class=\"vert_icon\"><\/span><span class=\"hor_icon\"><\/span><\/span><\/p><div id='toggle-id-5' aria-labelledby='toggle-toggle-id-5' role='region' class='toggle_wrap  av-title-above'  ><div class='toggle_content invers-color'  itemprop=\"text\" ><p>El 19 de diciembre de 2006 el Servicio Meteorol\u00f3gico Nacional emiti\u00f3 varios avisos de nieve que indicaban que la mayor parte del Estado deb\u00eda cubrirse con 18-24 pulgadas de nieve entre la ma\u00f1ana del 20 de diciembre y la tarde del 21 de diciembre. A media noche, el 19 de diciembre, la regi\u00f3n noreste comenz\u00f3 a recibir nevadas, que fueron seguidas por la media ma\u00f1ana, el 20 de diciembre, en el \u00e1rea metropolitana de Denver. Para esa tarde, el gobierno, escuelas, negocios y carreteras cerraron debido a la intensidad de la tormenta. Se recibieron entre 19 y 40 pulgadas de nieve, dependiendo del \u00e1rea.<\/p>\n<\/div><\/div><\/div><\/section>\n<\/div><\/p><\/div>","protected":false},"excerpt":{"rendered":"","protected":false},"author":1,"featured_media":0,"parent":0,"menu_order":0,"comment_status":"closed","ping_status":"closed","template":"","meta":{"footnotes":""},"class_list":["post-1236","page","type-page","status-publish","hentry"],"_links":{"self":[{"href":"http:\/\/oem.yumacountysheriff.net\/es\/wp-json\/wp\/v2\/pages\/1236","targetHints":{"allow":["GET"]}}],"collection":[{"href":"http:\/\/oem.yumacountysheriff.net\/es\/wp-json\/wp\/v2\/pages"}],"about":[{"href":"http:\/\/oem.yumacountysheriff.net\/es\/wp-json\/wp\/v2\/types\/page"}],"author":[{"embeddable":true,"href":"http:\/\/oem.yumacountysheriff.net\/es\/wp-json\/wp\/v2\/users\/1"}],"replies":[{"embeddable":true,"href":"http:\/\/oem.yumacountysheriff.net\/es\/wp-json\/wp\/v2\/comments?post=1236"}],"version-history":[{"count":6,"href":"http:\/\/oem.yumacountysheriff.net\/es\/wp-json\/wp\/v2\/pages\/1236\/revisions"}],"predecessor-version":[{"id":2271,"href":"http:\/\/oem.yumacountysheriff.net\/es\/wp-json\/wp\/v2\/pages\/1236\/revisions\/2271"}],"wp:attachment":[{"href":"http:\/\/oem.yumacountysheriff.net\/es\/wp-json\/wp\/v2\/media?parent=1236"}],"curies":[{"name":"wp","href":"https:\/\/api.w.org\/{rel}","templated":true}]}}