{"id":1241,"date":"2021-06-09T19:46:34","date_gmt":"2021-06-09T19:46:34","guid":{"rendered":"http:\/\/oem.yumacountysheriff.net\/?page_id=1241"},"modified":"2023-05-27T14:00:12","modified_gmt":"2023-05-27T14:00:12","slug":"hazardous-materials-release","status":"publish","type":"page","link":"http:\/\/oem.yumacountysheriff.net\/es\/hazardous-materials-release\/","title":{"rendered":"Emisi\u00f3n de Residuos Peligrosos"},"content":{"rendered":"<style type=\"text\/css\" data-created_by=\"avia_inline_auto\" id=\"style-css-av-67gv5l-589aef177ca06388190d990089b541e7\">\n.avia-section.av-67gv5l-589aef177ca06388190d990089b541e7{\nbackground-repeat:no-repeat;\nbackground-image:url(http:\/\/oem.yumacountysheriff.net\/wp-content\/uploads\/2021\/06\/hazardous-materials.jpg);\nbackground-position:50% 50%;\nbackground-attachment:scroll;\n}\n.avia-section.av-67gv5l-589aef177ca06388190d990089b541e7 .av-section-color-overlay{\nopacity:0.7;\nbackground-color:#000000;\n}\n<\/style>\n<div id='av_section_1'  class='avia-section av-67gv5l-589aef177ca06388190d990089b541e7 main_color avia-section-huge avia-no-border-styling  avia-builder-el-0  el_before_av_section  avia-builder-el-first  avia-full-stretch avia-bg-style-scroll av-section-color-overlay-active container_wrap fullsize'  data-section-bg-repeat='stretch'><div class=\"av-section-color-overlay-wrap\"><div class=\"av-section-color-overlay\"><\/div><div class='container av-section-cont-open' ><main  role=\"main\" itemprop=\"mainContentOfPage\"  class='template-page content  av-content-full alpha units'><div class='post-entry post-entry-type-page post-entry-1241'><div class='entry-content-wrapper clearfix'>\n\n<style type=\"text\/css\" data-created_by=\"avia_inline_auto\" id=\"style-css-av-kppvrgkp-f6afa52b51b77a6d81ec5f119e4cdbde\">\n#top .av-special-heading.av-kppvrgkp-f6afa52b51b77a6d81ec5f119e4cdbde{\npadding-bottom:0;\nfont-size:90px;\n}\nbody .av-special-heading.av-kppvrgkp-f6afa52b51b77a6d81ec5f119e4cdbde .av-special-heading-tag .heading-char{\nfont-size:25px;\n}\n#top #wrap_all .av-special-heading.av-kppvrgkp-f6afa52b51b77a6d81ec5f119e4cdbde .av-special-heading-tag{\nfont-size:90px;\n}\n.av-special-heading.av-kppvrgkp-f6afa52b51b77a6d81ec5f119e4cdbde .av-subheading{\nfont-size:15px;\n}\n\n@media only screen and (min-width: 480px) and (max-width: 767px){ \n#top #wrap_all .av-special-heading.av-kppvrgkp-f6afa52b51b77a6d81ec5f119e4cdbde .av-special-heading-tag{\nfont-size:0.8em;\n}\n}\n\n@media only screen and (max-width: 479px){ \n#top #wrap_all .av-special-heading.av-kppvrgkp-f6afa52b51b77a6d81ec5f119e4cdbde .av-special-heading-tag{\nfont-size:0.8em;\n}\n}\n<\/style>\n<div  class='av-special-heading av-kppvrgkp-f6afa52b51b77a6d81ec5f119e4cdbde av-special-heading-h1 blockquote modern-quote modern-centered  avia-builder-el-1  avia-builder-el-no-sibling  av-inherit-size av-linked-heading'><h1 class='av-special-heading-tag'  itemprop=\"headline\"  >Emisi\u00f3n de Residuos Peligrosos<\/h1><div class=\"special-heading-border\"><div class=\"special-heading-inner-border\"><\/div><\/div><\/div>\n\n<\/div><\/div><\/main><!-- close content main element --><\/div><\/div><\/div>\n<style type=\"text\/css\" data-created_by=\"avia_inline_auto\" id=\"style-css-av-4wg9ih-f17fa144becefc9d13e5d3e6b98ca18c\">\n.avia-section.av-4wg9ih-f17fa144becefc9d13e5d3e6b98ca18c .av-section-color-overlay{\nopacity:0.7;\nbackground-color:#000000;\nbackground-image:url(http:\/\/oem.yumacountysheriff.net\/wp-content\/themes\/enfold\/images\/background-images\/grunge-big-light.png);\nbackground-repeat:repeat;\n}\n.avia-section.av-4wg9ih-f17fa144becefc9d13e5d3e6b98ca18c .av-extra-border-element .av-extra-border-inner{\nbackground-color:#111111;\n}\n<\/style>\n<div id='av_section_2'  class='avia-section av-4wg9ih-f17fa144becefc9d13e5d3e6b98ca18c main_color avia-section-huge avia-no-border-styling  avia-builder-el-2  el_after_av_section  avia-builder-el-last  avia-bg-style-fixed av-section-color-overlay-active av-arrow-down-section container_wrap fullsize'  ><div class=\"av-section-color-overlay-wrap\"><div class=\"av-section-color-overlay\"><\/div><div class='container av-section-cont-open' ><div class='template-page content  av-content-full alpha units'><div class='post-entry post-entry-type-page post-entry-1241'><div class='entry-content-wrapper clearfix'>\n\n<style type=\"text\/css\" data-created_by=\"avia_inline_auto\" id=\"style-css-av-2s2kbd-55ce8588fc2319b163088472801ccef8\">\n.flex_column.av-2s2kbd-55ce8588fc2319b163088472801ccef8{\nborder-radius:0px 0px 0px 0px;\npadding:0px 0px 0px 0px;\n}\n<\/style>\n<div  class='flex_column av-2s2kbd-55ce8588fc2319b163088472801ccef8 av_one_full  avia-builder-el-3  avia-builder-el-no-sibling  first flex_column_div av-zero-column-padding'     ><section  class='av_textblock_section av-kppvso7y-fb8c96a1699e42dda0719069ef2ee101'   itemscope=\"itemscope\" itemtype=\"https:\/\/schema.org\/CreativeWork\" ><div class='avia_textblock'  itemprop=\"text\" ><h2>Productos del Hogar<\/h2>\n<p>Los residuos peligrosos, m\u00e1s com\u00fanmente conocidos como productos qu\u00edmicos, se utilizan regularmente en nuestra vida cotidiana. Un material peligroso es cualquier s\u00f3lido, l\u00edquido o gas que puede causar da\u00f1o a los seres humanos y otros organismos vivos. Muchos productos que contienen productos qu\u00edmicos peligrosos se utilizan y almacenan en los hogares de forma rutinaria. Se utilizan para cultivar nuestros alimentos, limpiar nuestras casas, abastecer de combustible a nuestros coches y purificar el agua, lo que significa que tenemos que tener cuidado con la forma en que utilizamos y almacenamos estos productos qu\u00edmicos. Lee la informaci\u00f3n que aparece a continuaci\u00f3n para aprender m\u00e1s sobre el uso adecuado y las t\u00e9cnicas de almacenamiento.<\/p>\n<h2>Instalaciones Qu\u00edmicas<\/h2>\n<p>Los residuos peligrosos vienen en forma de explosivos, sustancias inflamables y combustibles, veneno y materiales radioactivos. Se fabrican, utilizan o almacenan cantidades variables de residuos peligrosos en un n\u00famero estimado de 4.5 millones de instalaciones en los Estados Unidos \u2500 desde plantas industriales hasta establecimientos de limpieza en seco o almacenes de suministros de jardiner\u00eda. \u00bfSabe usted qu\u00e9 instalaciones existen en su comunidad, si es que hay alguna?<\/p>\n<h2>Transporte<\/h2>\n<p>Los productos qu\u00edmicos tambi\u00e9n pueden ser peligrosos para el medio ambiente si se usan o se liberan de manera inadecuada. Estos materiales se transportan diariamente por carreteras, ferrocarriles, v\u00edas fluviales y oleoductos. Colorado tiene una red diversa de carreteras que est\u00e1n autorizadas para transportarlos. Estas rutas restringidas se coordinan a trav\u00e9s del Departamento de Transporte de Colorado y la Patrulla del Estado de Colorado.<\/p>\n<p>Los accidentes pueden ocurrir durante la producci\u00f3n, almacenamiento, transporte, uso o la eliminaci\u00f3n de residuos peligrosos. Estas sustancias se liberan con mayor frecuencia como resultado de accidentes de transporte o debido a accidentes qu\u00edmicos en plantas, por lo que es importante que conozca las instalaciones qu\u00edmicas de su zona. Explore la informaci\u00f3n que aparece a continuaci\u00f3n para conocer m\u00e1s sobre los residuos peligrosos y las medidas que puede tomar para mantenerse seguro.<\/p>\n<p><iframe loading=\"lazy\" title=\"Hazardous Materials Video\" src=\"https:\/\/www.youtube.com\/embed\/28cgjvnfsSo?autoplay=0&amp;start=0&amp;rel=0\" width=\"854\" height=\"480\" frameborder=\"0\" allowfullscreen=\"allowfullscreen\" aria-label=\"Hazardous Materials Video\"><\/iframe><\/p>\n<\/div><\/section><br \/>\n<div  class='togglecontainer av-kppvumi8-70605c68075f69db7e6ca062a2d68e8b  avia-builder-el-5  el_after_av_textblock  avia-builder-el-last  toggle_close_all' >\n<section class='av_toggle_section av-kppvtas1-283df51707be42fcb89dc033d7edff55'  itemscope=\"itemscope\" itemtype=\"https:\/\/schema.org\/CreativeWork\" ><div role=\"tablist\" class=\"single_toggle\" data-tags=\"{All} \"  ><p id='toggle-toggle-id-1' data-fake-id='#toggle-id-1' class='toggler  av-title-above'  itemprop=\"headline\"  role='tab' tabindex='0' aria-controls='toggle-id-1' data-slide-speed=\"200\" data-title=\"Before A HazMat Release\" data-title-open=\"\" data-aria_collapsed=\"Click to expand: Before A HazMat Release\" data-aria_expanded=\"Click to collapse: Before A HazMat Release\">Antes de la Emisi\u00f3n de Residuos Peligrosos<span class=\"toggle_icon\"><span class=\"vert_icon\"><\/span><span class=\"hor_icon\"><\/span><\/span><\/p><div id='toggle-id-1' aria-labelledby='toggle-toggle-id-1' role='region' class='toggle_wrap  av-title-above'  ><div class='toggle_content invers-color'  itemprop=\"text\" ><ul>\n<li>Muchas comunidades cuentan con Comit\u00e9s Locales de Planificaci\u00f3n de Emergencias \\[Local Emergency Planning Committees] (LEPC, por sus siglas en ingl\u00e9s) cuyas responsabilidades incluyen la recolecci\u00f3n de informaci\u00f3n sobre residuos peligrosos en la comunidad y poner esta informaci\u00f3n a disposici\u00f3n del p\u00fablico cuando se solicite. Los LEPC tambi\u00e9n tienen la tarea de desarrollar un plan de emergencia para prepararse y responder a las emergencias qu\u00edmicas en la comunidad. Forman parte del plan las formas en que se notificar\u00e1 al p\u00fablico y las acciones que el p\u00fablico debe tomar en caso de una liberaci\u00f3n.<\/li>\n<li>Contacte a los LEPC para averiguar m\u00e1s informaci\u00f3n sobre los peligrosos qu\u00edmicos y qu\u00e9 puede hacer para minimizar el riesgo de las personas y de la comunidad ante tales materiales. Su comit\u00e9 local de manejo de emergencias puede proporcionarle la informaci\u00f3n de contacto de los LEPC o haga clic aqu\u00ed para contactar a los LEPC en Colorado.<\/li>\n<li>Sea consciente de los peligros que pueden existir en su comunidad.<\/li>\n<\/ul>\n<h3>Informaci\u00f3n sobre Productos Qu\u00edmicos para el Hogar<\/h3>\n<ul>\n<li>Mantenga los potenciales venenos en sus envases originales.<\/li>\n<li>No utilice recipientes de alimentos como tazas o botellas para almacenar productos dom\u00e9sticos y qu\u00edmicos.<\/li>\n<li>Almacene los alimentos y los productos qu\u00edmicos dom\u00e9sticos en \u00e1reas separadas. Confundir uno con el otro podr\u00eda causar un grave envenenamiento.<\/li>\n<li>Nunca mezcle productos qu\u00edmicos dom\u00e9sticos. Mezclar productos qu\u00edmicos podr\u00eda causar un gas venenoso.<\/li>\n<li>Encienda los ventiladores y abra las ventanas cuando use productos qu\u00edmicos caseros.<\/li>\n<li>Use ropa protectora, incluyendo camisas de manga larga, pantalones largos, calcetines, zapatos y guantes, cuando roc\u00ede pesticidas y otros productos qu\u00edmicos. Los pesticidas pueden ser absorbidos por la piel y pueden ser extremadamente venenosos.<\/li>\n<li>Deseche los productos qu\u00edmicos caseros viejos o anticuados. Las instrucciones de primeros auxilios en los envases de los productos pueden ser incorrectas o anticuadas.<\/li>\n<\/ul>\n<\/div><\/div><\/div><\/section>\n<section class='av_toggle_section av-kppvtpn2-025f3a94aed130577014fcfd99c04fd6'  itemscope=\"itemscope\" itemtype=\"https:\/\/schema.org\/CreativeWork\" ><div role=\"tablist\" class=\"single_toggle\" data-tags=\"{All} \"  ><p id='toggle-toggle-id-2' data-fake-id='#toggle-id-2' class='toggler  av-title-above'  itemprop=\"headline\"  role='tab' tabindex='0' aria-controls='toggle-id-2' data-slide-speed=\"200\" data-title=\"During a HazMat Release\" data-title-open=\"\" data-aria_collapsed=\"Click to expand: During a HazMat Release\" data-aria_expanded=\"Click to collapse: During a HazMat Release\">Durante la Emisi\u00f3n de Residuos Peligrosos<span class=\"toggle_icon\"><span class=\"vert_icon\"><\/span><span class=\"hor_icon\"><\/span><\/span><\/p><div id='toggle-id-2' aria-labelledby='toggle-toggle-id-2' role='region' class='toggle_wrap  av-title-above'  ><div class='toggle_content invers-color'  itemprop=\"text\" ><p>Si se le pide que evacue:<\/p>\n<ul>\n<li>H\u00e1galo inmediatamente.<\/li>\n<li>Mant\u00e9ngase sintonizado a la radio o televisi\u00f3n para obtener informaci\u00f3n sobre las rutas de evacuaci\u00f3n, los refugios temporales y los procedimientos.<\/li>\n<li>Siga las rutas recomendadas por las autoridades.<\/li>\n<li>De tener tiempo, minimice la contaminaci\u00f3n en la casa cerrando todas las ventanas, cerrando todos los respiraderos y apagando los ventiladores del \u00e1tico.<\/li>\n<li>Tome los suministros de desastre previamente preparados.<\/li>\n<li>Recuerde ayudar a sus vecinos que puedan necesitar asistencia especial \u2500 beb\u00e9s, personas mayores y personas con acceso y necesidades funcionales.<\/li>\n<\/ul>\n<p>Si le sucede fuera de casa:<\/p>\n<ul>\n<li>Mant\u00e9ngase r\u00edo arriba, cuesta arriba y contra el viento. En general, intente alejarse al menos media milla (normalmente de 8 a 10 manzanas) del \u00e1rea de peligro. Al\u00e9jese del lugar del accidente y ayude a mantener a los dem\u00e1s alejados.<\/li>\n<li>No camine o toque ning\u00fan l\u00edquido derramado, niebla en el aire o dep\u00f3sitos qu\u00edmicos s\u00f3lidos condensados. Trate de no inhalar gases, vapores y humo. Si es posible, c\u00fabrase la boca con un pa\u00f1o al salir del \u00e1rea.<\/li>\n<li>Mant\u00e9ngase alejado de las v\u00edctimas de accidentes hasta que se haya identificado el material peligroso.<\/li>\n<\/ul>\n<p>Si le sucede dentro de un veh\u00edculo automotor:<\/p>\n<ul>\n<li>Det\u00e9ngase y busque refugio en un edificio permanente. Si debe permanecer en su auto, mantenga cerradas las ventanas y las rejillas de ventilaci\u00f3n del auto y apague el aire acondicionado y la calefacci\u00f3n.<\/li>\n<\/ul>\n<p>Si se le ha pedido que se quede en casa:<\/p>\n<ul>\n<li>Lleve las mascotas adentro de la casa.<\/li>\n<li>Cierre y bloquee todas las puertas y ventanas exteriores. Cierre las rejillas de ventilaci\u00f3n, los reguladores de la chimenea y todas las puertas interiores que pueda.<\/li>\n<li>Apague el aire acondicionado y los sistemas de ventilaci\u00f3n. En los edificios grandes, ponga los sistemas de ventilaci\u00f3n a una recirculaci\u00f3n del 100 por ciento para que no entre aire exterior en el edificio. Si esto no es posible, los sistemas de ventilaci\u00f3n deben ser apagados.<\/li>\n<li>Entre en la sala de refugio preseleccionada. Esta sala debe estar por encima del suelo y tener la menor cantidad de aberturas hacia el exterior.<\/li>\n<li>Selle los huecos bajo las puertas y ventanas con toallas mojadas o l\u00e1minas de pl\u00e1stico y cinta adhesiva.<\/li>\n<li>Selle los espacios alrededor de las ventanas y unidades de aire acondicionado, ventiladores de escape del ba\u00f1o y la cocina, y respiraderos de la estufa y la secadora con cinta adhesiva para conductos y l\u00e1minas de pl\u00e1stico, papel encerado o envoltura de aluminio.<\/li>\n<li>Rellene las grietas y agujeros de la habitaci\u00f3n, como los que hay alrededor de las tuber\u00edas.<\/li>\n<li>Si pudieran haber entrado gases o vapores en el edificio, respire superficialmente a trav\u00e9s de un pa\u00f1o o una toalla. Evite comer o beber cualquier alimento o agua que pueda estar contaminada.<\/li>\n<\/ul>\n<\/div><\/div><\/div><\/section>\n<section class='av_toggle_section av-kppvtpn2-2-aad4d70dfa97926a4778adeea18b1373'  itemscope=\"itemscope\" itemtype=\"https:\/\/schema.org\/CreativeWork\" ><div role=\"tablist\" class=\"single_toggle\" data-tags=\"{All} \"  ><p id='toggle-toggle-id-3' data-fake-id='#toggle-id-3' class='toggler  av-title-above'  itemprop=\"headline\"  role='tab' tabindex='0' aria-controls='toggle-id-3' data-slide-speed=\"200\" data-title=\"After A HazMat Release\" data-title-open=\"\" data-aria_collapsed=\"Click to expand: After A HazMat Release\" data-aria_expanded=\"Click to collapse: After A HazMat Release\">Despu\u00e9s de una Emisi\u00f3n de Residuos Peligrosos<span class=\"toggle_icon\"><span class=\"vert_icon\"><\/span><span class=\"hor_icon\"><\/span><\/span><\/p><div id='toggle-id-3' aria-labelledby='toggle-toggle-id-3' role='region' class='toggle_wrap  av-title-above'  ><div class='toggle_content invers-color'  itemprop=\"text\" ><ul>\n<li>Act\u00fae r\u00e1pidamente si ha entrado en contacto o ha estado expuesto a sustancias qu\u00edmicas peligrosas.<\/li>\n<li>Siga las instrucciones de descontaminaci\u00f3n de las autoridades locales. Se le puede aconsejar que se duche a fondo o se le puede aconsejar que se mantenga alejado del agua y siga otro procedimiento.<\/li>\n<li>Busque tratamiento m\u00e9dico para los s\u00edntomas inusuales tan pronto como sea posible.<\/li>\n<li>Coloque la ropa y los zapatos expuestos en contenedores bien cerrados. No permita que entren en contacto con otros materiales. Llame a las autoridades locales para saber c\u00f3mo deshacerse de ellos.<\/li>\n<li>Avise a todos los que entren en contacto con usted que puede haber estado expuesto a una sustancia t\u00f3xica.<\/li>\n<li>Escuche las estaciones de radio o televisi\u00f3n locales para obtener la \u00faltima informaci\u00f3n de emergencia.<\/li>\n<li>Ayude a un vecino que pueda necesitar asistencia especial \u2500 beb\u00e9s, personas mayores y personas con acceso y necesidades funcionales. Las personas que los cuidan o que tienen familias numerosas pueden necesitar asistencia adicional en situaciones de emergencia.<\/li>\n<li>Regrese a casa s\u00f3lo cuando las autoridades digan que es seguro. Abra las ventanas y las rejillas de ventilaci\u00f3n y encienda los ventiladores para proporcionar ventilaci\u00f3n.<\/li>\n<li>Averig\u00fce con las autoridades locales c\u00f3mo limpiar su tierra y su propiedad.<\/li>\n<li>Informe de cualquier vapor persistente u otros peligros a su oficina local de servicios de emergencia.<\/li>\n<\/ul>\n<\/div><\/div><\/div><\/section>\n<section class='av_toggle_section av-kppvtpn2-1-e45a48aad41f365935f0da378c8ac4cf'  itemscope=\"itemscope\" itemtype=\"https:\/\/schema.org\/CreativeWork\" ><div role=\"tablist\" class=\"single_toggle\" data-tags=\"{All} \"  ><p id='toggle-toggle-id-4' data-fake-id='#toggle-id-4' class='toggler  av-title-above'  itemprop=\"headline\"  role='tab' tabindex='0' aria-controls='toggle-id-4' data-slide-speed=\"200\" data-title=\"More HazMat Release Information\" data-title-open=\"\" data-aria_collapsed=\"Click to expand: More HazMat Release Information\" data-aria_expanded=\"Click to collapse: More HazMat Release Information\">M\u00e1s Informaci\u00f3n sobre la Emisi\u00f3n de Residuos Peligrosos<span class=\"toggle_icon\"><span class=\"vert_icon\"><\/span><span class=\"hor_icon\"><\/span><\/span><\/p><div id='toggle-id-4' aria-labelledby='toggle-toggle-id-4' role='region' class='toggle_wrap  av-title-above'  ><div class='toggle_content invers-color'  itemprop=\"text\" ><p>Referencias, Recursos y M\u00e1s Informaci\u00f3n:<\/p>\n<ul>\n<li><a href=\"http:\/\/www.ready.gov\/hazardous-materials-incidents\" target=\"_blank\" rel=\"nofollow noopener\">Ready.gov - Incidentes con Residuos Peligrosos<\/a><\/li>\n<li><a href=\"http:\/\/www.coloradoepc.org\/\" target=\"_blank\" rel=\"nofollow noopener\">Comisi\u00f3n de Planificaci\u00f3n de Emergencias de Colorado<\/a><\/li>\n<li><a href=\"http:\/\/www.colorado.gov\/cs\/Satellite\/CDPHE-HM\/CBON\/1251618176622\" target=\"_blank\" rel=\"nofollow noopener\">Departamento de Salud P\u00fablica y Medio Ambiente de Colorado - Programa de Residuos Peligrosos<\/a><\/li>\n<li><a href=\"http:\/\/www.phmsa.dot.gov\/public\" target=\"_blank\" rel=\"nofollow noopener\">Administraci\u00f3n de Seguridad de Tuber\u00edas y Residuos Peligrosos<\/a><\/li>\n<li><a href=\"http:\/\/www.aapcc.org\/\" target=\"_blank\" rel=\"nofollow noopener\">Asociaci\u00f3n Americana de Centros de Control de Envenenamiento<\/a><\/li>\n<li><a href=\"http:\/\/training.fema.gov\/EMIWeb\/IS\/courseOverview.aspx?code=is-55.a\" target=\"_blank\" rel=\"nofollow noopener\">FEMA<\/a><\/li>\n<\/ul>\n<\/div><\/div><\/div><\/section>\n<\/div><\/p><\/div>","protected":false},"excerpt":{"rendered":"","protected":false},"author":1,"featured_media":0,"parent":0,"menu_order":0,"comment_status":"closed","ping_status":"closed","template":"","meta":{"footnotes":""},"class_list":["post-1241","page","type-page","status-publish","hentry"],"_links":{"self":[{"href":"http:\/\/oem.yumacountysheriff.net\/es\/wp-json\/wp\/v2\/pages\/1241","targetHints":{"allow":["GET"]}}],"collection":[{"href":"http:\/\/oem.yumacountysheriff.net\/es\/wp-json\/wp\/v2\/pages"}],"about":[{"href":"http:\/\/oem.yumacountysheriff.net\/es\/wp-json\/wp\/v2\/types\/page"}],"author":[{"embeddable":true,"href":"http:\/\/oem.yumacountysheriff.net\/es\/wp-json\/wp\/v2\/users\/1"}],"replies":[{"embeddable":true,"href":"http:\/\/oem.yumacountysheriff.net\/es\/wp-json\/wp\/v2\/comments?post=1241"}],"version-history":[{"count":5,"href":"http:\/\/oem.yumacountysheriff.net\/es\/wp-json\/wp\/v2\/pages\/1241\/revisions"}],"predecessor-version":[{"id":2099,"href":"http:\/\/oem.yumacountysheriff.net\/es\/wp-json\/wp\/v2\/pages\/1241\/revisions\/2099"}],"wp:attachment":[{"href":"http:\/\/oem.yumacountysheriff.net\/es\/wp-json\/wp\/v2\/media?parent=1241"}],"curies":[{"name":"wp","href":"https:\/\/api.w.org\/{rel}","templated":true}]}}