{"id":1244,"date":"2021-06-09T19:51:03","date_gmt":"2021-06-09T19:51:03","guid":{"rendered":"http:\/\/oem.yumacountysheriff.net\/?page_id=1244"},"modified":"2023-05-27T14:01:16","modified_gmt":"2023-05-27T14:01:16","slug":"infrastructure-failure","status":"publish","type":"page","link":"http:\/\/oem.yumacountysheriff.net\/es\/infrastructure-failure\/","title":{"rendered":"Fallos en Infraestructuras"},"content":{"rendered":"<style type=\"text\/css\" data-created_by=\"avia_inline_auto\" id=\"style-css-av-5dtwnw-8935c5055d815ef1f48e58c3e11eb6b0\">\n.avia-section.av-5dtwnw-8935c5055d815ef1f48e58c3e11eb6b0{\nbackground-repeat:no-repeat;\nbackground-image:url(http:\/\/oem.yumacountysheriff.net\/wp-content\/uploads\/2021\/06\/infrastructure.jpg);\nbackground-position:50% 50%;\nbackground-attachment:scroll;\n}\n.avia-section.av-5dtwnw-8935c5055d815ef1f48e58c3e11eb6b0 .av-section-color-overlay{\nopacity:0.7;\nbackground-color:#000000;\n}\n<\/style>\n<div id='av_section_1'  class='avia-section av-5dtwnw-8935c5055d815ef1f48e58c3e11eb6b0 main_color avia-section-huge avia-no-border-styling  avia-builder-el-0  el_before_av_section  avia-builder-el-first  avia-full-stretch avia-bg-style-scroll av-section-color-overlay-active container_wrap fullsize'  data-section-bg-repeat='stretch'><div class=\"av-section-color-overlay-wrap\"><div class=\"av-section-color-overlay\"><\/div><div class='container av-section-cont-open' ><main  role=\"main\" itemprop=\"mainContentOfPage\"  class='template-page content  av-content-full alpha units'><div class='post-entry post-entry-type-page post-entry-1244'><div class='entry-content-wrapper clearfix'>\n\n<style type=\"text\/css\" data-created_by=\"avia_inline_auto\" id=\"style-css-av-kppvv4i2-c593bb836975be2d482bee19dbfcf3bf\">\n#top .av-special-heading.av-kppvv4i2-c593bb836975be2d482bee19dbfcf3bf{\npadding-bottom:0;\nfont-size:90px;\n}\nbody .av-special-heading.av-kppvv4i2-c593bb836975be2d482bee19dbfcf3bf .av-special-heading-tag .heading-char{\nfont-size:25px;\n}\n#top #wrap_all .av-special-heading.av-kppvv4i2-c593bb836975be2d482bee19dbfcf3bf .av-special-heading-tag{\nfont-size:90px;\n}\n.av-special-heading.av-kppvv4i2-c593bb836975be2d482bee19dbfcf3bf .av-subheading{\nfont-size:15px;\n}\n\n@media only screen and (min-width: 480px) and (max-width: 767px){ \n#top #wrap_all .av-special-heading.av-kppvv4i2-c593bb836975be2d482bee19dbfcf3bf .av-special-heading-tag{\nfont-size:0.8em;\n}\n}\n\n@media only screen and (max-width: 479px){ \n#top #wrap_all .av-special-heading.av-kppvv4i2-c593bb836975be2d482bee19dbfcf3bf .av-special-heading-tag{\nfont-size:0.8em;\n}\n}\n<\/style>\n<div  class='av-special-heading av-kppvv4i2-c593bb836975be2d482bee19dbfcf3bf av-special-heading-h1 blockquote modern-quote modern-centered  avia-builder-el-1  avia-builder-el-no-sibling  av-inherit-size av-linked-heading'><h1 class='av-special-heading-tag'  itemprop=\"headline\"  >Fallos en Infraestructuras<\/h1><div class=\"special-heading-border\"><div class=\"special-heading-inner-border\"><\/div><\/div><\/div>\n\n<\/div><\/div><\/main><!-- close content main element --><\/div><\/div><\/div>\n<style type=\"text\/css\" data-created_by=\"avia_inline_auto\" id=\"style-css-av-49esek-8e5accb6ed7da70670bfd7343b4637a7\">\n.avia-section.av-49esek-8e5accb6ed7da70670bfd7343b4637a7 .av-section-color-overlay{\nopacity:0.7;\nbackground-color:#000000;\nbackground-image:url(http:\/\/oem.yumacountysheriff.net\/wp-content\/themes\/enfold\/images\/background-images\/grunge-big-light.png);\nbackground-repeat:repeat;\n}\n.avia-section.av-49esek-8e5accb6ed7da70670bfd7343b4637a7 .av-extra-border-element .av-extra-border-inner{\nbackground-color:#111111;\n}\n<\/style>\n<div id='av_section_2'  class='avia-section av-49esek-8e5accb6ed7da70670bfd7343b4637a7 main_color avia-section-huge avia-no-border-styling  avia-builder-el-2  el_after_av_section  avia-builder-el-last  avia-bg-style-fixed av-section-color-overlay-active av-arrow-down-section container_wrap fullsize'  ><div class=\"av-section-color-overlay-wrap\"><div class=\"av-section-color-overlay\"><\/div><div class='container av-section-cont-open' ><div class='template-page content  av-content-full alpha units'><div class='post-entry post-entry-type-page post-entry-1244'><div class='entry-content-wrapper clearfix'>\n\n<style type=\"text\/css\" data-created_by=\"avia_inline_auto\" id=\"style-css-av-2je2bg-3afb0b0fcf3f53a3b1cb2a9fcf006571\">\n.flex_column.av-2je2bg-3afb0b0fcf3f53a3b1cb2a9fcf006571{\nborder-radius:0px 0px 0px 0px;\npadding:0px 0px 0px 0px;\n}\n<\/style>\n<div  class='flex_column av-2je2bg-3afb0b0fcf3f53a3b1cb2a9fcf006571 av_one_full  avia-builder-el-3  avia-builder-el-no-sibling  first flex_column_div av-zero-column-padding'     ><section  class='av_textblock_section av-kppvxelg-212fa3ab2d803bfd3da9be9431dc6cfd'   itemscope=\"itemscope\" itemtype=\"https:\/\/schema.org\/CreativeWork\" ><div class='avia_textblock'  itemprop=\"text\" ><h2>Gas<\/h2>\n<p>El gas natural puro es incoloro e inodoro, pero generalmente se perciben aromas que ayudan a identificar las fugas que puedan existir. Com\u00fanmente, este olor toma la forma de un aroma a huevo podrido, en tal sentido las personas que detecten el olor deben evacuar inmediatamente el \u00e1rea, no deben encender fuego ni usar equipos el\u00e9ctricos que generen chispas. Como resultado de la Ley de Seguridad de los Conductos de Gas Natural de 2002 aprobada en los Estados Unidos, las normas federales de seguridad requieren que las compa\u00f1\u00edas que proporcionan el servicio de gas natural, realicen inspecciones que permitan detectar fugas de gas en hogares y edificios que reciben el servicio. Adem\u00e1s, se requiere que dicha compa\u00f1\u00eda inspeccione tanto los medidores como las tuber\u00edas internas, desde el punto de entrada al edificio hasta el lado de salida del medidor con el fin de detectar fugas de gas.<\/p>\n<h2>Energ\u00eda<\/h2>\n<p>Se esperar\u00eda una p\u00e9rdida de energ\u00eda el\u00e9ctrica durante un tiempo suficientemente largo como para hacer que una cierta proporci\u00f3n de personas afectadas sufran graves dificultades, particularmente aquellas que tienen necesidades m\u00e9dicas especiales o discapacidades. La escasez de ciertos tipos de bienes o servicios puede afectar a Colorado, incluso si el apag\u00f3n en s\u00ed no se experimenta directamente aqu\u00ed. Del mismo modo, las brechas en las redes de comunicaci\u00f3n, informaci\u00f3n o servicio pueden tener un efecto mucho m\u00e1s all\u00e1 del \u00e1rea real que carece de energ\u00eda el\u00e9ctrica.<\/p>\n<h2>Agua<\/h2>\n<p>El agua representa una parte esencial en cada comunidad, es un componente necesario de los sectores productores, un ingrediente clave para mantener la vida de su poblaci\u00f3n, y es indispensable para la protecci\u00f3n contra incendios y otros usos especializados. La realidad es que Colorado est\u00e1 lejos de ser 100% autosuficiente en sus suministros de agua dulce. Adem\u00e1s, las v\u00edas fluviales que abastecen de agua a la regi\u00f3n son vulnerables a desastres naturales, ataques terroristas, accidentes tecnol\u00f3gicos y cambios regulatorios. Una interrupci\u00f3n importante de estos suministros externos de agua podr\u00eda tener efectos devastadores en la econom\u00eda y la calidad de vida de sus habitantes.<\/p>\n<p><iframe loading=\"lazy\" title=\"Infrastructure Failure Video\" src=\"https:\/\/www.youtube.com\/embed\/ElvZQAaB9Wo?autoplay=0&amp;start=0&amp;rel=0\" width=\"854\" height=\"480\" frameborder=\"0\" allowfullscreen=\"allowfullscreen\" aria-label=\"Infrastructure Failure Video\"><\/iframe><\/p>\n<\/div><\/section><br \/>\n<div  class='togglecontainer av-kppw0drc-54afa4e21832100e7fa54787d06bd4f8  avia-builder-el-5  el_after_av_textblock  avia-builder-el-last  toggle_close_all' >\n<section class='av_toggle_section av-kppvy4gr-c424489d89e2cf900a2ddbb08c10c6ca'  itemscope=\"itemscope\" itemtype=\"https:\/\/schema.org\/CreativeWork\" ><div role=\"tablist\" class=\"single_toggle\" data-tags=\"{All} \"  ><p id='toggle-toggle-id-1' data-fake-id='#toggle-id-1' class='toggler  av-title-above'  itemprop=\"headline\"  role='tab' tabindex='0' aria-controls='toggle-id-1' data-slide-speed=\"200\" data-title=\"Before Infrastructure Failure\" data-title-open=\"\" data-aria_collapsed=\"Click to expand: Before Infrastructure Failure\" data-aria_expanded=\"Click to collapse: Before Infrastructure Failure\">Antes de los Fallos en Infraestructuras<span class=\"toggle_icon\"><span class=\"vert_icon\"><\/span><span class=\"hor_icon\"><\/span><\/span><\/p><div id='toggle-id-1' aria-labelledby='toggle-toggle-id-1' role='region' class='toggle_wrap  av-title-above'  ><div class='toggle_content invers-color'  itemprop=\"text\" ><h3>Gas<\/h3>\n<p>Este atento a lo que lo rodea y tome en cuenta cosas como:<\/p>\n<ul>\n<li>Una conexi\u00f3n a un aparato de gas que se encuentre da\u00f1ada.<\/li>\n<li>Suciedad o agua que se siente en el aire.<\/li>\n<li>Vegetaci\u00f3n muerta o que se esta muriendo (en un \u00e1rea h\u00fameda) cerca de \u00e1reas donde se encuentran las tuber\u00edas.<\/li>\n<li>Un incendio o explosi\u00f3n cerca de una tuber\u00eda.<\/li>\n<li>Alguna tuber\u00eda expuesta despu\u00e9s de un terremoto, incendio, inundaci\u00f3n u otro desastre natural.<\/li>\n<li>Un sonido inusual, como un silbido o rugido cerca de una l\u00ednea de gas o aparato el\u00e9ctrico.<\/li>\n<li>El olor distintivo del gas natural.<\/li>\n<\/ul>\n<h3>Energ\u00eda<\/h3>\n<ul>\n<li>Junto con el suministro de agua, las linternas con bater\u00edas adicionales son suministros esenciales de emergencia para el hogar. Tambi\u00e9n, las linternas m\u00e1s potentes que funcionan con bater\u00edas representan una buena inversi\u00f3n.<\/li>\n<li>Los generadores de energ\u00eda port\u00e1tiles son cada vez m\u00e1s populares e invaluables durante un corte de energ\u00eda, pero emiten gas de mon\u00f3xido de carbono mortal, por lo que deben usarse adecuadamente. Nunca use generadores en lugares cerrados, col\u00f3quelos al menos a 15 pies de distancia de las puertas y ventanas.<\/li>\n<li>Despu\u00e9s de un corte de energ\u00eda, algunas familias usan hielo seco para la refrigeraci\u00f3n. Es importante resaltar que, las familias que tienen integrantes con enfermedades que deben ser atendidas con tratamientos que dependen de la energ\u00eda el\u00e9ctrica (es decir, ox\u00edgeno, di\u00e1lisis) deben tener un plan de emergencia en todo momento.<\/li>\n<\/ul>\n<h3>Agua<\/h3>\n<ul>\n<li>Las familias deben tener suficiente agua embotellada a la mano para cualquier momento, con el fin de superar un corte de agua que dure hasta 72 horas. De acuerdo con las normas federales, se debe tener, al menos, un gal\u00f3n por persona, por d\u00eda, tanto para beber como para saneamiento. Si usted es due\u00f1o de una mascota, compre y almacene agua extra para sus mascotas. Cuente a una mascota como persona cuando calcule la cantidad de agua que necesita.<\/li>\n<li>Si usted es una persona mayor o una persona con discapacidad, p\u00eddale a un familiar o amigo que le compre agua adicional en la tienda. En caso contrario, si tiene parientes o vecinos vulnerables, aseg\u00farese de que tengan agua extra. \u00a1No espere hasta que ocurra un corte!<\/li>\n<li>Un consejo para los ciudadanos del sistema de agua municipal: durante un corte, vierta agua en el asiento o taza para ba\u00f1o para descargarla manualmente. Considere comprar agua adicional estrictamente para el lavado. En invierno, la nieve es un gran recurso durante un corte de agua, ya que se puede derretir en recipientes grandes y usarla como agua para descargar los inodoros.<\/li>\n<\/ul>\n<\/div><\/div><\/div><\/section>\n<section class='av_toggle_section av-kppvymii-84344573e7ef0a4d4f0ad2814c58db21'  itemscope=\"itemscope\" itemtype=\"https:\/\/schema.org\/CreativeWork\" ><div role=\"tablist\" class=\"single_toggle\" data-tags=\"{All} \"  ><p id='toggle-toggle-id-2' data-fake-id='#toggle-id-2' class='toggler  av-title-above'  itemprop=\"headline\"  role='tab' tabindex='0' aria-controls='toggle-id-2' data-slide-speed=\"200\" data-title=\"During Infrastructure Failure\" data-title-open=\"\" data-aria_collapsed=\"Click to expand: During Infrastructure Failure\" data-aria_expanded=\"Click to collapse: During Infrastructure Failure\">Durante los Fallos en Infraestructuras<span class=\"toggle_icon\"><span class=\"vert_icon\"><\/span><span class=\"hor_icon\"><\/span><\/span><\/p><div id='toggle-id-2' aria-labelledby='toggle-toggle-id-2' role='region' class='toggle_wrap  av-title-above'  ><div class='toggle_content invers-color'  itemprop=\"text\" ><h3>Gas<\/h3>\n<ul>\n<li>Mantenga la calma.<\/li>\n<li>No encienda f\u00f3sforos, velas o cigarrillos.<\/li>\n<li>No encienda ni apague los aparatos el\u00e9ctricos o las luces, tampoco utilice ning\u00fan dispositivo que pueda provocar una chispa.<\/li>\n<li>Evacue el \u00e1rea inmediatamente.<\/li>\n<\/ul>\n<h3>Energ\u00eda<\/h3>\n<ul>\n<li>Los bomberos no recomiendan el uso de velas durante un corte de energ\u00eda debido a que representa un riesgo de incendio.<\/li>\n<\/ul>\n<p>Mantenga la comida lo m\u00e1s segura posible:<\/p>\n<ul>\n<li>Mantenga las puertas del refrigerador y del congelador cerradas tanto como sea posible. En primer lugar, use alimentos perecederos del refrigerador, ya que un refrigerador sin abrir mantendr\u00e1 los alimentos fr\u00edos durante aproximadamente 4 horas.<\/li>\n<li>Luego, use la comida del congelador, ya que un congelador lleno, con las puertas cerradas, mantendr\u00e1 la temperatura durante aproximadamente 48 horas (24 horas si est\u00e1 medio lleno).<\/li>\n<li>Despu\u00e9s de usar los alimentos del refrigerador y el congelador, use los alimentos no perecederos y b\u00e1sicos.<\/li>\n<li>Si usted cree que el apag\u00f3n continuar\u00e1 por m\u00e1s de un d\u00eda, prepare una nevera con hielo para ubicar ah\u00ed los art\u00edculos y comestibles que lo requieran.<\/li>\n<li>Conserve los alimentos en un lugar fresco y seco y mant\u00e9ngalos cubiertos en todo momento.<\/li>\n<\/ul>\n<p>Tenga cuidado con los equipos el\u00e9ctricos:<\/p>\n<ul>\n<li>Apague y desconecte todos los equipos el\u00e9ctricos innecesarios, incluidos los dispositivos electr\u00f3nicos sensibles.<\/li>\n<li>Apague o desconecte cualquier electrodom\u00e9stico (como estufas), equipo o electr\u00f3nica que estaba usando cuando se fue la luz, ya que cuando vuelva la energ\u00eda, las sobretensiones o picos pueden da\u00f1ar los equipos.<\/li>\n<li>Deje una luz encendida para saber cu\u00e1ndo vuelva la energ\u00eda.<\/li>\n<li>Cancele los viajes innecesarios, especialmente en autom\u00f3vil, ya que los sem\u00e1foros estar\u00e1n apagados y las carreteras estar\u00e1n congestionadas.<\/li>\n<li>Cuando use un generador de energ\u00eda port\u00e1til, conecte el equipo que desee directamente a las salidas del generador, no lo conecte al sistema el\u00e9ctrico de una casa. Si est\u00e1 considerando adquirir un generador, obtenga asesoramiento de un profesional, como un electricista, aseg\u00farese de que el generador que compre est\u00e9 clasificado para la potencia que cree que necesitar\u00e1.<\/li>\n<\/ul>\n<h3>Agua<\/h3>\n<ul>\n<li>Reduzca el consumo y uso de agua.<\/li>\n<li>El agua contaminada con combustible o productos qu\u00edmicos t\u00f3xicos no ser\u00e1 segura, as\u00ed sea tratada por procesos de ebullici\u00f3n o desinfecci\u00f3n. Use una fuente de agua diferente si sabe o sospecha que el agua que obtiene de la fuente habitual podr\u00eda estar contaminada con combustible o productos qu\u00edmicos t\u00f3xicos.<\/li>\n<li>Si cuenta con suficiente agua embotellada, debe hervirla para que sea seguro consumirla. La ebullici\u00f3n es el m\u00e9todo m\u00e1s \u00f3ptimo para hacer que el agua sea m\u00e1s segura para beber, ya que mata organismos que causan enfermedades, incluidos virus, bacterias y par\u00e1sitos.<\/li>\n<\/ul>\n<\/div><\/div><\/div><\/section>\n<section class='av_toggle_section av-kppvymii-2-544e1c9cb33231fa239760f7cab3dd01'  itemscope=\"itemscope\" itemtype=\"https:\/\/schema.org\/CreativeWork\" ><div role=\"tablist\" class=\"single_toggle\" data-tags=\"{All} \"  ><p id='toggle-toggle-id-3' data-fake-id='#toggle-id-3' class='toggler  av-title-above'  itemprop=\"headline\"  role='tab' tabindex='0' aria-controls='toggle-id-3' data-slide-speed=\"200\" data-title=\"After Infrastructure Failure\" data-title-open=\"\" data-aria_collapsed=\"Click to expand: After Infrastructure Failure\" data-aria_expanded=\"Click to collapse: After Infrastructure Failure\">Despu\u00e9s de los Fallos en Infraestructuras<span class=\"toggle_icon\"><span class=\"vert_icon\"><\/span><span class=\"hor_icon\"><\/span><\/span><\/p><div id='toggle-id-3' aria-labelledby='toggle-toggle-id-3' role='region' class='toggle_wrap  av-title-above'  ><div class='toggle_content invers-color'  itemprop=\"text\" ><h3>Gas<\/h3>\n<ul>\n<li>Abra las ventanas y puertas para ventilar las \u00e1reas cerradas.<\/li>\n<li>Aseg\u00farese de completar las reparaciones necesarias.<\/li>\n<\/ul>\n<h3>Energ\u00eda<\/h3>\n<ul>\n<li>Por ning\u00fan motivo toque ninguna l\u00ednea de energ\u00eda el\u00e9ctrica y mantenga a su familia lejos de ellas. Informe las l\u00edneas el\u00e9ctricas ca\u00eddas a los funcionarios correspondientes en su \u00e1rea.<\/li>\n<li>Deseche cualquier alimento que haya estado expuesto a temperaturas de 40 \u00b0 F (4 \u00b0 C) durante dos o m\u00e1s horas o que tenga un olor, color o textura inusual. En caso de duda, \u00a1t\u00edralo!<\/li>\n<li>Never taste food or rely on appearance or odor to determine its safety. Some foods may look and smell fine, but if they have been at room temperature too long, bacteria causing foodborne illnesses can start growing quickly. Some types of bacteria produce toxins that cannot be destroyed by cooking.<\/li>\n<li>Si la comida que esta en el congelador esta m\u00e1s fr\u00eda que 40 \u00b0 F y adem\u00e1s, tiene cristales de hielo, puede volver a congelarla.<\/li>\n<li>Si no est\u00e1 seguro de que los alimentos est\u00e1n lo suficientemente fr\u00edos, tome la temperatura de los mismos con un term\u00f3metro para alimentos, de esta manera, deseche los alimentos (carne, pollo, pescado, huevos y restos) que hayan estado expuestos a temperaturas superiores a 40 \u00b0 F (4 \u00b0 C) durante 2 o m\u00e1s horas, y cualquier alimento que tenga un olor, color o textura inusual, o que se sienta c\u00e1lido al tacto.<\/li>\n<\/ul>\n<h3>Agua<\/h3>\n<ul>\n<li>Es probable que haya aire en las tuber\u00edas del servicio de agua, lo que cause nubosidad y\/o podr\u00eda decolorarse debido a las part\u00edculas que se desprenden durante el llenado de las tuber\u00edas de agua. Es seguro usar el agua incluso si est\u00e1 descolorida.<\/li>\n<li>Es una buena idea descargar el sistema a trav\u00e9s de un grifo que no tenga un protector de aireador, como un grifo de agua exterior o un grifo para el agua fr\u00eda de la ba\u00f1era, permitiendo que el agua fluya hasta que se vea agua limpia. Si el agua no se ha limpiado despu\u00e9s de varios minutos, llame al distrito local encargado del agua.<\/li>\n<li>Si los grifos de la cocina o el ba\u00f1o no funcionan normalmente despu\u00e9s de un corte de agua, es probable que se deba a escombros en el protector de aireador del grifo. Simplemente quite el protector de aireador, l\u00edmpielo, luego regr\u00e9selo al grifo y verifique que funcione normalmente.<\/li>\n<\/ul>\n<\/div><\/div><\/div><\/section>\n<section class='av_toggle_section av-kppvymii-1-4addeffff6f9596e0f2e114fd7c348ec'  itemscope=\"itemscope\" itemtype=\"https:\/\/schema.org\/CreativeWork\" ><div role=\"tablist\" class=\"single_toggle\" data-tags=\"{All} \"  ><p id='toggle-toggle-id-4' data-fake-id='#toggle-id-4' class='toggler  av-title-above'  itemprop=\"headline\"  role='tab' tabindex='0' aria-controls='toggle-id-4' data-slide-speed=\"200\" data-title=\"More Infrastructure Failure Information\" data-title-open=\"\" data-aria_collapsed=\"Click to expand: More Infrastructure Failure Information\" data-aria_expanded=\"Click to collapse: More Infrastructure Failure Information\">M\u00e1s Informaci\u00f3n sobre los Fallos en Infraestructuras<span class=\"toggle_icon\"><span class=\"vert_icon\"><\/span><span class=\"hor_icon\"><\/span><\/span><\/p><div id='toggle-id-4' aria-labelledby='toggle-toggle-id-4' role='region' class='toggle_wrap  av-title-above'  ><div class='toggle_content invers-color'  itemprop=\"text\" ><p>Referencias, Recursos y M\u00e1s Informaci\u00f3n:<\/p>\n<ul>\n<li><a href=\"http:\/\/www.ready.gov\/blackouts\" target=\"_blank\" rel=\"nofollow noopener\">Ready.gov - Apagones<\/a><\/li>\n<li><a href=\"http:\/\/energy.gov\/\" target=\"_blank\" rel=\"nofollow noopener\">Departamento de Energ\u00eda<\/a><\/li>\n<li><a href=\"http:\/\/asce.org\/\" target=\"_blank\" rel=\"nofollow noopener\">Sociedad Americana de Ingenieros Civiles<\/a><\/li>\n<li><a href=\"http:\/\/water.epa.gov\/infrastructure\/sustain\/si_faqs.cfm\" target=\"_blank\" rel=\"nofollow noopener\">Frequently Asked Questions : Water Infrastructure &amp; Sustainability<\/a><\/li>\n<li><a href=\"http:\/\/opsweb.phmsa.dot.gov\/pipelineforum\/docs\/SecretarysInfrastructureReport_RevisedperPHC_103111.pdf\" target=\"_blank\" rel=\"nofollow noopener\">Departamento de Transporte de Estados Unidos: El Estado de la Infraestructura de Tuber\u00edas de la Naci\u00f3n<\/a><\/li>\n<\/ul>\n<p><iframe loading=\"lazy\" src=\"https:\/\/www.youtube.com\/embed\/BARyZxPcjbI?autoplay=0&amp;start=0&amp;rel=0\" width=\"854\" height=\"480\" frameborder=\"0\" allowfullscreen=\"allowfullscreen\"><\/iframe><\/p>\n<\/div><\/div><\/div><\/section>\n<\/div><\/p><\/div>","protected":false},"excerpt":{"rendered":"","protected":false},"author":1,"featured_media":0,"parent":0,"menu_order":0,"comment_status":"closed","ping_status":"closed","template":"","meta":{"footnotes":""},"class_list":["post-1244","page","type-page","status-publish","hentry"],"_links":{"self":[{"href":"http:\/\/oem.yumacountysheriff.net\/es\/wp-json\/wp\/v2\/pages\/1244","targetHints":{"allow":["GET"]}}],"collection":[{"href":"http:\/\/oem.yumacountysheriff.net\/es\/wp-json\/wp\/v2\/pages"}],"about":[{"href":"http:\/\/oem.yumacountysheriff.net\/es\/wp-json\/wp\/v2\/types\/page"}],"author":[{"embeddable":true,"href":"http:\/\/oem.yumacountysheriff.net\/es\/wp-json\/wp\/v2\/users\/1"}],"replies":[{"embeddable":true,"href":"http:\/\/oem.yumacountysheriff.net\/es\/wp-json\/wp\/v2\/comments?post=1244"}],"version-history":[{"count":5,"href":"http:\/\/oem.yumacountysheriff.net\/es\/wp-json\/wp\/v2\/pages\/1244\/revisions"}],"predecessor-version":[{"id":2101,"href":"http:\/\/oem.yumacountysheriff.net\/es\/wp-json\/wp\/v2\/pages\/1244\/revisions\/2101"}],"wp:attachment":[{"href":"http:\/\/oem.yumacountysheriff.net\/es\/wp-json\/wp\/v2\/media?parent=1244"}],"curies":[{"name":"wp","href":"https:\/\/api.w.org\/{rel}","templated":true}]}}