{"id":1247,"date":"2021-06-09T19:56:49","date_gmt":"2021-06-09T19:56:49","guid":{"rendered":"http:\/\/oem.yumacountysheriff.net\/?page_id=1247"},"modified":"2023-12-10T21:51:14","modified_gmt":"2023-12-10T21:51:14","slug":"active-shooter","status":"publish","type":"page","link":"http:\/\/oem.yumacountysheriff.net\/es\/active-shooter\/","title":{"rendered":"Tirador Activo"},"content":{"rendered":"<style type=\"text\/css\" data-created_by=\"avia_inline_auto\" id=\"style-css-av-256qn-74dcf8f18ca677b1c4580fa587821b95\">\n.avia-section.av-256qn-74dcf8f18ca677b1c4580fa587821b95{\nbackground-repeat:no-repeat;\nbackground-image:url(http:\/\/oem.yumacountysheriff.net\/wp-content\/uploads\/2021\/06\/active-shooter.jpg);\nbackground-position:50% 50%;\nbackground-attachment:scroll;\n}\n.avia-section.av-256qn-74dcf8f18ca677b1c4580fa587821b95 .av-section-color-overlay{\nopacity:0.7;\nbackground-color:#000000;\n}\n<\/style>\n<div id='av_section_1'  class='avia-section av-256qn-74dcf8f18ca677b1c4580fa587821b95 main_color avia-section-huge avia-no-border-styling  avia-builder-el-0  el_before_av_section  avia-builder-el-first  avia-full-stretch avia-bg-style-scroll av-section-color-overlay-active container_wrap fullsize'  data-section-bg-repeat='stretch'><div class=\"av-section-color-overlay-wrap\"><div class=\"av-section-color-overlay\"><\/div><div class='container av-section-cont-open' ><main  role=\"main\" itemprop=\"mainContentOfPage\"  class='template-page content  av-content-full alpha units'><div class='post-entry post-entry-type-page post-entry-1247'><div class='entry-content-wrapper clearfix'>\n\n<style type=\"text\/css\" data-created_by=\"avia_inline_auto\" id=\"style-css-av-kppw1ha4-4f5b4e8e186bcadc85aecf63ef89e07c\">\n#top .av-special-heading.av-kppw1ha4-4f5b4e8e186bcadc85aecf63ef89e07c{\npadding-bottom:0;\nfont-size:90px;\n}\nbody .av-special-heading.av-kppw1ha4-4f5b4e8e186bcadc85aecf63ef89e07c .av-special-heading-tag .heading-char{\nfont-size:25px;\n}\n#top #wrap_all .av-special-heading.av-kppw1ha4-4f5b4e8e186bcadc85aecf63ef89e07c .av-special-heading-tag{\nfont-size:90px;\n}\n.av-special-heading.av-kppw1ha4-4f5b4e8e186bcadc85aecf63ef89e07c .av-subheading{\nfont-size:15px;\n}\n\n@media only screen and (min-width: 480px) and (max-width: 767px){ \n#top #wrap_all .av-special-heading.av-kppw1ha4-4f5b4e8e186bcadc85aecf63ef89e07c .av-special-heading-tag{\nfont-size:0.8em;\n}\n}\n\n@media only screen and (max-width: 479px){ \n#top #wrap_all .av-special-heading.av-kppw1ha4-4f5b4e8e186bcadc85aecf63ef89e07c .av-special-heading-tag{\nfont-size:0.8em;\n}\n}\n<\/style>\n<div  class='av-special-heading av-kppw1ha4-4f5b4e8e186bcadc85aecf63ef89e07c av-special-heading-h1 blockquote modern-quote modern-centered  avia-builder-el-1  avia-builder-el-no-sibling  av-inherit-size av-linked-heading'><h1 class='av-special-heading-tag'  itemprop=\"headline\"  >Tirador Activo<\/h1><div class=\"special-heading-border\"><div class=\"special-heading-inner-border\"><\/div><\/div><\/div>\n\n<\/div><\/div><\/main><!-- close content main element --><\/div><\/div><\/div>\n<style type=\"text\/css\" data-created_by=\"avia_inline_auto\" id=\"style-css-av-3y2p1r-631efe74ac4f80e630cd60811d4f563b\">\n.avia-section.av-3y2p1r-631efe74ac4f80e630cd60811d4f563b .av-section-color-overlay{\nopacity:0.7;\nbackground-color:#000000;\nbackground-image:url(http:\/\/oem.yumacountysheriff.net\/wp-content\/themes\/enfold\/images\/background-images\/grunge-big-light.png);\nbackground-repeat:repeat;\n}\n.avia-section.av-3y2p1r-631efe74ac4f80e630cd60811d4f563b .av-extra-border-element .av-extra-border-inner{\nbackground-color:#111111;\n}\n<\/style>\n<div id='av_section_2'  class='avia-section av-3y2p1r-631efe74ac4f80e630cd60811d4f563b main_color avia-section-huge avia-no-border-styling  avia-builder-el-2  el_after_av_section  avia-builder-el-last  avia-bg-style-fixed av-section-color-overlay-active av-arrow-down-section container_wrap fullsize'  ><div class=\"av-section-color-overlay-wrap\"><div class=\"av-section-color-overlay\"><\/div><div class='container av-section-cont-open' ><div class='template-page content  av-content-full alpha units'><div class='post-entry post-entry-type-page post-entry-1247'><div class='entry-content-wrapper clearfix'>\n\n<style type=\"text\/css\" data-created_by=\"avia_inline_auto\" id=\"style-css-av-1w35pb-1c0327b5bf79bfabea1a73059b0cd965\">\n.flex_column.av-1w35pb-1c0327b5bf79bfabea1a73059b0cd965{\nborder-radius:0px 0px 0px 0px;\npadding:0px 0px 0px 0px;\n}\n<\/style>\n<div  class='flex_column av-1w35pb-1c0327b5bf79bfabea1a73059b0cd965 av_one_full  avia-builder-el-3  el_before_av_textblock  avia-builder-el-first  first flex_column_div av-zero-column-padding'     ><section  class='av_textblock_section av-kppw2xjz-d8bf175453459242c408ae1eca3a7ac0'   itemscope=\"itemscope\" itemtype=\"https:\/\/schema.org\/CreativeWork\" ><div class='avia_textblock'  itemprop=\"text\" ><div role=\"region\" aria-label=\"Tirador Activo\">\n<p>Un tirador activo es un individuo involucrado activamente en la tarea de matar o intentar matar a otras personas que se encuentran en un \u00e1rea restringida y llena de gente; en la mayor\u00eda de los casos, los tiradores activos usan armas de fuego, y no tienen un patr\u00f3n o m\u00e9todo para seleccionar a las v\u00edctimas. Las situaciones que involucran a un tirador activo son impredecibles y progresan r\u00e1pidamente. En general, se requiere el despliegue inmediato de fuerzas policiales para detener los disparos y minimizar el da\u00f1o a las v\u00edctimas. Dado que a menudo las situaciones que involucran a un tirador activo no duran m\u00e1s de 10 o 15 minutos, antes de que las fuerzas policiales lleguen al lugar de los hechos, las personas deben estar preparadas tanto mental como f\u00edsicamente para hacer frente a la situaci\u00f3n.<\/p>\n<p>Sin embargo, hay cosas que puede hacer para prepararse para lo inesperado. Prepararse para tales eventos reducir\u00e1 el estr\u00e9s que puede sentir ahora, y m\u00e1s tarde, si surge otra emergencia. Explore la informaci\u00f3n a continuaci\u00f3n para ver c\u00f3mo puede prepararse mejor para este tipo de situaciones.<\/p>\n<p><iframe loading=\"lazy\" title=\"Active Shooer Preparedness Video\" src=\"https:\/\/www.youtube.com\/embed\/sSlhiWtPFwM?autoplay=0&amp;start=0&amp;rel=0\" width=\"854\" height=\"480\" frameborder=\"0\" allowfullscreen=\"allowfullscreen\" aria-label=\"Active Shooer Preparedness Video\"><\/iframe><\/p>\n<\/div>\n<\/div><\/section><br \/>\n<div  class='togglecontainer av-kppw6j6o-2374cd0dc9e65256066790a342daa876  avia-builder-el-5  el_after_av_textblock  avia-builder-el-last' >\n<section class='av_toggle_section av-kppw47gv-177b8bfc143072b8f7f5f93f278f734c'  itemscope=\"itemscope\" itemtype=\"https:\/\/schema.org\/CreativeWork\" ><div role=\"tablist\" class=\"single_toggle\" data-tags=\"{All} \"  ><p id='toggle-toggle-id-1' data-fake-id='#toggle-id-1' class='toggler  av-title-above'  itemprop=\"headline\"  role='tab' tabindex='0' aria-controls='toggle-id-1' data-slide-speed=\"200\" data-title=\"Before An Active Shooter\" data-title-open=\"\" data-aria_collapsed=\"Click to expand: Before An Active Shooter\" data-aria_expanded=\"Click to collapse: Before An Active Shooter\">Antes de una Situaci\u00f3n con un Tirador Activo<span class=\"toggle_icon\"><span class=\"vert_icon\"><\/span><span class=\"hor_icon\"><\/span><\/span><\/p><div id='toggle-id-1' aria-labelledby='toggle-toggle-id-1' role='region' class='toggle_wrap  av-title-above'  ><div class='toggle_content invers-color'  itemprop=\"text\" ><h3>Consideraciones Clave para el Tirado Activo<\/h3>\n<p>No existe un perfil demogr\u00e1fico \u00fanico de un tirador activo. Muchos tiradores activos muestran comportamientos observables previos al ataque, que, si se reconocen, pueden llevar a la interrupci\u00f3n del ataque planeado. El camino hacia la violencia dirigida t\u00edpicamente implica un agravio real o percibido sin resolver y una ideaci\u00f3n de una resoluci\u00f3n violenta que eventualmente pasa del pensamiento a la investigaci\u00f3n, la planificaci\u00f3n y la preparaci\u00f3n.<\/p>\n<h3>Pasos a Seguir si ve a Alguien o Algo Sospechoso<\/h3>\n<p>\"\u00a1Si ve algo, d\u00edgalo!\" Puede ser dif\u00edcil determinar cu\u00e1ndo denunciar a alguien o algo sospechoso. La gente m\u00e1s familiarizada con un entorno determinado est\u00e1 en la mejor posici\u00f3n para determinar si algo parece o no fuera de lo normal.<\/p>\n<p>Sea consciente de su entorno y de los posibles peligros. Conf\u00ede en sus instintos \u2500 si algo le parece mal, no lo ignore. Tome nota y aseg\u00farese de que la instalaci\u00f3n en la que est\u00e1 tiene al menos dos rutas de evacuaci\u00f3n. Coloque las rutas de evacuaci\u00f3n en lugares visibles en toda la instalaci\u00f3n (es decir, en el trabajo). Anime a las fuerzas del orden, equipos de emergencia, equipos SWAT, equipos K-9 y a los artificieros a que se entrenen para un escenario de tiro activo en su ubicaci\u00f3n. No suponga que otra persona ya ha informado de la actividad sospechosa. Llame a las autoridades locales. Cuando haga un informe, est\u00e9 preparado para dar su nombre y ubicaci\u00f3n, una descripci\u00f3n de lo que cree que es sospechoso y la hora en que lo vio. El oficial que responda evaluar\u00e1 la situaci\u00f3n, se asegurar\u00e1 de que el \u00e1rea sea evacuada y pedir\u00e1 el personal y equipo apropiado.<\/p>\n<ul>\n<li>Los transe\u00fantes representan generalmente la mayor oportunidad para la detecci\u00f3n y el reconocimiento de un tirador activo antes de su ataque.<\/li>\n<li>En lo que respecta a los tiradores activos, una persona que hace una amenaza rara vez es la misma que la persona que plantea una amenaza.<\/li>\n<li>El manejo exitoso de la amenaza de una persona de inter\u00e9s a menudo implica la toma de medidas de seguridad a largo plazo y la coordinaci\u00f3n entre las fuerzas del orden, la atenci\u00f3n de la salud mental y los servicios sociales.<\/li>\n<li>Las intervenciones excluyentes (es decir, la expulsi\u00f3n, el cese) no representan necesariamente el fin de los esfuerzos de gesti\u00f3n de la amenaza.<\/li>\n<li>Aunque no se puede identificar a todos los tiradores activos antes de atacar, se puede detener a muchos posibles tiradores activos que parecen estar en el camino hacia la violencia.<\/li>\n<\/ul>\n<\/div><\/div><\/div><\/section>\n<section class='av_toggle_section av-kppw4r2a-4230ccd8bb01552c3c821e55110d60ae'  itemscope=\"itemscope\" itemtype=\"https:\/\/schema.org\/CreativeWork\" ><div role=\"tablist\" class=\"single_toggle\" data-tags=\"{All} \"  ><p id='toggle-toggle-id-2' data-fake-id='#toggle-id-2' class='toggler  av-title-above'  itemprop=\"headline\"  role='tab' tabindex='0' aria-controls='toggle-id-2' data-slide-speed=\"200\" data-title=\"During An Active Shooter\" data-title-open=\"\" data-aria_collapsed=\"Click to expand: During An Active Shooter\" data-aria_expanded=\"Click to collapse: During An Active Shooter\">Durante una Situaci\u00f3n con un Tirador Activo<span class=\"toggle_icon\"><span class=\"vert_icon\"><\/span><span class=\"hor_icon\"><\/span><\/span><\/p><div id='toggle-id-2' aria-labelledby='toggle-toggle-id-2' role='region' class='toggle_wrap  av-title-above'  ><div class='toggle_content invers-color'  itemprop=\"text\" ><h3>Corra<\/h3>\n<p>Si hay una ruta de escape accesible, intente evacuar las instalaciones.<\/p>\n<p>Aseg\u00farese de:<\/p>\n<p>Tener en mente una ruta de escape y un plan. Evacuar sin importar si los dem\u00e1s est\u00e1n de acuerdo en seguirla. Dejar atr\u00e1s sus pertenencias. Ayudar a otros a escapar, si fuera posible. Evitar que otros ingresen a un \u00e1rea donde pudiera estar el tirador activo. Mantener sus manos a la vista. Seguir las instrucciones de todo el personal policial. No intentar mover a los heridos. Llamar al 911 una vez que usted est\u00e9 a salvo.<\/p>\n<p>Los primeros agentes policiales que lleguen al lugar de los hechos no se detendr\u00e1n a ayudar a los heridos. Es probable que los equipos de rescate, integrados por agentes adicionales y personal de emergencias m\u00e9dicas, lleguen despu\u00e9s del personal policial inicial. Estos equipos de rescate ser\u00e1n quienes proporcionen tratamiento a los heridos y los retiren del \u00e1rea. Tambi\u00e9n podr\u00edan solicitar la asistencia de las personas no lesionadas para retirar a los heridos de las instalaciones.<\/p>\n<p>C\u00f3mo responder cuando llegan las fuerzas policiales:<\/p>\n<p>Conserve la calma y siga las instrucciones de los agentes. Suelte cualquier objeto que pudiera tener en las manos (como bolsos o chaquetas). Levante inmediatamente las manos y separe los dedos. Mantenga las manos a la vista en todo momento. Evite hacer movimientos bruscos delante de los agentes. Evite se\u00f1alar, gritar o levantar demasiado la voz. Al evacuar el \u00e1rea, no se detenga a pedir ayuda o instrucciones a los agentes; solo dir\u00edjase en la direcci\u00f3n en la que los agentes ingresen a las instalaciones.<\/p>\n<h3>Luchar<\/h3>\n<p>Como \u00faltimo recurso, y solo si su vida corre peligro inminente, intente interferir con el tirador activo y\/o incapacitarlo:<\/p>\n<p>Actuando con tanta agresividad f\u00edsica contra el sujeto como le sea posible. Lanz\u00e1ndole objetos e improvisando armas. Actuando de manera decisiva. Si no fuera posible evacuar el \u00e1rea:<\/p>\n<p>Conserve la calma y llame al 911 si fuera posible para notificar a la polic\u00eda el lugar donde se encuentra el tirador activo. Si no puede hablar, deje la l\u00ednea abierta para permitir que el operador escuche. Silencie su tel\u00e9fono celular y\/o b\u00edper. Apague toda fuente de ruido (como radios y televisores). Oc\u00faltese detr\u00e1s de objetos grandes (como gabinetes y escritorios). Permanezca callado. Para evitar que un tirador activo ingrese a su escondite cierre la puerta con llave y bloquee la puerta con muebles pesados.<\/p>\n<p>Si el tirador activo est\u00e1 cerca:<\/p>\n<h3>Ocultarse<\/h3>\n<p>Si no fuera posible evacuar el \u00e1rea, busque un escondite donde sea menos probable que el tirador activo lo encuentre.<\/p>\n<p>Su escondite:<\/p>\n<p>Debe estar fuera de la vista del tirador activo. Debe brindar protecci\u00f3n en caso de que haya disparos en su direcci\u00f3n (es decir, una oficina con la puerta cerrada con llave). No debe dejarlo atrapado o limitar sus opciones de movimiento.<\/p>\n<\/div><\/div><\/div><\/section>\n<section class='av_toggle_section av-kppw4r2a-3-c99221015bc56de08572ee5cfaa81f18'  itemscope=\"itemscope\" itemtype=\"https:\/\/schema.org\/CreativeWork\" ><div role=\"tablist\" class=\"single_toggle\" data-tags=\"{All} \"  ><p id='toggle-toggle-id-3' data-fake-id='#toggle-id-3' class='toggler  av-title-above'  itemprop=\"headline\"  role='tab' tabindex='0' aria-controls='toggle-id-3' data-slide-speed=\"200\" data-title=\"After An Active Shooter\" data-title-open=\"\" data-aria_collapsed=\"Click to expand: After An Active Shooter\" data-aria_expanded=\"Click to collapse: After An Active Shooter\">Despu\u00e9s de una Situaci\u00f3n con un Tirador Activo<span class=\"toggle_icon\"><span class=\"vert_icon\"><\/span><span class=\"hor_icon\"><\/span><\/span><\/p><div id='toggle-id-3' aria-labelledby='toggle-toggle-id-3' role='region' class='toggle_wrap  av-title-above'  ><div class='toggle_content invers-color'  itemprop=\"text\" ><ul>\n<li>Una vez que usted haya llegado a un lugar o punto de encuentro seguro, probablemente el personal policial lo retendr\u00e1 en dicha \u00e1rea hasta que la situaci\u00f3n est\u00e9 bajo control y se haya podido identificar e interrogar a todos los testigos. No abandone el lugar hasta que las autoridades policiales se lo permitan.<\/li>\n<li>Los efectos psicol\u00f3gicos en los supervivientes, los primeros agentes policiales que lleguen al lugar de los hechos y otros pueden estar presentes y no son inusuales despu\u00e9s de un suceso de alta siniestralidad, por lo que puede ser necesaria la asistencia de profesionales de salud mental.<\/li>\n<\/ul>\n<\/div><\/div><\/div><\/section>\n<section class='av_toggle_section av-kppw4r2a-2-9ec7b39d351e21f40e623afa14059c99'  itemscope=\"itemscope\" itemtype=\"https:\/\/schema.org\/CreativeWork\" ><div role=\"tablist\" class=\"single_toggle\" data-tags=\"{All} \"  ><p id='toggle-toggle-id-4' data-fake-id='#toggle-id-4' class='toggler  av-title-above'  itemprop=\"headline\"  role='tab' tabindex='0' aria-controls='toggle-id-4' data-slide-speed=\"200\" data-title=\"More Active Shooter Information\" data-title-open=\"\" data-aria_collapsed=\"Click to expand: More Active Shooter Information\" data-aria_expanded=\"Click to collapse: More Active Shooter Information\">M\u00e1s Informaci\u00f3n sobre Situaciones con Tiradores Activos.<span class=\"toggle_icon\"><span class=\"vert_icon\"><\/span><span class=\"hor_icon\"><\/span><\/span><\/p><div id='toggle-id-4' aria-labelledby='toggle-toggle-id-4' role='region' class='toggle_wrap  av-title-above'  ><div class='toggle_content invers-color'  itemprop=\"text\" ><p>Referencias, Recursos y M\u00e1s Informaci\u00f3n:<\/p>\n<ul>\n<li><a href=\"http:\/\/www.dhs.gov\/active-shooter-preparedness\" target=\"_blank\" rel=\"nofollow noopener\">Departamento de Seguridad Nacional de los Estados Unidos - Preparaci\u00f3n en Caso de Tiradores Activos<\/a><\/li>\n<\/ul>\n<\/div><\/div><\/div><\/section>\n<section class='av_toggle_section av-kppw4r2a-1-92ca275b1f8243ea7c6a58446d1d32ab'  itemscope=\"itemscope\" itemtype=\"https:\/\/schema.org\/CreativeWork\" ><div role=\"tablist\" class=\"single_toggle\" data-tags=\"{All} \"  ><p id='toggle-toggle-id-5' data-fake-id='#toggle-id-5' class='toggler  av-title-above'  itemprop=\"headline\"  role='tab' tabindex='0' aria-controls='toggle-id-5' data-slide-speed=\"200\" data-title=\"Active Shooter: It Happened Here\" data-title-open=\"\" data-aria_collapsed=\"Click to expand: Active Shooter: It Happened Here\" data-aria_expanded=\"Click to collapse: Active Shooter: It Happened Here\">Tirador Activo: Aqu\u00ed Sucedi\u00f3<span class=\"toggle_icon\"><span class=\"vert_icon\"><\/span><span class=\"hor_icon\"><\/span><\/span><\/p><div id='toggle-id-5' aria-labelledby='toggle-toggle-id-5' role='region' class='toggle_wrap  av-title-above'  ><div class='toggle_content invers-color'  itemprop=\"text\" ><p>El 20 de julio de 2012, se produjo un tiroteo masivo dentro de un cine en Aurora durante la proyecci\u00f3n de medianoche de \u201cBatman: El Caballero de la Noche Asciende\u201d. Un hombre armado, vestido con ropa t\u00e1ctica, activ\u00f3 granadas de gas lacrim\u00f3geno y dispar\u00f3 a la audiencia con m\u00faltiples armas de fuego, matando a 12 personas e hiriendo a docenas de personas.<\/p>\n<\/div><\/div><\/div><\/section>\n<\/div><\/p><\/div><section  class='av_textblock_section av-kppw7sjl-bce28bc98ee0237e7885cf0059931a02'   itemscope=\"itemscope\" itemtype=\"https:\/\/schema.org\/CreativeWork\" ><div class='avia_textblock'  itemprop=\"text\" ><h2>Ocho Se\u00f1ales de Terrorismo<\/h2>\n<p>Las operaciones terroristas suelen comenzar con una amplia planificaci\u00f3n y pueden ocurrir en cualquier momento y lugar, pero usted puede ayudar a detectar y prevenir el terrorismo vigilando las actividades sospechosas e informando a las autoridades competentes. \u00a1Est\u00e9 alerta a las ocho se\u00f1ales de terrorismo!<\/p>\n<p><a href=\"http:\/\/www.youtube.com\/watch?v=jHjI6mj1jOA\">VIDEO: <\/a><a href=\"http:\/\/www.youtube.com\/watch?v=jHjI6mj1jOA\" target=\"_blank\" rel=\"nofollow noopener\">Reconociendo las 8 Se\u00f1ales de Terrorismo<\/a><\/p>\n<ol>\n<li><strong>Vigilancia<\/strong>: El terrorista podr\u00eda tener bajo vigilancia el objetivo, para as\u00ed determinar sus puntos fuertes y d\u00e9biles. Est\u00e9 al tanto de alguien que parece vigilar al personal de seguridad o su equipo, o que est\u00e9 midiendo el tiempo que se tarda en responder a una emergencia. Actividades sospechosas podr\u00edan incluir el utilizar aparatos para aumentarla capacidad visual o camamras, la adquisici\u00f3n de planes del suelo o modelos, y el mostrar inter\u00e9s en el sistema de seguridad y el acceso a los lugares.<\/li>\n<li><strong>Obtenci\u00f3n<\/strong>: Un terrorista puede intentar obtener informaci\u00f3n sobre las operaciones y el sistema de seguridad de un posible objetivo, quiz\u00e1s sea un lugar importante como una central el\u00e9ctrica, estadio, o escuela. Podr\u00eda recolectar informaci\u00f3n de muchas maneras: por tel\u00e9fono, por email, en persona, o incluso consiguiendo empleo en el lugar en cuesti\u00f3n.<\/li>\n<li><strong>Probando el Sistema de Seguridad<\/strong>: Alguien podr\u00eda usar distintos m\u00e9todos para probar el sistema de seguridad, como por ejemplo, entrar en un \u00e1rea prohibida, dejar una bolsa desatendida en una zona p\u00fablica para ver cuanto tiempo tarda la gente o seguridad en responder.<\/li>\n<li><strong>Financiamiento<\/strong>: Los terroristas necesitan recaudar dinero para sus operaciones y gastarlo de manera que no llame la atenci\u00f3n. Tenga en cuenta las transacciones inusualmente grandes pagadas con dinero en efectivo o tarjetas de regalo, las colectas para donaciones y las solicitudes de dinero.<\/li>\n<li><strong>Adquisici\u00f3n de Suministros<\/strong>: Para llevar a cabo un ataque, los terroristas pueden necesitar una variedad de suministros, como armas, uniformes, insignias y sistemas de comunicaci\u00f3n.<\/li>\n<li><strong>Hacerse Pasar Por Otros<\/strong>: Los terroristas podr\u00edan hacerse pasar por agentes de la ley y el orden p\u00fablico, carteros, o empleados de la compa\u00f1\u00eda para obtener informaci\u00f3n. Alguien que parezca sospechoso, ya sea por lo que haga o pregunte en el trabajo, podr\u00eda ser una se\u00f1al de alerta.<\/li>\n<li><strong>Ensayo<\/strong>: Los terroristas a menudo ensayan el ataque planeado, incluso varias veces, para asegurarse de que su operaci\u00f3n ser\u00e1 ejecutada sin problemas. Esto podr\u00eda incluir el calcular el tiempo de reacci\u00f3n del equipo de respuesta para emergencias, hacer seguimiento de las rutas y determinar cu\u00e1nto tiempo tardan las luces del sem\u00e1foro en cambiar.<\/li>\n<li><strong>Despliegue<\/strong>: Esto es cuando los terroristas est\u00e1n poniendo en marcha sus planes - prepar\u00e1ndose, trasladando el equipo y suministros, y poniendo en marcha el ataque. Si usted cree que hay un peligro inminente, llame inmediatamente al n\u00famero 911.<\/li>\n<\/ol>\n<\/div><\/section>","protected":false},"excerpt":{"rendered":"","protected":false},"author":1,"featured_media":0,"parent":0,"menu_order":0,"comment_status":"closed","ping_status":"closed","template":"","meta":{"footnotes":""},"class_list":["post-1247","page","type-page","status-publish","hentry"],"_links":{"self":[{"href":"http:\/\/oem.yumacountysheriff.net\/es\/wp-json\/wp\/v2\/pages\/1247","targetHints":{"allow":["GET"]}}],"collection":[{"href":"http:\/\/oem.yumacountysheriff.net\/es\/wp-json\/wp\/v2\/pages"}],"about":[{"href":"http:\/\/oem.yumacountysheriff.net\/es\/wp-json\/wp\/v2\/types\/page"}],"author":[{"embeddable":true,"href":"http:\/\/oem.yumacountysheriff.net\/es\/wp-json\/wp\/v2\/users\/1"}],"replies":[{"embeddable":true,"href":"http:\/\/oem.yumacountysheriff.net\/es\/wp-json\/wp\/v2\/comments?post=1247"}],"version-history":[{"count":10,"href":"http:\/\/oem.yumacountysheriff.net\/es\/wp-json\/wp\/v2\/pages\/1247\/revisions"}],"predecessor-version":[{"id":2267,"href":"http:\/\/oem.yumacountysheriff.net\/es\/wp-json\/wp\/v2\/pages\/1247\/revisions\/2267"}],"wp:attachment":[{"href":"http:\/\/oem.yumacountysheriff.net\/es\/wp-json\/wp\/v2\/media?parent=1247"}],"curies":[{"name":"wp","href":"https:\/\/api.w.org\/{rel}","templated":true}]}}