{"id":1254,"date":"2021-06-09T20:06:12","date_gmt":"2021-06-09T20:06:12","guid":{"rendered":"http:\/\/oem.yumacountysheriff.net\/?page_id=1254"},"modified":"2023-05-27T13:55:52","modified_gmt":"2023-05-27T13:55:52","slug":"bombs-and-explosives","status":"publish","type":"page","link":"http:\/\/oem.yumacountysheriff.net\/es\/bombs-and-explosives\/","title":{"rendered":"Bombas y Explosivos"},"content":{"rendered":"<style type=\"text\/css\" data-created_by=\"avia_inline_auto\" id=\"style-css-av-6h5dgm-e762ba2db413ad155ded2240e28ef1dc\">\n.avia-section.av-6h5dgm-e762ba2db413ad155ded2240e28ef1dc{\nbackground-repeat:no-repeat;\nbackground-image:url(http:\/\/oem.yumacountysheriff.net\/wp-content\/uploads\/2021\/06\/explosion.jpg);\nbackground-position:50% 50%;\nbackground-attachment:scroll;\n}\n.avia-section.av-6h5dgm-e762ba2db413ad155ded2240e28ef1dc .av-section-color-overlay{\nopacity:0.7;\nbackground-color:#000000;\n}\n<\/style>\n<div id='av_section_1'  class='avia-section av-6h5dgm-e762ba2db413ad155ded2240e28ef1dc main_color avia-section-huge avia-no-border-styling  avia-builder-el-0  el_before_av_section  avia-builder-el-first  avia-full-stretch avia-bg-style-scroll av-section-color-overlay-active container_wrap fullsize'  data-section-bg-repeat='stretch'><div class=\"av-section-color-overlay-wrap\"><div class=\"av-section-color-overlay\"><\/div><div class='container av-section-cont-open' ><main  role=\"main\" itemprop=\"mainContentOfPage\"  class='template-page content  av-content-full alpha units'><div class='post-entry post-entry-type-page post-entry-1254'><div class='entry-content-wrapper clearfix'>\n\n<style type=\"text\/css\" data-created_by=\"avia_inline_auto\" id=\"style-css-av-kppwbvn3-3560e85ed18a1e3bd5866bd521cd2677\">\n#top .av-special-heading.av-kppwbvn3-3560e85ed18a1e3bd5866bd521cd2677{\npadding-bottom:0;\nfont-size:90px;\n}\nbody .av-special-heading.av-kppwbvn3-3560e85ed18a1e3bd5866bd521cd2677 .av-special-heading-tag .heading-char{\nfont-size:25px;\n}\n#top #wrap_all .av-special-heading.av-kppwbvn3-3560e85ed18a1e3bd5866bd521cd2677 .av-special-heading-tag{\nfont-size:90px;\n}\n.av-special-heading.av-kppwbvn3-3560e85ed18a1e3bd5866bd521cd2677 .av-subheading{\nfont-size:15px;\n}\n\n@media only screen and (min-width: 480px) and (max-width: 767px){ \n#top #wrap_all .av-special-heading.av-kppwbvn3-3560e85ed18a1e3bd5866bd521cd2677 .av-special-heading-tag{\nfont-size:0.8em;\n}\n}\n\n@media only screen and (max-width: 479px){ \n#top #wrap_all .av-special-heading.av-kppwbvn3-3560e85ed18a1e3bd5866bd521cd2677 .av-special-heading-tag{\nfont-size:0.8em;\n}\n}\n<\/style>\n<div  class='av-special-heading av-kppwbvn3-3560e85ed18a1e3bd5866bd521cd2677 av-special-heading-h1 blockquote modern-quote modern-centered  avia-builder-el-1  avia-builder-el-no-sibling  av-inherit-size av-linked-heading'><h1 class='av-special-heading-tag'  itemprop=\"headline\"  >Bombas y Explosivos<\/h1><div class=\"special-heading-border\"><div class=\"special-heading-inner-border\"><\/div><\/div><\/div>\n\n<\/div><\/div><\/main><!-- close content main element --><\/div><\/div><\/div>\n<style type=\"text\/css\" data-created_by=\"avia_inline_auto\" id=\"style-css-av-f7fra-feb1f973d624fed1905f3b10e7192283\">\n.avia-section.av-f7fra-feb1f973d624fed1905f3b10e7192283 .av-section-color-overlay{\nopacity:0.7;\nbackground-color:#000000;\nbackground-image:url(http:\/\/oem.yumacountysheriff.net\/wp-content\/themes\/enfold\/images\/background-images\/grunge-big-light.png);\nbackground-repeat:repeat;\n}\n.avia-section.av-f7fra-feb1f973d624fed1905f3b10e7192283 .av-extra-border-element .av-extra-border-inner{\nbackground-color:#111111;\n}\n<\/style>\n<div id='av_section_2'  class='avia-section av-f7fra-feb1f973d624fed1905f3b10e7192283 main_color avia-section-huge avia-no-border-styling  avia-builder-el-2  el_after_av_section  avia-builder-el-last  avia-bg-style-fixed av-section-color-overlay-active av-arrow-down-section container_wrap fullsize'  ><div class=\"av-section-color-overlay-wrap\"><div class=\"av-section-color-overlay\"><\/div><div class='container av-section-cont-open' ><div class='template-page content  av-content-full alpha units'><div class='post-entry post-entry-type-page post-entry-1254'><div class='entry-content-wrapper clearfix'>\n\n<style type=\"text\/css\" data-created_by=\"avia_inline_auto\" id=\"style-css-av-2secpi-a5a511f6c7f29112597c26083f252dac\">\n.flex_column.av-2secpi-a5a511f6c7f29112597c26083f252dac{\nborder-radius:0px 0px 0px 0px;\npadding:0px 0px 0px 0px;\n}\n<\/style>\n<div  class='flex_column av-2secpi-a5a511f6c7f29112597c26083f252dac av_one_full  avia-builder-el-3  avia-builder-el-no-sibling  first flex_column_div av-zero-column-padding'     ><p><section  class='av_textblock_section av-kppwg3ux-0e530889ec7cf686423b66a1a76509a5'   itemscope=\"itemscope\" itemtype=\"https:\/\/schema.org\/CreativeWork\" ><div class='avia_textblock'  itemprop=\"text\" ><p>Un ataque terrorista en los Estados Unidos sigue siendo una amenaza importante y apremiante. Los dispositivos explosivos improvisados (IED, por sus siglas en ingl\u00e9s) siguen siendo el arma terrorista de elecci\u00f3n debido a su relativa facilidad de construcci\u00f3n, disponibilidad y capacidad destructiva.<\/p>\n<p>Un ataque de dispositivo explosivo improvisado es el uso de una bomba \"casera\" y\/o dispositivo destructivo para destruir, incapacitar, acosar o distraer. Los IED pueden venir en muchas formas, desde una peque\u00f1a bomba de tuber\u00eda hasta un dispositivo sofisticado capaz de causar da\u00f1os masivos y p\u00e9rdida de vidas. Los IED pueden estar rodeados o empacados con materiales adicionales o \"mejoras\" como clavos, vidrio o fragmentos de metal dise\u00f1ados para aumentar la cantidad de metralla propulsada por la explosi\u00f3n. Las mejoras tambi\u00e9n pueden incluir otros elementos como residuos peligrosos.<\/p>\n<p>Sin embargo, hay cosas que puede hacer para prepararse para lo inesperado. Explore la informaci\u00f3n a continuaci\u00f3n para conocer las medidas de preparaci\u00f3n que puede tomar y c\u00f3mo ser proactivo si ve algo sospechoso.<\/p>\n<p><iframe loading=\"lazy\" title=\"Bombs and Explosives Video\" src=\"https:\/\/www.youtube.com\/embed\/fgTds2frsGk?autoplay=0&amp;start=0&amp;rel=0\" width=\"854\" height=\"480\" frameborder=\"0\" allowfullscreen=\"allowfullscreen\" aria-label=\"Bombs and Explosives Video\"><\/iframe><\/p>\n<\/div><\/section><br \/>\n<div  class='togglecontainer av-kppwju30-077bebe782cc4ad09cf6e3d62c618dc0  avia-builder-el-5  el_after_av_textblock  avia-builder-el-last  toggle_close_all' >\n<section class='av_toggle_section av-kppwgw1w-d840b70c35e6705b4eea6ddb710ab152'  itemscope=\"itemscope\" itemtype=\"https:\/\/schema.org\/CreativeWork\" ><div role=\"tablist\" class=\"single_toggle\" data-tags=\"{All} \"  ><p id='toggle-toggle-id-1' data-fake-id='#toggle-id-1' class='toggler  av-title-above'  itemprop=\"headline\"  role='tab' tabindex='0' aria-controls='toggle-id-1' data-slide-speed=\"200\" data-title=\"Before Bombs or Explosives\" data-title-open=\"\" data-aria_collapsed=\"Click to expand: Before Bombs or Explosives\" data-aria_expanded=\"Click to collapse: Before Bombs or Explosives\">Antes de una Situaci\u00f3n con Bombas y Explosivos<span class=\"toggle_icon\"><span class=\"vert_icon\"><\/span><span class=\"hor_icon\"><\/span><\/span><\/p><div id='toggle-id-1' aria-labelledby='toggle-toggle-id-1' role='region' class='toggle_wrap  av-title-above'  ><div class='toggle_content invers-color'  itemprop=\"text\" ><p>La forma n\u00famero uno de protegerse a s\u00ed mismo y a los dem\u00e1s de un ataque de IED es estar al tanto de su entorno e informar cualquier cosa que est\u00e9 fuera de lo com\u00fan.<\/p>\n<h3>Pasos a seguir si ve algo sospechoso<\/h3>\n<p>\"\u00a1Si ve algo, d\u00edgalo!\" Puede ser dif\u00edcil determinar cu\u00e1ndo informar algo sospechoso. Las personas m\u00e1s familiarizadas con un entorno determinado est\u00e1n en la mejor posici\u00f3n para determinar si algo parece sospechoso o no.<\/p>\n<p>Siga las pautas a continuaci\u00f3n:<\/p>\n<ul>\n<li>Conf\u00ede en sus instintos: si siente que algo anda mal, no lo ignore.<\/li>\n<li>No asuma que alguien m\u00e1s ya lo ha informado.<\/li>\n<li>Llame a las autoridades locales.<\/li>\n<li>Mantenga su distancia de un paquete sospechoso; no se acerque ni lo manipule.<\/li>\n<li>Cuando haga un informe, est\u00e9 listo para proporcionar su nombre y ubicaci\u00f3n, una descripci\u00f3n de lo que cree que es sospechoso y la hora en que lo vio. El oficial que responde evaluar\u00e1 la situaci\u00f3n, se asegurar\u00e1 de que el \u00e1rea sea evacuada y llamar\u00e1 al personal y equipo apropiados.<\/li>\n<\/ul>\n<h3>Haga un Plan Personal de Respuesta<\/h3>\n<p>La preparaci\u00f3n es la clave. Todos pueden seguir los siguientes pasos para prepararse para un ataque de IED:<\/p>\n<ul>\n<li>Conozca los procedimientos de emergencia en su lugar de trabajo, cualquier otro sitio que visite regularmente y cualquier sistema de transporte p\u00fablico que utilice. Los sistemas de comunicaci\u00f3n pueden no funcionar en caso de emergencia, por lo que debe estar familiarizado con los pasos a seguir.<\/li>\n<li>Sepa c\u00f3mo salir del \u00e1rea. Si trabaja lejos de casa, planifique copias de seguridad para llegar a casa si los modos habituales de tr\u00e1nsito no funcionan.<\/li>\n<li>Conozca las rutas a los hospitales en su comunidad.<\/li>\n<li>Tome un curso de primeros auxilios.<\/li>\n<li>Haga un plan familiar de emergencia \u2500 recuerde que los miembros de la familia pueden estar en ubicaciones separadas al momento de un ataque.<\/li>\n<li>Designe un contacto \"fuera del \u00e1rea\" y aseg\u00farese de que todos los miembros de su familia tengan el n\u00famero de tel\u00e9fono de esa persona.<\/li>\n<li>Tenga un kit o botiqu\u00edn de suministros de emergencia en el trabajo y en el hogar que incluya agua y alimentos no perecederos que duren al menos tres d\u00edas, radio a bater\u00eda, botiqu\u00edn de primeros auxilios, linternas y bater\u00edas.<\/li>\n<\/ul>\n<\/div><\/div><\/div><\/section>\n<section class='av_toggle_section av-kppwhi2n-c4d0468b843fc5c50e067d08afabdf2f'  itemscope=\"itemscope\" itemtype=\"https:\/\/schema.org\/CreativeWork\" ><div role=\"tablist\" class=\"single_toggle\" data-tags=\"{All} \"  ><p id='toggle-toggle-id-2' data-fake-id='#toggle-id-2' class='toggler  av-title-above'  itemprop=\"headline\"  role='tab' tabindex='0' aria-controls='toggle-id-2' data-slide-speed=\"200\" data-title=\"During Bombs and Explosives\" data-title-open=\"\" data-aria_collapsed=\"Click to expand: During Bombs and Explosives\" data-aria_expanded=\"Click to collapse: During Bombs and Explosives\">Durante una Situaci\u00f3n con Bombas y Explosivos<span class=\"toggle_icon\"><span class=\"vert_icon\"><\/span><span class=\"hor_icon\"><\/span><\/span><\/p><div id='toggle-id-2' aria-labelledby='toggle-toggle-id-2' role='region' class='toggle_wrap  av-title-above'  ><div class='toggle_content invers-color'  itemprop=\"text\" ><p>Si se encuentra en el sitio inmediato de un ataque de IED, su principal prioridad es salir del \u00e1rea. Esto aumenta su seguridad en caso de que haya un dispositivo secundario en el \u00e1rea y minimiza su exposici\u00f3n al polvo, humo y cualquier sustancia peligrosa que pueda haberse liberado como resultado de la explosi\u00f3n. Esto tambi\u00e9n permite que los servicios de emergencia encuentren y ayuden a las v\u00edctimas m\u00e1s gravemente heridas.<\/p>\n<p>Revise <a href=\"https:\/\/www.dhs.gov\/publication\/ied-attack-fact-sheet\">laHoja Informativa sobre el Ataque IED del DHS<\/a>\u00a0para obtener m\u00e1s informaci\u00f3n sobre los pasos que puede seguir en diferentes situaciones durante un ataque IED.<\/p>\n<\/div><\/div><\/div><\/section>\n<section class='av_toggle_section av-kppwhi2n-2-7407d31d333bcea6e97ad433a8997b00'  itemscope=\"itemscope\" itemtype=\"https:\/\/schema.org\/CreativeWork\" ><div role=\"tablist\" class=\"single_toggle\" data-tags=\"{All} \"  ><p id='toggle-toggle-id-3' data-fake-id='#toggle-id-3' class='toggler  av-title-above'  itemprop=\"headline\"  role='tab' tabindex='0' aria-controls='toggle-id-3' data-slide-speed=\"200\" data-title=\"After Bombs and Explosives\" data-title-open=\"\" data-aria_collapsed=\"Click to expand: After Bombs and Explosives\" data-aria_expanded=\"Click to collapse: After Bombs and Explosives\">Despu\u00e9s una Situaci\u00f3n con Bombas y Explosivos<span class=\"toggle_icon\"><span class=\"vert_icon\"><\/span><span class=\"hor_icon\"><\/span><\/span><\/p><div id='toggle-id-3' aria-labelledby='toggle-toggle-id-3' role='region' class='toggle_wrap  av-title-above'  ><div class='toggle_content invers-color'  itemprop=\"text\" ><p>Algunos efectos sobre la salud causados por los IED, incluidas las lesiones oculares y abdominales, pueden no ser aparentes inicialmente, pero pueden causar s\u00edntomas e incluso muertes horas o meses despu\u00e9s del evento. Busque atenci\u00f3n m\u00e9dica si experimenta alguno de estos s\u00edntomas.<\/p>\n<p>Los efectos psicol\u00f3gicos en los supervivientes, los primeros agentes policiales que lleguen al lugar de los hechos y otros pueden estar presentes y no son inusuales despu\u00e9s de un suceso de alta siniestralidad, por lo que puede ser necesaria la asistencia de profesionales de la salud mental.<\/p>\n<\/div><\/div><\/div><\/section>\n<section class='av_toggle_section av-kppwhi2n-1-9227e22cdd9b0e68d6cc17f4ad8058bb'  itemscope=\"itemscope\" itemtype=\"https:\/\/schema.org\/CreativeWork\" ><div role=\"tablist\" class=\"single_toggle\" data-tags=\"{All} \"  ><p id='toggle-toggle-id-4' data-fake-id='#toggle-id-4' class='toggler  av-title-above'  itemprop=\"headline\"  role='tab' tabindex='0' aria-controls='toggle-id-4' data-slide-speed=\"200\" data-title=\"More Bombs and Explosive Information\" data-title-open=\"\" data-aria_collapsed=\"Click to expand: More Bombs and Explosive Information\" data-aria_expanded=\"Click to collapse: More Bombs and Explosive Information\">M\u00e1s Informaci\u00f3n sobre Bombas y Explosivos<span class=\"toggle_icon\"><span class=\"vert_icon\"><\/span><span class=\"hor_icon\"><\/span><\/span><\/p><div id='toggle-id-4' aria-labelledby='toggle-toggle-id-4' role='region' class='toggle_wrap  av-title-above'  ><div class='toggle_content invers-color'  itemprop=\"text\" ><p>Referencias, Recursos y M\u00e1s Informaci\u00f3n:<\/p>\n<ul>\n<li><a href=\"http:\/\/www.ready.gov\/explosions\" target=\"_blank\" rel=\"nofollow noopener\">Ready.gov - Explosiones<\/a><\/li>\n<li><a href=\"https:\/\/ciacco.org\/?AspxAutoDetectCookieSupport=1\" target=\"_blank\" rel=\"nofollow noopener\">Centro de An\u00e1lisis de Informaci\u00f3n de Colorado<\/a><\/li>\n<li><a href=\"http:\/\/www.thecell.org\/\" target=\"_blank\" rel=\"nofollow noopener\">Laboratorio de Aprendizaje de Educaci\u00f3n Antiterrorista<\/a><\/li>\n<li><a href=\"https:\/\/emergency.cdc.gov\/\" target=\"_blank\" rel=\"nofollow noopener\">Centros para el Control y la Prevenci\u00f3n de Enfermedades - Preparaci\u00f3n y Respuesta a Eventos con V\u00edctimas Masivas<\/a><\/li>\n<li><a href=\"https:\/\/www.cdc.gov\/nceh\/radiation\/emergencies\/dirtybombs.htm\" target=\"_blank\" rel=\"nofollow noopener\">Centros para el Control y la Prevenci\u00f3n de Enfermedades - Prepar\u00e1ndose para una Situaci\u00f3n con Bombas<\/a><\/li>\n<li><a href=\"http:\/\/www.dhs.gov\/\" target=\"_blank\" rel=\"nofollow noopener\">Departamento de Seguridad Nacional de los Estados Unidos<\/a><\/li>\n<\/ul>\n<\/div><\/div><\/div><\/section>\n<\/div><\/p><\/div>","protected":false},"excerpt":{"rendered":"","protected":false},"author":1,"featured_media":0,"parent":0,"menu_order":0,"comment_status":"closed","ping_status":"closed","template":"","meta":{"footnotes":""},"class_list":["post-1254","page","type-page","status-publish","hentry"],"_links":{"self":[{"href":"http:\/\/oem.yumacountysheriff.net\/es\/wp-json\/wp\/v2\/pages\/1254","targetHints":{"allow":["GET"]}}],"collection":[{"href":"http:\/\/oem.yumacountysheriff.net\/es\/wp-json\/wp\/v2\/pages"}],"about":[{"href":"http:\/\/oem.yumacountysheriff.net\/es\/wp-json\/wp\/v2\/types\/page"}],"author":[{"embeddable":true,"href":"http:\/\/oem.yumacountysheriff.net\/es\/wp-json\/wp\/v2\/users\/1"}],"replies":[{"embeddable":true,"href":"http:\/\/oem.yumacountysheriff.net\/es\/wp-json\/wp\/v2\/comments?post=1254"}],"version-history":[{"count":5,"href":"http:\/\/oem.yumacountysheriff.net\/es\/wp-json\/wp\/v2\/pages\/1254\/revisions"}],"predecessor-version":[{"id":2089,"href":"http:\/\/oem.yumacountysheriff.net\/es\/wp-json\/wp\/v2\/pages\/1254\/revisions\/2089"}],"wp:attachment":[{"href":"http:\/\/oem.yumacountysheriff.net\/es\/wp-json\/wp\/v2\/media?parent=1254"}],"curies":[{"name":"wp","href":"https:\/\/api.w.org\/{rel}","templated":true}]}}