{"id":1260,"date":"2021-06-09T20:17:59","date_gmt":"2021-06-09T20:17:59","guid":{"rendered":"http:\/\/oem.yumacountysheriff.net\/?page_id=1260"},"modified":"2023-05-27T14:03:29","modified_gmt":"2023-05-27T14:03:29","slug":"terrorism","status":"publish","type":"page","link":"http:\/\/oem.yumacountysheriff.net\/es\/terrorism\/","title":{"rendered":"Terrorismo"},"content":{"rendered":"<style type=\"text\/css\" data-created_by=\"avia_inline_auto\" id=\"style-css-av-6a53oc-e95b13cd331ddd869837613c6d80722d\">\n.avia-section.av-6a53oc-e95b13cd331ddd869837613c6d80722d{\nbackground-repeat:no-repeat;\nbackground-image:url(http:\/\/oem.yumacountysheriff.net\/wp-content\/uploads\/2021\/06\/terrorism.jpg);\nbackground-position:50% 50%;\nbackground-attachment:scroll;\n}\n.avia-section.av-6a53oc-e95b13cd331ddd869837613c6d80722d .av-section-color-overlay{\nopacity:0.7;\nbackground-color:#000000;\n}\n<\/style>\n<div id='av_section_1'  class='avia-section av-6a53oc-e95b13cd331ddd869837613c6d80722d main_color avia-section-huge avia-no-border-styling  avia-builder-el-0  el_before_av_section  avia-builder-el-first  avia-full-stretch avia-bg-style-scroll av-section-color-overlay-active container_wrap fullsize'  data-section-bg-repeat='stretch'><div class=\"av-section-color-overlay-wrap\"><div class=\"av-section-color-overlay\"><\/div><div class='container av-section-cont-open' ><main  role=\"main\" itemprop=\"mainContentOfPage\"  class='template-page content  av-content-full alpha units'><div class='post-entry post-entry-type-page post-entry-1260'><div class='entry-content-wrapper clearfix'>\n\n<style type=\"text\/css\" data-created_by=\"avia_inline_auto\" id=\"style-css-av-kppwubp1-9784b5280a8b40cc91036161aa98f5ec\">\n#top .av-special-heading.av-kppwubp1-9784b5280a8b40cc91036161aa98f5ec{\npadding-bottom:0;\nfont-size:90px;\n}\nbody .av-special-heading.av-kppwubp1-9784b5280a8b40cc91036161aa98f5ec .av-special-heading-tag .heading-char{\nfont-size:25px;\n}\n#top #wrap_all .av-special-heading.av-kppwubp1-9784b5280a8b40cc91036161aa98f5ec .av-special-heading-tag{\nfont-size:90px;\n}\n.av-special-heading.av-kppwubp1-9784b5280a8b40cc91036161aa98f5ec .av-subheading{\nfont-size:15px;\n}\n\n@media only screen and (min-width: 480px) and (max-width: 767px){ \n#top #wrap_all .av-special-heading.av-kppwubp1-9784b5280a8b40cc91036161aa98f5ec .av-special-heading-tag{\nfont-size:0.8em;\n}\n}\n\n@media only screen and (max-width: 479px){ \n#top #wrap_all .av-special-heading.av-kppwubp1-9784b5280a8b40cc91036161aa98f5ec .av-special-heading-tag{\nfont-size:0.8em;\n}\n}\n<\/style>\n<div  class='av-special-heading av-kppwubp1-9784b5280a8b40cc91036161aa98f5ec av-special-heading-h1 blockquote modern-quote modern-centered  avia-builder-el-1  avia-builder-el-no-sibling  av-inherit-size av-linked-heading'><h1 class='av-special-heading-tag'  itemprop=\"headline\"  >Terrorismo<\/h1><div class=\"special-heading-border\"><div class=\"special-heading-inner-border\"><\/div><\/div><\/div>\n\n<\/div><\/div><\/main><!-- close content main element --><\/div><\/div><\/div>\n<style type=\"text\/css\" data-created_by=\"avia_inline_auto\" id=\"style-css-av-3z9rzg-80a237c76bf5de1ae3fddbc2c7f2fbf8\">\n.avia-section.av-3z9rzg-80a237c76bf5de1ae3fddbc2c7f2fbf8 .av-section-color-overlay{\nopacity:0.7;\nbackground-color:#000000;\nbackground-image:url(http:\/\/oem.yumacountysheriff.net\/wp-content\/themes\/enfold\/images\/background-images\/grunge-big-light.png);\nbackground-repeat:repeat;\n}\n.avia-section.av-3z9rzg-80a237c76bf5de1ae3fddbc2c7f2fbf8 .av-extra-border-element .av-extra-border-inner{\nbackground-color:#111111;\n}\n<\/style>\n<div id='av_section_2'  class='avia-section av-3z9rzg-80a237c76bf5de1ae3fddbc2c7f2fbf8 main_color avia-section-huge avia-no-border-styling  avia-builder-el-2  el_after_av_section  avia-builder-el-last  avia-bg-style-fixed av-section-color-overlay-active av-arrow-down-section container_wrap fullsize'  ><div class=\"av-section-color-overlay-wrap\"><div class=\"av-section-color-overlay\"><\/div><div class='container av-section-cont-open' ><div class='template-page content  av-content-full alpha units'><div class='post-entry post-entry-type-page post-entry-1260'><div class='entry-content-wrapper clearfix'>\n\n<style type=\"text\/css\" data-created_by=\"avia_inline_auto\" id=\"style-css-av-30u2cs-dc8f7a10035109db65bb683e8b84c3fd\">\n.flex_column.av-30u2cs-dc8f7a10035109db65bb683e8b84c3fd{\nborder-radius:0px 0px 0px 0px;\npadding:0px 0px 0px 0px;\n}\n<\/style>\n<div  class='flex_column av-30u2cs-dc8f7a10035109db65bb683e8b84c3fd av_one_full  avia-builder-el-3  avia-builder-el-no-sibling  first flex_column_div av-zero-column-padding'     ><p><section  class='av_textblock_section av-kppwvw75-4585aee110e8804016dcb93f0c20162d'   itemscope=\"itemscope\" itemtype=\"https:\/\/schema.org\/CreativeWork\" ><div class='avia_textblock'  itemprop=\"text\" ><p>Los ataques terroristas del pasado han dejado a muchos preocupados por la posibilidad de que en el futuro se produzcan en los Estados Unidos incidentes de terrorismo y su posible impacto. Un ataque terrorista en los Estados Unidos sigue siendo una amenaza significativa y apremiante. Las operaciones terroristas suelen comenzar con una amplia planificaci\u00f3n, y pueden producirse en cualquier momento y lugar, pero se puede ayudar a prevenir y detectar el terrorismo vigilando las actividades sospechosas y denunci\u00e1ndolas a las autoridades competentes. Mant\u00e9ngase alerta ante las ocho se\u00f1ales de terrorismo que se presentan a continuaci\u00f3n.<\/p>\n<p><iframe loading=\"lazy\" title=\"Terrorism Preparedness Video\" src=\"https:\/\/www.youtube.com\/embed\/zjA_Q5HRlZs?autoplay=0&amp;start=0&amp;rel=0\" width=\"854\" height=\"480\" frameborder=\"0\" allowfullscreen=\"allowfullscreen\" aria-label=\"Terrorism Preparedness Video\"><\/iframe><\/p>\n<\/div><\/section><br \/>\n<div  class='togglecontainer av-kppwz0he-2d27b0cee39fc063a19d32fa9b7ebf27  avia-builder-el-5  el_after_av_textblock  avia-builder-el-last  toggle_close_all' >\n<section class='av_toggle_section av-kppwwn0c-c19fb676e824f42fb93afeec8270fb1d'  itemscope=\"itemscope\" itemtype=\"https:\/\/schema.org\/CreativeWork\" ><div role=\"tablist\" class=\"single_toggle\" data-tags=\"{All} \"  ><p id='toggle-toggle-id-1' data-fake-id='#toggle-id-1' class='toggler  av-title-above'  itemprop=\"headline\"  role='tab' tabindex='0' aria-controls='toggle-id-1' data-slide-speed=\"200\" data-title=\"Before A Terrorist Attack\" data-title-open=\"\" data-aria_collapsed=\"Click to expand: Before A Terrorist Attack\" data-aria_expanded=\"Click to collapse: Before A Terrorist Attack\">Antes de un Ataque Terrorista<span class=\"toggle_icon\"><span class=\"vert_icon\"><\/span><span class=\"hor_icon\"><\/span><\/span><\/p><div id='toggle-id-1' aria-labelledby='toggle-toggle-id-1' role='region' class='toggle_wrap  av-title-above'  ><div class='toggle_content invers-color'  itemprop=\"text\" ><h3>8 Se\u00f1ales de Terrorismo<\/h3>\n<ul>\n<li>Vigilancia: Los terroristas podr\u00edan tener bajo vigilancia el objetivo, para as\u00ed determinar sus puntos fuertes y d\u00e9biles. Est\u00e9 al tanto de alguien que parece vigilar al personal de seguridad o su equipo, o que est\u00e9 midiendo el tiempo que se tarda en responder a una emergencia. Actividades sospechosas podr\u00edan incluir el utilizar aparatos para aumentar la capacidad visual, la adquisici\u00f3n de planes del suelo o modelos, y el mostrar inter\u00e9s en el sistema de seguridad y el acceso a los lugares.<\/li>\n<li>Obtenci\u00f3n: Un terrorista puede intentar obtener informaci\u00f3n sobre las operaciones y el sistema de seguridad de un posible objetivo, quiz\u00e1s sea un lugar importante como una central el\u00e9ctrica, estadio, o escuela. Podr\u00eda recolectar informaci\u00f3n de muchas maneras: por tel\u00e9fono, email, en persona, o incluso consiguiendo empleo en el lugar en cuesti\u00f3n.<\/li>\n<li>Pruebas de seguridad: Cualquier intento de medir los tiempos de reacci\u00f3n a las violaciones de la seguridad, los intentos de penetrar en las barreras de seguridad f\u00edsica o de vigilar los procedimientos a fin de evaluar los puntos fuertes y d\u00e9biles.<\/li>\n<li>Financiamiento: Los terroristas necesitan recaudar dinero para sus operaciones y gastarlo de manera que no llame la atenci\u00f3n. Tenga en cuenta las transacciones inusualmente grandes pagadas con dinero en efectivo o tarjetas de regalo, las colectas para donaciones y las solicitudes de dinero.<\/li>\n<li>Adquisici\u00f3n de Suministros: Para llevar a cabo un ataque, los terroristas pueden necesitar una variedad de suministros, como armas, uniformes, insignias y sistemas de comunicaci\u00f3n.<\/li>\n<li>Hacerse Pasar Por Otros: Los terroristas podr\u00edan hacerse pasar por agentes de la ley y el orden p\u00fablico, carteros, o empleados de la compa\u00f1\u00eda para obtener informaci\u00f3n. Alguien que parezca sospechoso, ya sea por lo que haga o pregunte en el trabajo, podr\u00eda ser una se\u00f1al de alerta.<\/li>\n<li>Ensayo: Los terroristas a menudo ensayan el ataque planeado, incluso varias veces, para asegurarse de que su operaci\u00f3n ser\u00e1 ejecutada sin problemas. Esto podr\u00eda incluir el calcular el tiempo de reacci\u00f3n del equipo de respuesta para emergencias, hacer seguimiento de las rutas y determinar cu\u00e1nto tiempo tardan las luces del sem\u00e1foro en cambiar.<\/li>\n<li>Despliegue: Es cuando los terroristas ponen en marcha sus planes, se colocan en posici\u00f3n, y mueven los equipos y suministros. Si observa este tipo de actividad, es su \u00faltima oportunidad de alertar a las autoridades antes de que se lance el ataque. Si cree que hay un peligro inminente, llame al 911 inmediatamente.<\/li>\n<\/ul>\n<p>VIDEO:\u00a0<a href=\"http:\/\/www.youtube.com\/watch?v=jHjI6mj1jOA\" target=\"_blank\" rel=\"nofollow noopener\">Reconociendo las 8 Se\u00f1ales de Terrorismo<\/a><\/p>\n<h3>\u00a1Si ve algo, d\u00edgalo!<\/h3>\n<p>La campa\u00f1a nacional de sensibilizaci\u00f3n p\u00fablica \u201c\u00a1Si ve algo, d\u00edgalo!\" se cre\u00f3 para concienciar al p\u00fablico sobre los indicadores y los delitos relacionados con el terrorismo, y para subrayar la importancia de informar sobre las actividades sospechosas a las autoridades locales competentes en materia de aplicaci\u00f3n de la ley. Si ve que algo sospechoso est\u00e1 ocurriendo, denuncie el comportamiento o la actividad a la polic\u00eda local. En caso de emergencia, llame al 9-1-1. Los factores como la raza, la etnia, la nacionalidad o la afiliaci\u00f3n religiosa no son sospechosos por s\u00ed solos. Nunca intente manejar o intervenir en la situaci\u00f3n por su cuenta, deje que lo hagan las autoridades entrenadas.<\/p>\n<h3>Reconocimiento de Personas Sospechosas<\/h3>\n<p>Las personas sospechosas a menudo pueden ser identificadas por su comportamiento. Si bien ninguna actividad conductual es prueba de que alguien est\u00e9 planeando actuar de manera inapropiada, algunos factores pueden ayudarle a evaluar si alguien representa una amenaza.<\/p>\n<h3>Los factores de comportamiento a los que hay que prestar atenci\u00f3n incluyen:<\/h3>\n<ul>\n<li>El nerviosismo u otros signos de malestar mental. Esto puede incluir el sudor o la \"visi\u00f3n de t\u00fanel\" (mirar fijamente hacia adelante de manera inapropiada).<\/li>\n<li>Ropa inapropiada, de gran tama\u00f1o y suelta (es decir, un abrigo pesado en un d\u00eda caluroso).<\/li>\n<li>Mantener las manos en los bolsillos o las manos ahuecadas (por ejemplo, sujetando un dispositivo de disparo).<\/li>\n<li>Favorecer constantemente un lado o una zona del cuerpo, como si llevara algo inusual o inc\u00f3modo (por ejemplo, una funda). Preste atenci\u00f3n a alguien que se ajusta constantemente el cintur\u00f3n, los tobillos u otra ropa. Se sabe que los terroristas suicidas se dan palmadas varias veces para verificar que el chaleco o el cintur\u00f3n de la bomba sigue puesto.<\/li>\n<\/ul>\n<\/div><\/div><\/div><\/section>\n<section class='av_toggle_section av-kppwxpvz-cb7dee6d5b06f9162723264518e3100c'  itemscope=\"itemscope\" itemtype=\"https:\/\/schema.org\/CreativeWork\" ><div role=\"tablist\" class=\"single_toggle\" data-tags=\"{All} \"  ><p id='toggle-toggle-id-2' data-fake-id='#toggle-id-2' class='toggler  av-title-above'  itemprop=\"headline\"  role='tab' tabindex='0' aria-controls='toggle-id-2' data-slide-speed=\"200\" data-title=\"During A Terrorist Attack\" data-title-open=\"\" data-aria_collapsed=\"Click to expand: During A Terrorist Attack\" data-aria_expanded=\"Click to collapse: During A Terrorist Attack\">Durante un Ataque Terrorista<span class=\"toggle_icon\"><span class=\"vert_icon\"><\/span><span class=\"hor_icon\"><\/span><\/span><\/p><div id='toggle-id-2' aria-labelledby='toggle-toggle-id-2' role='region' class='toggle_wrap  av-title-above'  ><div class='toggle_content invers-color'  itemprop=\"text\" ><ul>\n<li>Mant\u00e9ngase tan tranquilo como sea posible.<\/li>\n<li>Siga las instrucciones de los oficiales de emergencia locales.<\/li>\n<li>Si est\u00e1 en las inmediaciones, rev\u00edsese a s\u00ed mismo y a los dem\u00e1s para ver si hay lesiones. Si no est\u00e1 herido, proporcione los primeros auxilios y consiga ayuda para los heridos graves.<\/li>\n<li>Si no est\u00e1 en el \u00e1rea inmediata, no se mueva al lugar del incidente.<\/li>\n<li>Escuche la radio o la televisi\u00f3n para obtener informaci\u00f3n.<\/li>\n<li>Llame a su contacto familiar; no vuelva a utilizar el tel\u00e9fono a menos que se trate de una emergencia en la que haya riesgo de vida.<\/li>\n<\/ul>\n<\/div><\/div><\/div><\/section>\n<section class='av_toggle_section av-kppwxpvz-3-e18f311ec959ddba850cb7005919b443'  itemscope=\"itemscope\" itemtype=\"https:\/\/schema.org\/CreativeWork\" ><div role=\"tablist\" class=\"single_toggle\" data-tags=\"{All} \"  ><p id='toggle-toggle-id-3' data-fake-id='#toggle-id-3' class='toggler  av-title-above'  itemprop=\"headline\"  role='tab' tabindex='0' aria-controls='toggle-id-3' data-slide-speed=\"200\" data-title=\"After A Terrorist Attack\" data-title-open=\"\" data-aria_collapsed=\"Click to expand: After A Terrorist Attack\" data-aria_expanded=\"Click to collapse: After A Terrorist Attack\">Despu\u00e9s de un Ataque Terrorista<span class=\"toggle_icon\"><span class=\"vert_icon\"><\/span><span class=\"hor_icon\"><\/span><\/span><\/p><div id='toggle-id-3' aria-labelledby='toggle-toggle-id-3' role='region' class='toggle_wrap  av-title-above'  ><div class='toggle_content invers-color'  itemprop=\"text\" ><p>Un acto de terrorismo puede tener resultados amplios y devastadores.<\/p>\n<p>Debe estar preparado para lo siguiente:<\/p>\n<ul>\n<li>Fuerte presencia de las fuerzas del orden en las zonas circundantes.<\/li>\n<li>Amplia cobertura de los medios de comunicaci\u00f3n durante un per\u00edodo de tiempo prolongado.<\/li>\n<li>Cierre de los lugares de trabajo y las escuelas.<\/li>\n<li>Restricciones a los viajes nacionales e internacionales.<\/li>\n<li>La limpieza lleva meses.<\/li>\n<li>Los efectos psicol\u00f3gicos en los supervivientes, los primeros agentes policiales que lleguen al lugar de los hechos y otros pueden estar presentes y no son inusuales despu\u00e9s de un suceso de alta siniestralidad, por lo que puede ser necesaria la asistencia de profesionales de salud mental.<\/li>\n<\/ul>\n<\/div><\/div><\/div><\/section>\n<section class='av_toggle_section av-kppwxpvz-2-a1138d98fc8e67219e0fe019864d6804'  itemscope=\"itemscope\" itemtype=\"https:\/\/schema.org\/CreativeWork\" ><div role=\"tablist\" class=\"single_toggle\" data-tags=\"{All} \"  ><p id='toggle-toggle-id-4' data-fake-id='#toggle-id-4' class='toggler  av-title-above'  itemprop=\"headline\"  role='tab' tabindex='0' aria-controls='toggle-id-4' data-slide-speed=\"200\" data-title=\"More Terrorist Information\" data-title-open=\"\" data-aria_collapsed=\"Click to expand: More Terrorist Information\" data-aria_expanded=\"Click to collapse: More Terrorist Information\">M\u00e1s Informaci\u00f3n sobre el Ataque Terrorista<span class=\"toggle_icon\"><span class=\"vert_icon\"><\/span><span class=\"hor_icon\"><\/span><\/span><\/p><div id='toggle-id-4' aria-labelledby='toggle-toggle-id-4' role='region' class='toggle_wrap  av-title-above'  ><div class='toggle_content invers-color'  itemprop=\"text\" ><p>Referencias, Recursos y M\u00e1s Informaci\u00f3n:<\/p>\n<ul>\n<li><a href=\"http:\/\/dhsem.state.co.us\/prevention-security\/prevention-security\" target=\"_blank\" rel=\"nofollow noopener\">Divisi\u00f3n de Seguridad Nacional y Gesti\u00f3n de Emergencias<\/a><\/li>\n<li><a href=\"http:\/\/www.colorado.gov\/cs\/Satellite\/StatePatrol-Main\/CBON\/1251594440125\" target=\"_blank\" rel=\"nofollow noopener\">Centro de An\u00e1lisis de Informaci\u00f3n de Colorado<\/a><\/li>\n<li><a href=\"http:\/\/www.thecell.org\/\" target=\"_blank\" rel=\"nofollow noopener\">Laboratorio de Aprendizaje de Educaci\u00f3n Antiterrorista<\/a><\/li>\n<li><a href=\"http:\/\/www.dhs.gov\/national-terrorism-advisory-system\" target=\"_blank\" rel=\"nofollow noopener\">Sistema Nacional de Asesoramiento sobre Terrorismo<\/a><\/li>\n<li><a href=\"http:\/\/www.redcross.org\/prepare\/disaster\" target=\"_blank\" rel=\"nofollow noopener\">Cruz Roja - Preparaci\u00f3n para el Terrorismo<\/a><\/li>\n<li><a href=\"http:\/\/www.dhs.gov\/\" target=\"_blank\" rel=\"nofollow noopener\">Departamento de Seguridad Nacional de los Estados Unidos<\/a><\/li>\n<li><a href=\"http:\/\/securitymanagement.com\/\" target=\"_blank\" rel=\"nofollow noopener\">Gesti\u00f3n de Seguridad<\/a><\/li>\n<li><a href=\"http:\/\/www.fema.gov\/\" target=\"_blank\" rel=\"nofollow noopener\">FEMA<\/a><\/li>\n<li><a href=\"http:\/\/www.fbi.gov\/newyork\/press-releases\/2010\/nyfo022210.htm\" target=\"_blank\" rel=\"nofollow noopener\">Oficina Federal de Investigaci\u00f3n - Najibullah Zazi se Declara Culpable de Conspirar para usar Explosivos contra Personas o Propiedades en Estados Unidos, de Conspirar para Asesinar en el Extranjero y de Proporcionar Apoyo Material a Al Qaeda<\/a><\/li>\n<\/ul>\n<\/div><\/div><\/div><\/section>\n<section class='av_toggle_section av-kppwxpvz-1-f787bf3493d24ca21baf1c48b0ccc4b6'  itemscope=\"itemscope\" itemtype=\"https:\/\/schema.org\/CreativeWork\" ><div role=\"tablist\" class=\"single_toggle\" data-tags=\"{All} \"  ><p id='toggle-toggle-id-5' data-fake-id='#toggle-id-5' class='toggler  av-title-above'  itemprop=\"headline\"  role='tab' tabindex='0' aria-controls='toggle-id-5' data-slide-speed=\"200\" data-title=\"Terrorism: It Happened Here\" data-title-open=\"\" data-aria_collapsed=\"Click to expand: Terrorism: It Happened Here\" data-aria_expanded=\"Click to collapse: Terrorism: It Happened Here\">Terrorism: It Happened Here<span class=\"toggle_icon\"><span class=\"vert_icon\"><\/span><span class=\"hor_icon\"><\/span><\/span><\/p><div id='toggle-id-5' aria-labelledby='toggle-toggle-id-5' role='region' class='toggle_wrap  av-title-above'  ><div class='toggle_content invers-color'  itemprop=\"text\" ><p>Najibullah Zazi, ciudadano afgano y residente legal en los Estados Unidos, conspir\u00f3 para bombardear el sistema de transporte subterr\u00e1neo de la ciudad de Nueva York en septiembre de 2009. En enero de 2009, Zazi se mud\u00f3 a Colorado y trabaj\u00f3 como conductor de autob\u00fas en el Aeropuerto Internacional de Denver. El 8 de septiembre de 2009, Zazi condujo desde Denver a Nueva York, llevando con \u00e9l explosivos y otros materiales necesarios para construir bombas. Zazi y otros ten\u00edan la intenci\u00f3n de obtener y ensamblar los componentes restantes de las bombas durante el fin de semana y llevar a cabo el ataque al sistema de subterr\u00e1neos de Manhattan el 14, 15 o 16 de septiembre de 2009. Sin embargo, poco despu\u00e9s de llegar a Nueva York, Zazi se dio cuenta de que las fuerzas del orden estaban investigando sus actividades. Zazi y otros se deshicieron de los explosivos y otros materiales para fabricar las bombas, y viaj\u00f3 de vuelta a Denver. Fue arrestado el 19 de septiembre de 2009. Terrorismo: Aqu\u00ed Sucedi\u00f3<\/p>\n<\/div><\/div><\/div><\/section>\n<\/div><\/p><\/div>","protected":false},"excerpt":{"rendered":"","protected":false},"author":1,"featured_media":0,"parent":0,"menu_order":0,"comment_status":"closed","ping_status":"closed","template":"","meta":{"footnotes":""},"class_list":["post-1260","page","type-page","status-publish","hentry"],"_links":{"self":[{"href":"http:\/\/oem.yumacountysheriff.net\/es\/wp-json\/wp\/v2\/pages\/1260","targetHints":{"allow":["GET"]}}],"collection":[{"href":"http:\/\/oem.yumacountysheriff.net\/es\/wp-json\/wp\/v2\/pages"}],"about":[{"href":"http:\/\/oem.yumacountysheriff.net\/es\/wp-json\/wp\/v2\/types\/page"}],"author":[{"embeddable":true,"href":"http:\/\/oem.yumacountysheriff.net\/es\/wp-json\/wp\/v2\/users\/1"}],"replies":[{"embeddable":true,"href":"http:\/\/oem.yumacountysheriff.net\/es\/wp-json\/wp\/v2\/comments?post=1260"}],"version-history":[{"count":6,"href":"http:\/\/oem.yumacountysheriff.net\/es\/wp-json\/wp\/v2\/pages\/1260\/revisions"}],"predecessor-version":[{"id":2107,"href":"http:\/\/oem.yumacountysheriff.net\/es\/wp-json\/wp\/v2\/pages\/1260\/revisions\/2107"}],"wp:attachment":[{"href":"http:\/\/oem.yumacountysheriff.net\/es\/wp-json\/wp\/v2\/media?parent=1260"}],"curies":[{"name":"wp","href":"https:\/\/api.w.org\/{rel}","templated":true}]}}