{"id":212,"date":"2015-07-14T14:50:10","date_gmt":"2015-07-14T14:50:10","guid":{"rendered":"http:\/\/test.kriesi.at\/minimal-portfolio\/?page_id=9"},"modified":"2026-03-06T15:31:20","modified_gmt":"2026-03-06T15:31:20","slug":"home","status":"publish","type":"page","link":"http:\/\/oem.yumacountysheriff.net\/es\/","title":{"rendered":"Inicio"},"content":{"rendered":"<style type=\"text\/css\" data-created_by=\"avia_inline_auto\" id=\"style-css-av-3qmbv8-4789b42c2bf613c40475dc40bec28d99\">\n.avia-section.av-3qmbv8-4789b42c2bf613c40475dc40bec28d99{\nbackground-repeat:no-repeat;\nbackground-image:url(http:\/\/oem.yumacountysheriff.net\/wp-content\/uploads\/2019\/11\/cows-in-the-snow.jpg);\nbackground-position:50% 50%;\nbackground-attachment:scroll;\n}\n.avia-section.av-3qmbv8-4789b42c2bf613c40475dc40bec28d99 .av-section-color-overlay{\nopacity:0.7;\nbackground-color:#000000;\n}\n<\/style>\n<div id='av_section_1'  class='avia-section av-3qmbv8-4789b42c2bf613c40475dc40bec28d99 main_color avia-section-huge avia-no-border-styling  avia-builder-el-0  el_before_av_section  avia-builder-el-first  avia-full-stretch avia-bg-style-scroll av-section-color-overlay-active container_wrap fullsize'  data-section-bg-repeat='stretch'><div class=\"av-section-color-overlay-wrap\"><div class=\"av-section-color-overlay\"><\/div><div class='container av-section-cont-open' ><main  role=\"main\" itemprop=\"mainContentOfPage\"  class='template-page content  av-content-full alpha units'><div class='post-entry post-entry-type-page post-entry-212'><div class='entry-content-wrapper clearfix'>\n<\/div><\/div><\/main><!-- close content main element --><\/div><\/div><\/div>\n<style type=\"text\/css\" data-created_by=\"avia_inline_auto\" id=\"style-css-av-12o4oc-e5089e8b69ad6cb43e2f1106d10c31b5\">\n.avia-section.av-12o4oc-e5089e8b69ad6cb43e2f1106d10c31b5 .av-section-color-overlay{\nopacity:0.5;\nbackground-color:#000000;\nbackground-image:url(http:\/\/oem.yumacountysheriff.net\/wp-content\/themes\/enfold\/images\/background-images\/grunge-light.png);\nbackground-repeat:repeat;\n}\n.avia-section.av-12o4oc-e5089e8b69ad6cb43e2f1106d10c31b5 .av-extra-border-element .av-extra-border-inner{\nbackground-color:#111111;\n}\n<\/style>\n<div id='av_section_2'  class='avia-section av-12o4oc-e5089e8b69ad6cb43e2f1106d10c31b5 main_color avia-section-large avia-no-border-styling  avia-builder-el-1  el_after_av_section  el_before_av_section  avia-bg-style-scroll av-section-color-overlay-active av-arrow-down-section container_wrap fullsize'  ><div class=\"av-section-color-overlay-wrap\"><div class=\"av-section-color-overlay\"><\/div><div class='container av-section-cont-open' ><div class='template-page content  av-content-full alpha units'><div class='post-entry post-entry-type-page post-entry-212'><div class='entry-content-wrapper clearfix'>\n\n<style type=\"text\/css\" data-created_by=\"avia_inline_auto\" id=\"style-css-av-8yfoa-ee670ca4d506ec6a367b85a41c6eaaed\">\n#top .av-special-heading.av-8yfoa-ee670ca4d506ec6a367b85a41c6eaaed{\npadding-bottom:0;\ncolor:#ffffff;\nfont-size:90px;\n}\nbody .av-special-heading.av-8yfoa-ee670ca4d506ec6a367b85a41c6eaaed .av-special-heading-tag .heading-char{\nfont-size:25px;\n}\n#top #wrap_all .av-special-heading.av-8yfoa-ee670ca4d506ec6a367b85a41c6eaaed .av-special-heading-tag{\nfont-size:90px;\n}\n.av-special-heading.av-8yfoa-ee670ca4d506ec6a367b85a41c6eaaed .special-heading-inner-border{\nborder-color:#ffffff;\n}\n.av-special-heading.av-8yfoa-ee670ca4d506ec6a367b85a41c6eaaed .av-subheading{\nfont-size:15px;\n}\n\n@media only screen and (min-width: 480px) and (max-width: 767px){ \n#top #wrap_all .av-special-heading.av-8yfoa-ee670ca4d506ec6a367b85a41c6eaaed .av-special-heading-tag{\nfont-size:0.8em;\n}\n}\n\n@media only screen and (max-width: 479px){ \n#top #wrap_all .av-special-heading.av-8yfoa-ee670ca4d506ec6a367b85a41c6eaaed .av-special-heading-tag{\nfont-size:0.8em;\n}\n}\n<\/style>\n<div  class='av-special-heading av-8yfoa-ee670ca4d506ec6a367b85a41c6eaaed av-special-heading-h1 custom-color-heading blockquote modern-quote modern-centered  avia-builder-el-2  el_before_av_textblock  avia-builder-el-first  av-inherit-size av-linked-heading'><h1 class='av-special-heading-tag'  itemprop=\"headline\"  >Oficina de Gesti\u00f3n de Emergencias del Condado de Yuma<\/h1><div class=\"special-heading-border\"><div class=\"special-heading-inner-border\"><\/div><\/div><\/div>\n<section  class='av_textblock_section av-jviv711q-123afeb7858a00cc8c68aae99b0f333c'   itemscope=\"itemscope\" itemtype=\"https:\/\/schema.org\/CreativeWork\" ><div class='avia_textblock'  itemprop=\"text\" ><p>\u00a1Bienvenido a la Oficina de Gesti\u00f3n de Emergencias del Condado de Yuma! Nuestro sitio web est\u00e1 lleno de recursos que son de gran ayuda cuando ocurren emergencias, pero lo m\u00e1s importante es que cuenta con recursos de preparaci\u00f3n previos al desastre. La Oficina de Gesti\u00f3n de Emergencias alienta a todos nuestros ciudadanos a educarse y prepararse antes de que ocurra un desastre. En este sentido, lo invitamos a ver nuestros documentos, seguir las actualizaciones, y participar en las capacitaciones que ofrecemos con el fin de garantizar que usted y su comunidad est\u00e1n tan preparados como sea posible frente a un desastre natural.<\/p>\n<p>Por favor, t\u00f3mese un tiempo y explore los distintos recursos que tiene este sitio web, incluyendo ready.gov y el documento de Evaluaci\u00f3n de Preparaci\u00f3n para Emergencias de Colorado (CEPA). <a style=\"color: #fff; text-decoration: underline;\" href=\"https:\/\/www.ready.gov\/es\" target=\"_blank\" rel=\"noopener\">www.Ready.gov<\/a> y el <a style=\"color: #fff; text-decoration: underline;\" href=\"\/wp-content\/uploads\/2026\/01\/CEPA_Yuma_Report _2024.pdf\" target=\"_blank\" rel=\"noopener noreferrer\">Evaluaci\u00f3n de Preparaci\u00f3n para\nEmergencias de Colorado<\/a>.<\/p>\n<\/div><\/section>\n\n<\/div><\/div><\/div><!-- close content main div --><\/div><div class='av-extra-border-element border-extra-arrow-down'><div class='av-extra-border-outer'><div class='av-extra-border-inner'><\/div><\/div><\/div><\/div><\/div>\n<style type=\"text\/css\" data-created_by=\"avia_inline_auto\" id=\"style-css-av-1gbsis-8255f76c7d1753487e07d357d9581051\">\n.avia-section.av-1gbsis-8255f76c7d1753487e07d357d9581051{\nmargin-top:0px;\nmargin-bottom:0px;\n}\n.avia-section.av-1gbsis-8255f76c7d1753487e07d357d9581051 .av-section-color-overlay{\nopacity:0.5;\nbackground-image:url(http:\/\/oem.yumacountysheriff.net\/wp-content\/themes\/enfold\/images\/background-images\/grunge-big-light.png);\nbackground-repeat:repeat;\n}\n<\/style>\n<div id='newsletter'  class='avia-section av-1gbsis-8255f76c7d1753487e07d357d9581051 main_color avia-section-large avia-no-border-styling  avia-builder-el-4  el_after_av_section  el_before_av_section  avia-bg-style-scroll av-section-color-overlay-active container_wrap fullsize'  ><div class=\"av-section-color-overlay-wrap\"><div class=\"av-section-color-overlay\"><\/div><div class='container av-section-cont-open' ><div class='template-page content  av-content-full alpha units'><div class='post-entry post-entry-type-page post-entry-212'><div class='entry-content-wrapper clearfix'>\n\n<style type=\"text\/css\" data-created_by=\"avia_inline_auto\" id=\"style-css-av-cz3r0-88e9520de6711d789f4579f217b79cc7\">\n#top .av-special-heading.av-cz3r0-88e9520de6711d789f4579f217b79cc7{\npadding-bottom:40px;\nfont-size:50px;\n}\nbody .av-special-heading.av-cz3r0-88e9520de6711d789f4579f217b79cc7 .av-special-heading-tag .heading-char{\nfont-size:25px;\n}\n#top #wrap_all .av-special-heading.av-cz3r0-88e9520de6711d789f4579f217b79cc7 .av-special-heading-tag{\nfont-size:50px;\n}\n.av-special-heading.av-cz3r0-88e9520de6711d789f4579f217b79cc7 .av-subheading{\nfont-size:15px;\n}\n\n@media only screen and (min-width: 480px) and (max-width: 767px){ \n#top #wrap_all .av-special-heading.av-cz3r0-88e9520de6711d789f4579f217b79cc7 .av-special-heading-tag{\nfont-size:0.8em;\n}\n}\n\n@media only screen and (max-width: 479px){ \n#top #wrap_all .av-special-heading.av-cz3r0-88e9520de6711d789f4579f217b79cc7 .av-special-heading-tag{\nfont-size:0.8em;\n}\n}\n<\/style>\n<div  class='av-special-heading av-cz3r0-88e9520de6711d789f4579f217b79cc7 av-special-heading-h2 blockquote modern-quote modern-centered  avia-builder-el-5  el_before_av_one_fourth  avia-builder-el-first  av-inherit-size av-linked-heading'><h2 class='av-special-heading-tag'  itemprop=\"headline\"  >Compru\u00e9belo<\/h2><div class=\"special-heading-border\"><div class=\"special-heading-inner-border\"><\/div><\/div><\/div>\n\n<style type=\"text\/css\" data-created_by=\"avia_inline_auto\" id=\"style-css-av-87j1w-5210842f6455b86a1fec2b34118a32fd\">\n.flex_column.av-87j1w-5210842f6455b86a1fec2b34118a32fd{\nborder-radius:0px 0px 0px 0px;\npadding:0px 0px 0px 0px;\n}\n<\/style>\n<div  class='flex_column av-87j1w-5210842f6455b86a1fec2b34118a32fd av_one_fourth  avia-builder-el-6  el_after_av_heading  el_before_av_one_fourth  first flex_column_div av-zero-column-padding'     ><\/div>\n<style type=\"text\/css\" data-created_by=\"avia_inline_auto\" id=\"style-css-av-yqspo-21c7ed5879a1c932d28d05adcdb84ab0\">\n.flex_column.av-yqspo-21c7ed5879a1c932d28d05adcdb84ab0{\nborder-radius:0px 0px 0px 0px;\npadding:0px 0px 0px 0px;\n}\n<\/style>\n<div  class='flex_column av-yqspo-21c7ed5879a1c932d28d05adcdb84ab0 av_one_fourth  avia-builder-el-7  el_after_av_one_fourth  el_before_av_one_fourth  flex_column_div av-zero-column-padding'     ><section  class='av_textblock_section av-mmf1xwwm-d03f036df5c06dbb8efbd75a05c8c3fa'   itemscope=\"itemscope\" itemtype=\"https:\/\/schema.org\/CreativeWork\" ><div class='avia_textblock'  itemprop=\"text\" ><p><center><a href=\"https:\/\/signup.hyper-reach.com\/hyper_reach\/sign_up_page_2\/?id=116166\" target=\"_blank\" rel=\"noopener\"><img decoding=\"async\" class=\"alignnone size-full wp-image-519\" src=\"\/wp-content\/uploads\/2026\/03\/alert.jpg\" alt=\"Sign Up for Weather and Community Alerts\" \/><\/a><\/center><\/p>\n<\/div><\/section><\/div>\n<style type=\"text\/css\" data-created_by=\"avia_inline_auto\" id=\"style-css-av-cq7j8-949bde92b0614f63437d49c49aa09e34\">\n.flex_column.av-cq7j8-949bde92b0614f63437d49c49aa09e34{\nborder-radius:0px 0px 0px 0px;\npadding:0px 0px 0px 0px;\n}\n<\/style>\n<div  class='flex_column av-cq7j8-949bde92b0614f63437d49c49aa09e34 av_one_fourth  avia-builder-el-9  el_after_av_one_fourth  avia-builder-el-last  flex_column_div av-zero-column-padding'     ><section  class='av_textblock_section av-qy2k-94f65f8465054c66412b2264aeb8b6f4'   itemscope=\"itemscope\" itemtype=\"https:\/\/schema.org\/CreativeWork\" ><div class='avia_textblock'  itemprop=\"text\" ><p><center><a href=\"https:\/\/www.facebook.com\/NWSGoodland\/?fref=ts\" target=\"_blank\" rel=\"noopener\"><img loading=\"lazy\" decoding=\"async\" class=\"alignnone size-full wp-image-519\" src=\"http:\/\/oem.yumacountysheriff.net\/wp-content\/uploads\/2021\/06\/NWS-Goodland-Weather-Office.jpg\" alt=\"Goodland Kansas Weather Office Facebook Page\" width=\"300\" height=\"119\" \/><\/a><\/center><\/p>\n<\/div><\/section><\/div><\/div><\/div><\/div><!-- close content main div --><\/div><\/div><\/div>\n<style type=\"text\/css\" data-created_by=\"avia_inline_auto\" id=\"style-css-av-9y01as-fce0a6cd944e102688f13534ba9507fc\">\n.avia-section.av-9y01as-fce0a6cd944e102688f13534ba9507fc .av-extra-border-element .av-extra-border-inner{\nbackground-color:#ffffff;\n}\n<\/style>\n<div id='av_section_4'  class='avia-section av-9y01as-fce0a6cd944e102688f13534ba9507fc alternate_color avia-section-large avia-no-border-styling  avia-builder-el-11  el_after_av_section  avia-builder-el-last  avia-bg-style-scroll av-arrow-down-section container_wrap fullsize'  ><div class='container av-section-cont-open' ><div class='template-page content  av-content-full alpha units'><div class='post-entry post-entry-type-page post-entry-212'><div class='entry-content-wrapper clearfix'>\n\n<style type=\"text\/css\" data-created_by=\"avia_inline_auto\" id=\"style-css-av-947f3o-8858a2d41a35e43ab9a521df46a716dc\">\n.flex_column.av-947f3o-8858a2d41a35e43ab9a521df46a716dc{\nborder-radius:0px 0px 0px 0px;\npadding:0px 0px 0px 0px;\n}\n<\/style>\n<div  class='flex_column av-947f3o-8858a2d41a35e43ab9a521df46a716dc av_one_half  avia-builder-el-12  el_before_av_one_half  avia-builder-el-first  first flex_column_div av-zero-column-padding'     ><p>\n<style type=\"text\/css\" data-created_by=\"avia_inline_auto\" id=\"style-css-av-7xe30-59805cba00c92274ade4c47c55b1c280\">\n#top .av-special-heading.av-7xe30-59805cba00c92274ade4c47c55b1c280{\npadding-bottom:0;\nfont-size:50px;\n}\nbody .av-special-heading.av-7xe30-59805cba00c92274ade4c47c55b1c280 .av-special-heading-tag .heading-char{\nfont-size:25px;\n}\n#top #wrap_all .av-special-heading.av-7xe30-59805cba00c92274ade4c47c55b1c280 .av-special-heading-tag{\nfont-size:50px;\n}\n.av-special-heading.av-7xe30-59805cba00c92274ade4c47c55b1c280 .av-subheading{\nfont-size:15px;\n}\n\n@media only screen and (min-width: 480px) and (max-width: 767px){ \n#top #wrap_all .av-special-heading.av-7xe30-59805cba00c92274ade4c47c55b1c280 .av-special-heading-tag{\nfont-size:0.8em;\n}\n}\n\n@media only screen and (max-width: 479px){ \n#top #wrap_all .av-special-heading.av-7xe30-59805cba00c92274ade4c47c55b1c280 .av-special-heading-tag{\nfont-size:0.8em;\n}\n}\n<\/style>\n<div  class='av-special-heading av-7xe30-59805cba00c92274ade4c47c55b1c280 av-special-heading-h3 blockquote modern-quote modern-centered  avia-builder-el-13  el_before_av_hr  avia-builder-el-first  av-inherit-size av-linked-heading'><h3 class='av-special-heading-tag'  itemprop=\"headline\"  >Jake Rockwell<\/h3><div class=\"special-heading-border\"><div class=\"special-heading-inner-border\"><\/div><\/div><\/div><br \/>\n\n<style type=\"text\/css\" data-created_by=\"avia_inline_auto\" id=\"style-css-av-9p6vv0-5007c0a5087873b95357dd7d52797c84\">\n#top .hr.av-9p6vv0-5007c0a5087873b95357dd7d52797c84{\nmargin-top:15px;\nmargin-bottom:40px;\n}\n.hr.av-9p6vv0-5007c0a5087873b95357dd7d52797c84 .hr-inner{\nwidth:50px;\nborder-color:#000000;\nmax-width:45%;\n}\n.hr.av-9p6vv0-5007c0a5087873b95357dd7d52797c84 .av-seperator-icon{\ncolor:#d63e2d;\n}\n.hr.av-9p6vv0-5007c0a5087873b95357dd7d52797c84 .av-seperator-icon.avia-svg-icon svg:first-child{\nfill:#d63e2d;\nstroke:#d63e2d;\n}\n<\/style>\n<div  class='hr av-9p6vv0-5007c0a5087873b95357dd7d52797c84 hr-custom  avia-builder-el-14  el_after_av_heading  el_before_av_textblock  hr-center hr-icon-yes'><span class='hr-inner inner-border-av-border-fat'><span class=\"hr-inner-style\"><\/span><\/span><span class='av-seperator-icon avia-iconfont avia-font-entypo-fontello' data-av_icon='\ue8b4' data-av_iconfont='entypo-fontello' ><\/span><span class='hr-inner inner-border-av-border-fat'><span class=\"hr-inner-style\"><\/span><\/span><\/div><br \/>\n<section  class='av_textblock_section av-jviv711q-2-325297cda9f83a4f24d94ae1b2441039'   itemscope=\"itemscope\" itemtype=\"https:\/\/schema.org\/CreativeWork\" ><div class='avia_textblock'  itemprop=\"text\" ><p><center><strong>Director de Emergencias<\/strong><br \/>\nOficina de Gesti\u00f3n de Emergencias del Condado de Yuma<br \/>\nOficial de Contacto para las Amenazas<br \/>\n310 Ash Street, Suite J<br \/>\nWray, CO 80758<\/center>Tel\u00e9fono Celular: 970-630-3799<\/p>\n<p>Correo Electr\u00f3nico: <a class=\"moz-txt-link-abbreviated\" href=\"mailto:jrockwell@yumacountyco.gov\">jrockwell@yumacountyco.gov<\/a><\/p>\n<\/div><\/section><\/p><\/div>\n<style type=\"text\/css\" data-created_by=\"avia_inline_auto\" id=\"style-css-av-7l32dg-f7c3dc370c7bc8323a768fb0a4521e6b\">\n.flex_column.av-7l32dg-f7c3dc370c7bc8323a768fb0a4521e6b{\nborder-radius:0px 0px 0px 0px;\npadding:0px 0px 0px 0px;\n}\n<\/style>\n<div  class='flex_column av-7l32dg-f7c3dc370c7bc8323a768fb0a4521e6b av_one_half  avia-builder-el-16  el_after_av_one_half  avia-builder-el-last  flex_column_div av-zero-column-padding'     ><section  class='av_textblock_section av-jviv711q-1-ccb87be6bfbf6488d4d1f56546e374e4'   itemscope=\"itemscope\" itemtype=\"https:\/\/schema.org\/CreativeWork\" ><div class='avia_textblock'  itemprop=\"text\" ><div class=\"thim-widget-heading thim-widget-heading-base\">\n<div class=\"sc_heading text-left\" style=\"padding-top: 20px; margin-bottom: 0; padding-bottom: 0;\">\n<h3 style=\"font-size: 30px; font-weight: 300;\">Pr\u00f3ximas Oportunidades de Capacitaci\u00f3n en Gesti\u00f3n de Emergencias<\/h3>\n<p>Algunas oportunidades de capacitaci\u00f3n tienen requisitos m\u00ednimos de participaci\u00f3n. Se considera que todas las capacitaciones est\u00e1n pendientes hasta que se alcancen los requisitos m\u00ednimos de inscripci\u00f3n.<\/p>\n<p><!--There are no events at this time. Please check back.--><\/p>\n<\/div>\n<\/div>\n<p><iframe loading=\"lazy\" title=\"Google Calendar\" src=\"\/googlesidebar.php\" width=\"100%\" height=\"300\" frameborder=\"0\" allowfullscreen=\"allowfullscreen\"><\/iframe><br \/>\n<a href=\"\/es\/county-calendar\/\">Ver Todo<\/a><\/p>\n<\/div><\/section><\/div>\n<\/p>","protected":false},"excerpt":{"rendered":"","protected":false},"author":1,"featured_media":0,"parent":0,"menu_order":0,"comment_status":"open","ping_status":"closed","template":"","meta":{"footnotes":""},"class_list":["post-212","page","type-page","status-publish","hentry"],"_links":{"self":[{"href":"http:\/\/oem.yumacountysheriff.net\/es\/wp-json\/wp\/v2\/pages\/212","targetHints":{"allow":["GET"]}}],"collection":[{"href":"http:\/\/oem.yumacountysheriff.net\/es\/wp-json\/wp\/v2\/pages"}],"about":[{"href":"http:\/\/oem.yumacountysheriff.net\/es\/wp-json\/wp\/v2\/types\/page"}],"author":[{"embeddable":true,"href":"http:\/\/oem.yumacountysheriff.net\/es\/wp-json\/wp\/v2\/users\/1"}],"replies":[{"embeddable":true,"href":"http:\/\/oem.yumacountysheriff.net\/es\/wp-json\/wp\/v2\/comments?post=212"}],"version-history":[{"count":61,"href":"http:\/\/oem.yumacountysheriff.net\/es\/wp-json\/wp\/v2\/pages\/212\/revisions"}],"predecessor-version":[{"id":2367,"href":"http:\/\/oem.yumacountysheriff.net\/es\/wp-json\/wp\/v2\/pages\/212\/revisions\/2367"}],"wp:attachment":[{"href":"http:\/\/oem.yumacountysheriff.net\/es\/wp-json\/wp\/v2\/media?parent=212"}],"curies":[{"name":"wp","href":"https:\/\/api.w.org\/{rel}","templated":true}]}}