{"id":642,"date":"2019-06-12T00:45:22","date_gmt":"2019-06-12T00:45:22","guid":{"rendered":"http:\/\/op.yumacountysheriff.net\/?page_id=642"},"modified":"2026-01-03T16:20:45","modified_gmt":"2026-01-03T16:20:45","slug":"links","status":"publish","type":"page","link":"http:\/\/oem.yumacountysheriff.net\/es\/links\/","title":{"rendered":"Recursos y Enlaces"},"content":{"rendered":"<style type=\"text\/css\" data-created_by=\"avia_inline_auto\" id=\"style-css-av-3qmbv8-6584a0819453f80150866d4f63ab1b11\">\n.avia-section.av-3qmbv8-6584a0819453f80150866d4f63ab1b11{\nbackground-repeat:no-repeat;\nbackground-image:url(http:\/\/oem.yumacountysheriff.net\/wp-content\/uploads\/2019\/08\/Matt-Vincent-Photography-1500x336.jpg);\nbackground-position:50% 50%;\nbackground-attachment:scroll;\n}\n.avia-section.av-3qmbv8-6584a0819453f80150866d4f63ab1b11 .av-section-color-overlay{\nopacity:0.7;\nbackground-color:#000000;\n}\n<\/style>\n<div id='av_section_1'  class='avia-section av-3qmbv8-6584a0819453f80150866d4f63ab1b11 main_color avia-section-huge avia-no-border-styling  avia-builder-el-0  el_before_av_section  avia-builder-el-first  avia-full-stretch avia-bg-style-scroll av-section-color-overlay-active container_wrap fullsize'  data-section-bg-repeat='stretch'><div class=\"av-section-color-overlay-wrap\"><div class=\"av-section-color-overlay\"><\/div><div class='container av-section-cont-open' ><main  role=\"main\" itemprop=\"mainContentOfPage\"  class='template-page content  av-content-full alpha units'><div class='post-entry post-entry-type-page post-entry-642'><div class='entry-content-wrapper clearfix'>\n\n<style type=\"text\/css\" data-created_by=\"avia_inline_auto\" id=\"style-css-av-jwsihgnz-14e2708dbfae116c4eefe140652fb0e4\">\n#top .av-special-heading.av-jwsihgnz-14e2708dbfae116c4eefe140652fb0e4{\npadding-bottom:0;\nfont-size:90px;\n}\nbody .av-special-heading.av-jwsihgnz-14e2708dbfae116c4eefe140652fb0e4 .av-special-heading-tag .heading-char{\nfont-size:25px;\n}\n#top #wrap_all .av-special-heading.av-jwsihgnz-14e2708dbfae116c4eefe140652fb0e4 .av-special-heading-tag{\nfont-size:90px;\n}\n.av-special-heading.av-jwsihgnz-14e2708dbfae116c4eefe140652fb0e4 .av-subheading{\nfont-size:15px;\n}\n\n@media only screen and (min-width: 480px) and (max-width: 767px){ \n#top #wrap_all .av-special-heading.av-jwsihgnz-14e2708dbfae116c4eefe140652fb0e4 .av-special-heading-tag{\nfont-size:0.8em;\n}\n}\n\n@media only screen and (max-width: 479px){ \n#top #wrap_all .av-special-heading.av-jwsihgnz-14e2708dbfae116c4eefe140652fb0e4 .av-special-heading-tag{\nfont-size:0.8em;\n}\n}\n<\/style>\n<div  class='av-special-heading av-jwsihgnz-14e2708dbfae116c4eefe140652fb0e4 av-special-heading-h1 blockquote modern-quote modern-centered  avia-builder-el-1  avia-builder-el-no-sibling  av-inherit-size av-linked-heading'><h1 class='av-special-heading-tag'  itemprop=\"headline\"  >Enlaces<\/h1><div class=\"special-heading-border\"><div class=\"special-heading-inner-border\"><\/div><\/div><\/div>\n\n<\/div><\/div><\/main><!-- close content main element --><\/div><\/div><\/div>\n<style type=\"text\/css\" data-created_by=\"avia_inline_auto\" id=\"style-css-av-3frif8-6e12c60aec47db5648ca0abb57fb9ed1\">\n.avia-section.av-3frif8-6e12c60aec47db5648ca0abb57fb9ed1 .av-section-color-overlay{\nopacity:0.7;\nbackground-color:#000000;\nbackground-image:url(http:\/\/oem.yumacountysheriff.net\/wp-content\/themes\/enfold\/images\/background-images\/grunge-big-light.png);\nbackground-repeat:repeat;\n}\n.avia-section.av-3frif8-6e12c60aec47db5648ca0abb57fb9ed1 .av-extra-border-element .av-extra-border-inner{\nbackground-color:#111111;\n}\n<\/style>\n<div id='av_section_2'  class='avia-section av-3frif8-6e12c60aec47db5648ca0abb57fb9ed1 main_color avia-section-huge avia-no-border-styling  avia-builder-el-2  el_after_av_section  avia-builder-el-last  avia-bg-style-fixed av-section-color-overlay-active av-arrow-down-section container_wrap fullsize'  ><div class=\"av-section-color-overlay-wrap\"><div class=\"av-section-color-overlay\"><\/div><div class='container av-section-cont-open' ><div class='template-page content  av-content-full alpha units'><div class='post-entry post-entry-type-page post-entry-642'><div class='entry-content-wrapper clearfix'>\n\n<style type=\"text\/css\" data-created_by=\"avia_inline_auto\" id=\"style-css-av-37ozbg-8cea28c9c7b0393bb5471d82a3760a8a\">\n.flex_column.av-37ozbg-8cea28c9c7b0393bb5471d82a3760a8a{\nborder-radius:0px 0px 0px 0px;\npadding:0px 0px 0px 0px;\n}\n<\/style>\n<div  class='flex_column av-37ozbg-8cea28c9c7b0393bb5471d82a3760a8a av_one_third  avia-builder-el-3  el_before_av_one_third  avia-builder-el-first  first flex_column_div av-zero-column-padding'     ><section  class='av_textblock_section av-2ylr84-0cce2e98fa12a8fc370ec999da852817'   itemscope=\"itemscope\" itemtype=\"https:\/\/schema.org\/CreativeWork\" ><div class='avia_textblock'  itemprop=\"text\" ><h2>Enlaces Comunitarios<\/h2>\n<ul>\n<li><a href=\"https:\/\/cityofwray.org\/\" target=\"_blank\" rel=\"noopener noreferrer\">Ciudad de Wray, CO<\/a><\/li>\n<li><a href=\"http:\/\/www.yumacolo.org\" target=\"_blank\" rel=\"noopener noreferrer\">Ciudad de Yuma, CO<\/a><\/li>\n<li><a href=\"http:\/\/www.nchd.org\/\" target=\"_blank\" rel=\"noopener noreferrer\">Departamento de Salud del Noreste de Colorado<\/a><\/li>\n<li><a href=\"http:\/\/wycomm.org\/\" target=\"_blank\" rel=\"noopener noreferrer\">W-Y Communications<\/a><\/li>\n<li><a href=\"http:\/\/www.yumacountysheriff.net\" rel=\"noopener noreferrer target=\">Alguacil del Condado de Yuma<\/a><\/li>\n<li><a href=\"http:\/\/www.yumacounty.net\" target=\"_blank\" rel=\"noopener noreferrer\">Condado de Yuma, CO<\/a><\/li>\n<\/ul>\n<\/div><\/section><br \/>\n<section  class='av_textblock_section av-2ylr84-5-d4d38b46727b10b833f1b09a84f75d95'   itemscope=\"itemscope\" itemtype=\"https:\/\/schema.org\/CreativeWork\" ><div class='avia_textblock'  itemprop=\"text\" ><h2>Preparaci\u00f3n para<\/h2>\n<ul>\n<li><a href=\"https:\/\/www.ready.gov\/es\/kit\" target=\"_blank\" rel=\"noopener noreferrer\">Prepare un kit de suministros<\/a><\/li>\n<li><a href=\"http:\/\/www.dhsem.state.co.us\/prevention-security\/ciac\" target=\"_blank\" rel=\"noopener noreferrer\">CIAC- Centro de An\u00e1lisis de Informaci\u00f3n del Estado de Colorado<\/a><\/li>\n<li><a href=\"https:\/\/covolunteers.state.co.us\/\" target=\"_blank\" rel=\"noopener noreferrer\">Movilizaci\u00f3n de Voluntarios en el Estado de Colorado<\/a><\/li>\n<li><a href=\"http:\/\/www.coemergency.com\/\" target=\"_blank\" rel=\"noopener noreferrer\">Emergencias en el Estado de Colorado<\/a><\/li>\n<li><a href=\"http:\/\/www.cotrip.org\" target=\"_blank\" rel=\"noopener noreferrer\">COTRIP.org<\/a><\/li>\n<li><a href=\"http:\/\/www.emergencyemail.org\/add.asp?src=&amp;lc=25081\" target=\"_blank\" rel=\"noopener noreferrer\">Alertas de Emergencia por Correo Electr\u00f3nico<\/a><\/li>\n<li><a href=\"http:\/\/www.dhsem.state.co.us\/\" target=\"_blank\" rel=\"noopener noreferrer\">Seguridad Nacional - Estado de Colorado<\/a><\/li>\n<li><a href=\"https:\/\/montemlife.com\/how-to-make-a-survival-kit\/\" target=\"_blank\" rel=\"noopener noreferrer\">C\u00f3mo Hacer un Kit de Supervivencia: Una Lista Completa<\/a><\/li>\n<li><a href=\"https:\/\/www.ready.gov\/es\/haga-un-plan\" target=\"_blank\" rel=\"noopener noreferrer\">Haga un Plan<\/a><\/li>\n<li><a href=\"https:\/\/www.ready.gov\/es\" target=\"_blank\" rel=\"noopener noreferrer\">Ready.gov<\/a><\/li>\n<li><a href=\"\/wp-content\/uploads\/2021\/06\/Weather_Spotters_Field_Guide_in_Spanish.pdf\" target=\"_blank\" rel=\"noopener noreferrer\">Gu\u00eda Pr\u00e1ctica del Observador del Tiempo<\/a><\/li>\n<\/ul>\n<\/div><\/section><\/p><\/div>\n<style type=\"text\/css\" data-created_by=\"avia_inline_auto\" id=\"style-css-av-37ozbg-6-a04b3c38a77e2aa0df9f3b1767f1d4e5\">\n.flex_column.av-37ozbg-6-a04b3c38a77e2aa0df9f3b1767f1d4e5{\nborder-radius:0px 0px 0px 0px;\npadding:0px 0px 0px 0px;\n}\n<\/style>\n<div  class='flex_column av-37ozbg-6-a04b3c38a77e2aa0df9f3b1767f1d4e5 av_one_third  avia-builder-el-6  el_after_av_one_third  el_before_av_one_third  flex_column_div av-zero-column-padding'     ><section  class='av_textblock_section av-2ylr84-4-da80271fe973145e52848fe9944a38e7'   itemscope=\"itemscope\" itemtype=\"https:\/\/schema.org\/CreativeWork\" ><div class='avia_textblock'  itemprop=\"text\" ><h2>Medios de comunicaci\u00f3n<\/h2>\n<ul>\n<li><a href=\"http:\/\/knecradio.com\/\" target=\"_blank\" rel=\"noopener\">Radio KNEC<\/a><\/li>\n<li><a href=\"http:\/\/www.krdz.com\/\" target=\"_blank\" rel=\"noopener\">Radio KRDZ<\/a><\/li>\n<li><a href=\"https:\/\/www.facebook.com\/thewraygazette\" target=\"_blank\" rel=\"noopener\">Gaceta de Wray<\/a><\/li>\n<li><a href=\"http:\/\/www.yumapioneer.com\/\" target=\"_blank\" rel=\"noopener\">Yuma Pioneer<\/a><\/li>\n<\/ul>\n<\/div><\/section><br \/>\n<section  class='av_textblock_section av-7g61m-b01d4a208c71a2e26387e8300d1882c8'   itemscope=\"itemscope\" itemtype=\"https:\/\/schema.org\/CreativeWork\" ><div class='avia_textblock'  itemprop=\"text\" ><h2>Conservaci\u00f3n del Agua<\/h2>\n<ul>\n<li><a href=\"https:\/\/linkprotect.cudasvc.com\/url?a=https%3a%2f%2fkayplumbing.com%2fplumbing-blog%2fwater-conservation-why-saving-water-is-important%2f&amp;c=E,1,JjawZbKN2i6-_FZ2yFllKlCxeegDWd0lEIQsQelUByb-nz2YChr3qUdRfVhqES4SE6P2w0ewWunaiRQWWxVZ0XNfiZPLOA0_TdL7EZ7O7A,,&amp;typo=1\" target=\"_blank\" rel=\"noopener\">Conservaci\u00f3n del Agua: Por qu\u00e9 es Importante Ahorrar Agua<\/a><\/li>\n<li><a href=\"https:\/\/www.csmonitor.com\/Business\/The-Simple-Dollar\/2012\/0904\/How-conserving-water-affects-your-wallet-5-ways\" target=\"_blank\" rel=\"noopener\">C\u00f3mo afecta el ahorro de agua a su bolsillo: 5 maneras<\/a><\/li>\n<li><a href=\"https:\/\/linkprotect.cudasvc.com\/url?a=https%3a%2f%2fwww.hydropoint.com%2fblog%2fwater-energy-conservation%2f&amp;c=E,1,4gi86sncmqDMsnsYrg9LPHECAHOD2uYfYEsqDaXubr_d0vsd4azMOAPZfxUp0ZAMZe-Ie9Ph2xfxtFRVPELheGIQaCtiOauQAE9vnc2yWjGzlSaSPH1zeQM,&amp;typo=1\" target=\"_blank\" rel=\"noopener\">C\u00f3mo la conservaci\u00f3n del agua ahorra energ\u00eda y reduce los gases del efecto invernadero<\/a><\/li>\n<li><a href=\"https:\/\/linkprotect.cudasvc.com\/url?a=https%3a%2f%2fbasq.livelarq.com%2fsustainability%2f32-ways-to-conserve-water-at-home%2f&amp;c=E,1,GOcl8NhsX6p37dL2AGXdvOlw-X1fPHJajt84Smf7CN_ta9MGMsrY1EjSori0b7ixwIGHedy9RwUsyEEYy7tiT3qtyhv0NqKzhZUHY8heCi6YqUjV&amp;typo=1\" target=\"_blank\" rel=\"noopener\">32 Maneras de Ahorrar Agua en Casa<\/a><\/li>\n<li><a href=\"https:\/\/linkprotect.cudasvc.com\/url?a=https%3a%2f%2fwww.thespruce.com%2fwater-saving-devices-install-yourself-4096495&amp;c=E,1,eEMpLP5DMtlYQghhRDDDxqVgmWiqTvu0xG7J1vLQOn_CmaXP9mOsbZFk6y3OeYBe0gkyl4e9gCiSamW80cU2yMMf39y9wOUCi1HvChwnxNrtmT123_m0NZIPNtTg&amp;typo=1\" target=\"_blank\" rel=\"noopener\">10 Dispositivos que Permiten Ahorrar Agua y que Puede Instalar Usted Mismo<\/a><\/li>\n<li><a href=\"https:\/\/blog.constellation.com\/2017\/06\/23\/best-low-flow-shower-heads\/\" target=\"_blank\" rel=\"noopener\">C\u00f3mo Elegir una Ducha de Bajo Flujo<\/a><\/li>\n<li><a href=\"https:\/\/linkprotect.cudasvc.com\/url?a=https%3a%2f%2fwww.mortgagecalculator.org%2fhelpful-advice%2fenergy-efficient-mortgages.php&amp;c=E,1,fP32LcftUkpTBZ9kFxyN7RyX3roUXwvLWmr5dvYZtbUw7_MkAjAFTp_k6BZcE8MbRCEBSN0Rr90pJ3UGIzuhASaDDKoW7LHLzfHpfC_zFSQHyr3dw1I,&amp;typo=1\" target=\"_blank\" rel=\"noopener\">La Gu\u00eda para los Propietarios de Hipotecas Energ\u00e9ticamente Eficientes<\/a><\/li>\n<li><a href=\"https:\/\/linkprotect.cudasvc.com\/url?a=https%3a%2f%2fwww.plushbeds.com%2fblogs%2fgreen-sleep%2f13-ways-to-implement-water-conservation-in-your-garden&amp;c=E,1,ZIWnNg1FtybcOPSRILS7ZnaaaEjLTMJMVAd5rt8PDfdcduOXdwvKQGMmSa4T59FTqaCIiijophtDmjUun2hKv1nIIgcLCrezfuV020qYhrXXBWs,&amp;typo=1\" target=\"_blank\" rel=\"noopener\">13 Maneras de Conservar el Agua de su Jard\u00edn<\/a><\/li>\n<li><a href=\"https:\/\/linkprotect.cudasvc.com\/url?a=https%3a%2f%2fwww.rockethomes.com%2fblog%2fhomeowner-tips%2fxeriscape&amp;c=E,1,RmjuujYXHHTV7ZtPOxNNv8cX9aZ_BwIY7y-_oq6loDNvtlkUVvN5bWMCepc4HWz8WV10dCFxsSa6UH4zeZVMvxFXxyhJF78YgdI1uu9KJXHSjB3-J7s,&amp;typo=1\" target=\"_blank\" rel=\"noopener\">\u00bfQu\u00e9 es la xerojardinar\u00eda?<\/a><\/li>\n<\/ul>\n<\/div><\/section><\/p><\/div>\n<style type=\"text\/css\" data-created_by=\"avia_inline_auto\" id=\"style-css-av-37ozbg-3-403639f4c96ec1044e6ec2ee5ebe7dbc\">\n.flex_column.av-37ozbg-3-403639f4c96ec1044e6ec2ee5ebe7dbc{\nborder-radius:0px 0px 0px 0px;\npadding:0px 0px 0px 0px;\n}\n<\/style>\n<div  class='flex_column av-37ozbg-3-403639f4c96ec1044e6ec2ee5ebe7dbc av_one_third  avia-builder-el-9  el_after_av_one_third  avia-builder-el-last  flex_column_div av-zero-column-padding'     ><section  class='av_textblock_section av-2ylr84-2-868840ae3509b6f0161c329d51a4d659'   itemscope=\"itemscope\" itemtype=\"https:\/\/schema.org\/CreativeWork\" ><div class='avia_textblock'  itemprop=\"text\" ><h2>Colaboradores del Sitio Web<\/h2>\n<ul>\n<li><a href=\"http:\/\/www.coemergency.com\/\" rel=\"noopener noreferrer\">Oficina de Gesti\u00f3n de Emergencias del Colorado<\/a><\/li>\n<li><a href=\"http:\/\/www.yumacountysheriff.net\" rel=\"noopener noreferrer\">Oficina de Gesti\u00f3n de Emergencias<\/a><\/li>\n<li><a href=\"https:\/\/www.weather.gov\/gld\" rel=\"noopener noreferrer\">Goodland, KS<\/a><\/li>\n<\/ul>\n<\/div><\/section><br \/>\n<section  class='av_textblock_section av-2ylr84-1-94ea3e375466d9e23797cd0c3e5bf255'   itemscope=\"itemscope\" itemtype=\"https:\/\/schema.org\/CreativeWork\" ><div class='avia_textblock'  itemprop=\"text\" ><h2>Recursos Adicionales<\/h2>\n<ul>\n<li><a href=\"http:\/\/oem.yumacountysheriff.net\/wp-content\/uploads\/2021\/06\/CISM-Brochure_SP_06.27.2021.pdf\" target=\"_blank\" rel=\"noopener\">Equipo de Gesti\u00f3n del Estr\u00e9s en Incidentes Cr\u00edticos<\/a><\/li>\n<li><a href=\"https:\/\/www.fema.gov\/es\" target=\"_blank\" rel=\"noopener\">FEMA<\/a><\/li>\n<li><a href=\"https:\/\/twitter.com\/FEMAespanol\" target=\"_blank\" rel=\"noopener\">FEMA en Twitter<\/a><\/li>\n<li><a href=\"\/wp-content\/uploads\/2020\/06\/Public-Comment-Form.pdf\" target=\"_blank\" rel=\"noopener\">Formulario de Comentarios del P\u00fablico<\/a><\/li>\n<li><a href=\"https:\/\/www.redcross.org\/cruz-roja.html\" target=\"_blank\" rel=\"noopener\">Cruz Roja<\/a><\/li>\n<li><a href=\"https:\/\/theredguidetorecovery.com\/informacion-en-espanol\/\" target=\"_blank\" rel=\"noopener\">Recuperaci\u00f3n de Desastre<\/a><\/li>\n<\/ul>\n<\/div><\/section><\/p><\/div>","protected":false},"excerpt":{"rendered":"","protected":false},"author":1,"featured_media":0,"parent":0,"menu_order":0,"comment_status":"closed","ping_status":"closed","template":"","meta":{"footnotes":""},"class_list":["post-642","page","type-page","status-publish","hentry"],"_links":{"self":[{"href":"http:\/\/oem.yumacountysheriff.net\/es\/wp-json\/wp\/v2\/pages\/642","targetHints":{"allow":["GET"]}}],"collection":[{"href":"http:\/\/oem.yumacountysheriff.net\/es\/wp-json\/wp\/v2\/pages"}],"about":[{"href":"http:\/\/oem.yumacountysheriff.net\/es\/wp-json\/wp\/v2\/types\/page"}],"author":[{"embeddable":true,"href":"http:\/\/oem.yumacountysheriff.net\/es\/wp-json\/wp\/v2\/users\/1"}],"replies":[{"embeddable":true,"href":"http:\/\/oem.yumacountysheriff.net\/es\/wp-json\/wp\/v2\/comments?post=642"}],"version-history":[{"count":18,"href":"http:\/\/oem.yumacountysheriff.net\/es\/wp-json\/wp\/v2\/pages\/642\/revisions"}],"predecessor-version":[{"id":2350,"href":"http:\/\/oem.yumacountysheriff.net\/es\/wp-json\/wp\/v2\/pages\/642\/revisions\/2350"}],"wp:attachment":[{"href":"http:\/\/oem.yumacountysheriff.net\/es\/wp-json\/wp\/v2\/media?parent=642"}],"curies":[{"name":"wp","href":"https:\/\/api.w.org\/{rel}","templated":true}]}}